{"id":9214,"date":"2018-02-14T13:14:08","date_gmt":"2018-02-14T13:14:08","guid":{"rendered":"https:\/\/gulegulegiy.com\/?post_type=product&#038;p=9214"},"modified":"2025-06-15T08:22:49","modified_gmt":"2025-06-15T08:22:49","slug":"renkli-beyin-baskili-tisort-lacivert-erkek","status":"publish","type":"product","link":"https:\/\/gulegulegiy.com\/en\/urun\/renkli-beyin-baskili-tisort-lacivert-erkek\/","title":{"rendered":"Renkli Beyin Bask\u0131l\u0131 Ti\u015f\u00f6rt &#8211; Lacivert"},"content":{"rendered":"","protected":false},"excerpt":{"rendered":"<p>Yarat\u0131c\u0131 ve renkli bir beyine sahipsin \u00f6yle de\u011fil mi ?<br \/>\n%100 Pamuk, \u00fcst\u00fcn kalite kuma\u015f, \u00f6zenli dikim, ferah kal\u0131p, nefes alan su bazl\u0131 ekolojik bask\u0131\u2026<\/p>\n","protected":false},"featured_media":11223,"template":"","meta":{"jetpack_publicize_message":"","jetpack_publicize_feature_enabled":true,"jetpack_social_post_already_shared":true,"jetpack_social_options":{"image_generator_settings":{"template":"highway","default_image_id":0,"font":"","enabled":false},"version":2}},"product_brand":[],"product_cat":[884],"product_tag":[796,507,922,842,619],"class_list":{"0":"post-9214","1":"product","2":"type-product","3":"status-publish","4":"has-post-thumbnail","6":"product_cat-tasarim-tisort","7":"product_tag-baskili-tisort","8":"product_tag-beyin","9":"product_tag-erkek-model","10":"product_tag-lacivert","11":"product_tag-sanat","13":"first","14":"instock","15":"sale","16":"taxable","17":"shipping-taxable","18":"purchasable","19":"product-type-variable"},"yoast_head":"<!-- This site is optimized with the Yoast SEO plugin v26.4 - https:\/\/yoast.com\/wordpress\/plugins\/seo\/ -->\n<title>Renkli Beyin Bask\u0131l\u0131 Ti\u015f\u00f6rt - Lacivert - GuleGuleGiy Tshirt Hoodie Cap Jogger<\/title>\n<meta name=\"robots\" content=\"index, follow, max-snippet:-1, max-image-preview:large, max-video-preview:-1\" \/>\n<link rel=\"canonical\" href=\"https:\/\/gulegulegiy.com\/en\/urun\/renkli-beyin-baskili-tisort-lacivert-erkek\/\" \/>\n<meta property=\"og:locale\" content=\"en_US\" \/>\n<meta property=\"og:type\" content=\"article\" \/>\n<meta property=\"og:title\" content=\"Renkli Beyin Bask\u0131l\u0131 Ti\u015f\u00f6rt - Lacivert - GuleGuleGiy Tshirt Hoodie Cap Jogger\" \/>\n<meta property=\"og:description\" content=\"Yarat\u0131c\u0131 ve renkli bir beyine sahipsin \u00f6yle de\u011fil mi ? %100 Pamuk, \u00fcst\u00fcn kalite kuma\u015f, \u00f6zenli dikim, ferah kal\u0131p, nefes alan su bazl\u0131 ekolojik bask\u0131\u2026\" \/>\n<meta property=\"og:url\" content=\"https:\/\/gulegulegiy.com\/en\/urun\/renkli-beyin-baskili-tisort-lacivert-erkek\/\" \/>\n<meta property=\"og:site_name\" content=\"GuleGuleGiy Tshirt Hoodie Cap Jogger\" \/>\n<meta property=\"article:publisher\" content=\"https:\/\/www.facebook.com\/GuleGuleGiy\/\" \/>\n<meta property=\"article:modified_time\" content=\"2025-06-15T08:22:49+00:00\" \/>\n<meta property=\"og:image\" content=\"https:\/\/i0.wp.com\/gulegulegiy.com\/wp-content\/uploads\/2018\/02\/renkli-beyin-baskili-tshirt-baskisiz-tisort-yaptirma-toptam-imalat-uretim-merkezi-firmalar\u0131-erkek-modelleri-yakali-suprem-1.jpg?fit=2000%2C2000&ssl=1\" \/>\n\t<meta property=\"og:image:width\" content=\"2000\" \/>\n\t<meta property=\"og:image:height\" content=\"2000\" \/>\n\t<meta property=\"og:image:type\" content=\"image\/jpeg\" \/>\n<meta name=\"twitter:card\" content=\"summary_large_image\" \/>\n<meta name=\"twitter:site\" content=\"@gulegulegiy\" \/>\n<script type=\"application\/ld+json\" class=\"yoast-schema-graph\">{\"@context\":\"https:\/\/schema.org\",\"@graph\":[{\"@type\":\"WebPage\",\"@id\":\"https:\/\/gulegulegiy.com\/en\/urun\/renkli-beyin-baskili-tisort-lacivert-erkek\/\",\"url\":\"https:\/\/gulegulegiy.com\/en\/urun\/renkli-beyin-baskili-tisort-lacivert-erkek\/\",\"name\":\"Renkli Beyin Bask\u0131l\u0131 Ti\u015f\u00f6rt - Lacivert - GuleGuleGiy Tshirt Hoodie Cap Jogger\",\"isPartOf\":{\"@id\":\"https:\/\/gulegulegiy.com\/#website\"},\"primaryImageOfPage\":{\"@id\":\"https:\/\/gulegulegiy.com\/en\/urun\/renkli-beyin-baskili-tisort-lacivert-erkek\/#primaryimage\"},\"image\":{\"@id\":\"https:\/\/gulegulegiy.com\/en\/urun\/renkli-beyin-baskili-tisort-lacivert-erkek\/#primaryimage\"},\"thumbnailUrl\":\"https:\/\/i0.wp.com\/gulegulegiy.com\/wp-content\/uploads\/2018\/02\/renkli-beyin-baskili-tshirt-baskisiz-tisort-yaptirma-toptam-imalat-uretim-merkezi-firmalar%C4%B1-erkek-modelleri-yakali-suprem-1.jpg?fit=2000%2C2000&ssl=1\",\"datePublished\":\"2018-02-14T13:14:08+00:00\",\"dateModified\":\"2025-06-15T08:22:49+00:00\",\"breadcrumb\":{\"@id\":\"https:\/\/gulegulegiy.com\/en\/urun\/renkli-beyin-baskili-tisort-lacivert-erkek\/#breadcrumb\"},\"inLanguage\":\"en-US\",\"potentialAction\":[{\"@type\":\"ReadAction\",\"target\":[\"https:\/\/gulegulegiy.com\/en\/urun\/renkli-beyin-baskili-tisort-lacivert-erkek\/\"]}]},{\"@type\":\"ImageObject\",\"inLanguage\":\"en-US\",\"@id\":\"https:\/\/gulegulegiy.com\/en\/urun\/renkli-beyin-baskili-tisort-lacivert-erkek\/#primaryimage\",\"url\":\"https:\/\/i0.wp.com\/gulegulegiy.com\/wp-content\/uploads\/2018\/02\/renkli-beyin-baskili-tshirt-baskisiz-tisort-yaptirma-toptam-imalat-uretim-merkezi-firmalar%C4%B1-erkek-modelleri-yakali-suprem-1.jpg?fit=2000%2C2000&ssl=1\",\"contentUrl\":\"https:\/\/i0.wp.com\/gulegulegiy.com\/wp-content\/uploads\/2018\/02\/renkli-beyin-baskili-tshirt-baskisiz-tisort-yaptirma-toptam-imalat-uretim-merkezi-firmalar%C4%B1-erkek-modelleri-yakali-suprem-1.jpg?fit=2000%2C2000&ssl=1\",\"width\":2000,\"height\":2000},{\"@type\":\"BreadcrumbList\",\"@id\":\"https:\/\/gulegulegiy.com\/en\/urun\/renkli-beyin-baskili-tisort-lacivert-erkek\/#breadcrumb\",\"itemListElement\":[{\"@type\":\"ListItem\",\"position\":1,\"name\":\"Ana sayfa\",\"item\":\"https:\/\/gulegulegiy.com\/en\/\"},{\"@type\":\"ListItem\",\"position\":2,\"name\":\"Ma\u011faza\",\"item\":\"https:\/\/gulegulegiy.com\/magaza\/\"},{\"@type\":\"ListItem\",\"position\":3,\"name\":\"Renkli Beyin Bask\u0131l\u0131 Ti\u015f\u00f6rt &#8211; Lacivert\"}]},{\"@type\":\"WebSite\",\"@id\":\"https:\/\/gulegulegiy.com\/#website\",\"url\":\"https:\/\/gulegulegiy.com\/\",\"name\":\"GuleGuleGiy Tshirt Hoodie Cap Jogger\",\"description\":\"Tshirt, sweatshirt, hoodie, baseball cap, tank top, leggings, joggers, shorts\",\"publisher\":{\"@id\":\"https:\/\/gulegulegiy.com\/#organization\"},\"potentialAction\":[{\"@type\":\"SearchAction\",\"target\":{\"@type\":\"EntryPoint\",\"urlTemplate\":\"https:\/\/gulegulegiy.com\/?s={search_term_string}\"},\"query-input\":{\"@type\":\"PropertyValueSpecification\",\"valueRequired\":true,\"valueName\":\"search_term_string\"}}],\"inLanguage\":\"en-US\"},{\"@type\":\"Organization\",\"@id\":\"https:\/\/gulegulegiy.com\/#organization\",\"name\":\"G\u00fcleG\u00fclegiy.com\",\"url\":\"https:\/\/gulegulegiy.com\/\",\"logo\":{\"@type\":\"ImageObject\",\"inLanguage\":\"en-US\",\"@id\":\"https:\/\/gulegulegiy.com\/#\/schema\/logo\/image\/\",\"url\":\"https:\/\/i2.wp.com\/gulegulegiy.com\/wp-content\/uploads\/2016\/08\/ggg-yatay-logo-yazili.png?fit=2207%2C400&ssl=1\",\"contentUrl\":\"https:\/\/i2.wp.com\/gulegulegiy.com\/wp-content\/uploads\/2016\/08\/ggg-yatay-logo-yazili.png?fit=2207%2C400&ssl=1\",\"width\":2207,\"height\":400,\"caption\":\"G\u00fcleG\u00fclegiy.com\"},\"image\":{\"@id\":\"https:\/\/gulegulegiy.com\/#\/schema\/logo\/image\/\"},\"sameAs\":[\"https:\/\/www.facebook.com\/GuleGuleGiy\/\",\"https:\/\/x.com\/gulegulegiy\",\"https:\/\/twitter.com\/gulegulegiy\",\"https:\/\/tr.pinterest.com\/gulegulegiy\/\",\"https:\/\/www.youtube.com\/c\/GuleGuleGiy\"]}]}<\/script>\n<!-- \/ Yoast SEO plugin. -->","yoast_head_json":{"title":"Renkli Beyin Bask\u0131l\u0131 Ti\u015f\u00f6rt - Lacivert - GuleGuleGiy Tshirt Hoodie Cap Jogger","robots":{"index":"index","follow":"follow","max-snippet":"max-snippet:-1","max-image-preview":"max-image-preview:large","max-video-preview":"max-video-preview:-1"},"canonical":"https:\/\/gulegulegiy.com\/en\/urun\/renkli-beyin-baskili-tisort-lacivert-erkek\/","og_locale":"en_US","og_type":"article","og_title":"Renkli Beyin Bask\u0131l\u0131 Ti\u015f\u00f6rt - Lacivert - GuleGuleGiy Tshirt Hoodie Cap Jogger","og_description":"Yarat\u0131c\u0131 ve renkli bir beyine sahipsin \u00f6yle de\u011fil mi ? %100 Pamuk, \u00fcst\u00fcn kalite kuma\u015f, \u00f6zenli dikim, ferah kal\u0131p, nefes alan su bazl\u0131 ekolojik bask\u0131\u2026","og_url":"https:\/\/gulegulegiy.com\/en\/urun\/renkli-beyin-baskili-tisort-lacivert-erkek\/","og_site_name":"GuleGuleGiy Tshirt Hoodie Cap Jogger","article_publisher":"https:\/\/www.facebook.com\/GuleGuleGiy\/","article_modified_time":"2025-06-15T08:22:49+00:00","og_image":[{"width":2000,"height":2000,"url":"https:\/\/i0.wp.com\/gulegulegiy.com\/wp-content\/uploads\/2018\/02\/renkli-beyin-baskili-tshirt-baskisiz-tisort-yaptirma-toptam-imalat-uretim-merkezi-firmalar\u0131-erkek-modelleri-yakali-suprem-1.jpg?fit=2000%2C2000&ssl=1","type":"image\/jpeg"}],"twitter_card":"summary_large_image","twitter_site":"@gulegulegiy","schema":{"@context":"https:\/\/schema.org","@graph":[{"@type":"WebPage","@id":"https:\/\/gulegulegiy.com\/en\/urun\/renkli-beyin-baskili-tisort-lacivert-erkek\/","url":"https:\/\/gulegulegiy.com\/en\/urun\/renkli-beyin-baskili-tisort-lacivert-erkek\/","name":"Renkli Beyin Bask\u0131l\u0131 Ti\u015f\u00f6rt - Lacivert - GuleGuleGiy Tshirt Hoodie Cap Jogger","isPartOf":{"@id":"https:\/\/gulegulegiy.com\/#website"},"primaryImageOfPage":{"@id":"https:\/\/gulegulegiy.com\/en\/urun\/renkli-beyin-baskili-tisort-lacivert-erkek\/#primaryimage"},"image":{"@id":"https:\/\/gulegulegiy.com\/en\/urun\/renkli-beyin-baskili-tisort-lacivert-erkek\/#primaryimage"},"thumbnailUrl":"https:\/\/i0.wp.com\/gulegulegiy.com\/wp-content\/uploads\/2018\/02\/renkli-beyin-baskili-tshirt-baskisiz-tisort-yaptirma-toptam-imalat-uretim-merkezi-firmalar%C4%B1-erkek-modelleri-yakali-suprem-1.jpg?fit=2000%2C2000&ssl=1","datePublished":"2018-02-14T13:14:08+00:00","dateModified":"2025-06-15T08:22:49+00:00","breadcrumb":{"@id":"https:\/\/gulegulegiy.com\/en\/urun\/renkli-beyin-baskili-tisort-lacivert-erkek\/#breadcrumb"},"inLanguage":"en-US","potentialAction":[{"@type":"ReadAction","target":["https:\/\/gulegulegiy.com\/en\/urun\/renkli-beyin-baskili-tisort-lacivert-erkek\/"]}]},{"@type":"ImageObject","inLanguage":"en-US","@id":"https:\/\/gulegulegiy.com\/en\/urun\/renkli-beyin-baskili-tisort-lacivert-erkek\/#primaryimage","url":"https:\/\/i0.wp.com\/gulegulegiy.com\/wp-content\/uploads\/2018\/02\/renkli-beyin-baskili-tshirt-baskisiz-tisort-yaptirma-toptam-imalat-uretim-merkezi-firmalar%C4%B1-erkek-modelleri-yakali-suprem-1.jpg?fit=2000%2C2000&ssl=1","contentUrl":"https:\/\/i0.wp.com\/gulegulegiy.com\/wp-content\/uploads\/2018\/02\/renkli-beyin-baskili-tshirt-baskisiz-tisort-yaptirma-toptam-imalat-uretim-merkezi-firmalar%C4%B1-erkek-modelleri-yakali-suprem-1.jpg?fit=2000%2C2000&ssl=1","width":2000,"height":2000},{"@type":"BreadcrumbList","@id":"https:\/\/gulegulegiy.com\/en\/urun\/renkli-beyin-baskili-tisort-lacivert-erkek\/#breadcrumb","itemListElement":[{"@type":"ListItem","position":1,"name":"Ana sayfa","item":"https:\/\/gulegulegiy.com\/en\/"},{"@type":"ListItem","position":2,"name":"Ma\u011faza","item":"https:\/\/gulegulegiy.com\/magaza\/"},{"@type":"ListItem","position":3,"name":"Renkli Beyin Bask\u0131l\u0131 Ti\u015f\u00f6rt &#8211; Lacivert"}]},{"@type":"WebSite","@id":"https:\/\/gulegulegiy.com\/#website","url":"https:\/\/gulegulegiy.com\/","name":"GuleGuleGiy Tshirt Hoodie Cap Jogger","description":"Tshirt, sweatshirt, hoodie, baseball cap, tank top, leggings, joggers, shorts","publisher":{"@id":"https:\/\/gulegulegiy.com\/#organization"},"potentialAction":[{"@type":"SearchAction","target":{"@type":"EntryPoint","urlTemplate":"https:\/\/gulegulegiy.com\/?s={search_term_string}"},"query-input":{"@type":"PropertyValueSpecification","valueRequired":true,"valueName":"search_term_string"}}],"inLanguage":"en-US"},{"@type":"Organization","@id":"https:\/\/gulegulegiy.com\/#organization","name":"G\u00fcleG\u00fclegiy.com","url":"https:\/\/gulegulegiy.com\/","logo":{"@type":"ImageObject","inLanguage":"en-US","@id":"https:\/\/gulegulegiy.com\/#\/schema\/logo\/image\/","url":"https:\/\/i2.wp.com\/gulegulegiy.com\/wp-content\/uploads\/2016\/08\/ggg-yatay-logo-yazili.png?fit=2207%2C400&ssl=1","contentUrl":"https:\/\/i2.wp.com\/gulegulegiy.com\/wp-content\/uploads\/2016\/08\/ggg-yatay-logo-yazili.png?fit=2207%2C400&ssl=1","width":2207,"height":400,"caption":"G\u00fcleG\u00fclegiy.com"},"image":{"@id":"https:\/\/gulegulegiy.com\/#\/schema\/logo\/image\/"},"sameAs":["https:\/\/www.facebook.com\/GuleGuleGiy\/","https:\/\/x.com\/gulegulegiy","https:\/\/twitter.com\/gulegulegiy","https:\/\/tr.pinterest.com\/gulegulegiy\/","https:\/\/www.youtube.com\/c\/GuleGuleGiy"]}]}},"jetpack_publicize_connections":[],"jetpack_sharing_enabled":true,"_links":{"self":[{"href":"https:\/\/gulegulegiy.com\/en\/wp-json\/wp\/v2\/product\/9214","targetHints":{"allow":["GET"]}}],"collection":[{"href":"https:\/\/gulegulegiy.com\/en\/wp-json\/wp\/v2\/product"}],"about":[{"href":"https:\/\/gulegulegiy.com\/en\/wp-json\/wp\/v2\/types\/product"}],"wp:featuredmedia":[{"embeddable":true,"href":"https:\/\/gulegulegiy.com\/en\/wp-json\/wp\/v2\/media\/11223"}],"wp:attachment":[{"href":"https:\/\/gulegulegiy.com\/en\/wp-json\/wp\/v2\/media?parent=9214"}],"wp:term":[{"taxonomy":"product_brand","embeddable":true,"href":"https:\/\/gulegulegiy.com\/en\/wp-json\/wp\/v2\/product_brand?post=9214"},{"taxonomy":"product_cat","embeddable":true,"href":"https:\/\/gulegulegiy.com\/en\/wp-json\/wp\/v2\/product_cat?post=9214"},{"taxonomy":"product_tag","embeddable":true,"href":"https:\/\/gulegulegiy.com\/en\/wp-json\/wp\/v2\/product_tag?post=9214"}],"curies":[{"name":"wp","href":"https:\/\/api.w.org\/{rel}","templated":true}]}}