{"id":17561,"date":"2024-09-12T08:36:43","date_gmt":"2024-09-12T08:36:43","guid":{"rendered":"https:\/\/gulegulegiy.com\/?post_type=product&#038;p=17561"},"modified":"2025-08-18T07:25:50","modified_gmt":"2025-08-18T07:25:50","slug":"oversize-tisort-flamingo-neon-baskili-erkek-siyah","status":"publish","type":"product","link":"https:\/\/gulegulegiy.com\/en\/urun\/oversize-tisort-flamingo-neon-baskili-erkek-siyah\/","title":{"rendered":"Oversize Ti\u015f\u00f6rt Flamingo Neon Bask\u0131l\u0131 Erkek Siyah"},"content":{"rendered":"","protected":false},"excerpt":{"rendered":"<p>Oversize kesim tasar\u0131m ti\u015f\u00f6rt, %100 Organik Pamuk \u00dcst\u00fcn Kalite Kuma\u015f, esnek ribanal\u0131 fit yaka<\/p>\n<p>\u00d6zel par\u00e7a dikimli, flamingo desen neon bask\u0131l\u0131 ve flamingo dryfit mikro interlok kuma\u015f detayl\u0131<\/p>\n<p>Kaliteli dikim i\u015f\u00e7ili\u011fi, minimal GGG logo aksesuarlar\u0131<\/p>\n","protected":false},"featured_media":17574,"template":"","meta":{"jetpack_publicize_message":"","jetpack_publicize_feature_enabled":true,"jetpack_social_post_already_shared":true,"jetpack_social_options":{"image_generator_settings":{"template":"highway","default_image_id":0,"font":"","enabled":false},"version":2}},"product_brand":[],"product_cat":[884],"product_tag":[1177,929,1174,1175,1176],"class_list":{"0":"post-17561","1":"product","2":"type-product","3":"status-publish","4":"has-post-thumbnail","6":"product_cat-tasarim-tisort","7":"product_tag-neon","8":"product_tag-oversize","9":"product_tag-tisort","10":"product_tag-tropik","11":"product_tag-tropikal","13":"first","14":"instock","15":"sale","16":"taxable","17":"shipping-taxable","18":"purchasable","19":"product-type-variable"},"yoast_head":"<!-- This site is optimized with the Yoast SEO plugin v27.4 - https:\/\/yoast.com\/product\/yoast-seo-wordpress\/ -->\n<title>Oversize Ti\u015f\u00f6rt Flamingo Neon Bask\u0131l\u0131 Erkek Siyah - GuleGuleGiy Tshirt Hoodie Cap Jogger<\/title>\n<meta name=\"robots\" content=\"index, follow, max-snippet:-1, max-image-preview:large, max-video-preview:-1\" \/>\n<link rel=\"canonical\" href=\"https:\/\/gulegulegiy.com\/en\/urun\/oversize-tisort-flamingo-neon-baskili-erkek-siyah\/\" \/>\n<meta property=\"og:locale\" content=\"en_US\" \/>\n<meta property=\"og:type\" content=\"article\" \/>\n<meta property=\"og:title\" content=\"Oversize Ti\u015f\u00f6rt Flamingo Neon Bask\u0131l\u0131 Erkek Siyah - GuleGuleGiy Tshirt Hoodie Cap Jogger\" \/>\n<meta property=\"og:description\" content=\"Oversize kesim tasar\u0131m ti\u015f\u00f6rt, %100 Organik Pamuk \u00dcst\u00fcn Kalite Kuma\u015f, esnek ribanal\u0131 fit yaka  \u00d6zel par\u00e7a dikimli, flamingo desen neon bask\u0131l\u0131 ve flamingo dryfit mikro interlok kuma\u015f detayl\u0131  Kaliteli dikim i\u015f\u00e7ili\u011fi, minimal GGG logo aksesuarlar\u0131\" \/>\n<meta property=\"og:url\" content=\"https:\/\/gulegulegiy.com\/en\/urun\/oversize-tisort-flamingo-neon-baskili-erkek-siyah\/\" \/>\n<meta property=\"og:site_name\" content=\"GuleGuleGiy Tshirt Hoodie Cap Jogger\" \/>\n<meta property=\"article:publisher\" content=\"https:\/\/www.facebook.com\/GuleGuleGiy\/\" \/>\n<meta property=\"article:modified_time\" content=\"2025-08-18T07:25:50+00:00\" \/>\n<meta property=\"og:image\" content=\"https:\/\/gulegulegiy.com\/wp-content\/uploads\/2024\/09\/ggg-tisort-tshirt-baskili-seritli-flamingo-tropikal-yaprak-neon-baskili-uretim-imalat24.jpg\" \/>\n\t<meta property=\"og:image:width\" content=\"1200\" \/>\n\t<meta property=\"og:image:height\" content=\"1800\" \/>\n\t<meta property=\"og:image:type\" content=\"image\/jpeg\" \/>\n<meta name=\"twitter:card\" content=\"summary_large_image\" \/>\n<meta name=\"twitter:site\" content=\"@gulegulegiy\" \/>\n<meta name=\"twitter:label1\" content=\"Est. reading time\" \/>\n\t<meta name=\"twitter:data1\" content=\"1 minute\" \/>\n<script type=\"application\/ld+json\" class=\"yoast-schema-graph\">{\"@context\":\"https:\\\/\\\/schema.org\",\"@graph\":[{\"@type\":\"WebPage\",\"@id\":\"https:\\\/\\\/gulegulegiy.com\\\/en\\\/urun\\\/oversize-tisort-flamingo-neon-baskili-erkek-siyah\\\/\",\"url\":\"https:\\\/\\\/gulegulegiy.com\\\/en\\\/urun\\\/oversize-tisort-flamingo-neon-baskili-erkek-siyah\\\/\",\"name\":\"Oversize Ti\u015f\u00f6rt Flamingo Neon Bask\u0131l\u0131 Erkek Siyah - GuleGuleGiy Tshirt Hoodie Cap Jogger\",\"isPartOf\":{\"@id\":\"https:\\\/\\\/gulegulegiy.com\\\/#website\"},\"primaryImageOfPage\":{\"@id\":\"https:\\\/\\\/gulegulegiy.com\\\/en\\\/urun\\\/oversize-tisort-flamingo-neon-baskili-erkek-siyah\\\/#primaryimage\"},\"image\":{\"@id\":\"https:\\\/\\\/gulegulegiy.com\\\/en\\\/urun\\\/oversize-tisort-flamingo-neon-baskili-erkek-siyah\\\/#primaryimage\"},\"thumbnailUrl\":\"https:\\\/\\\/i0.wp.com\\\/gulegulegiy.com\\\/wp-content\\\/uploads\\\/2024\\\/09\\\/ggg-tisort-tshirt-baskili-seritli-flamingo-tropikal-yaprak-neon-baskili-uretim-imalat24.jpg?fit=1200%2C1800&ssl=1\",\"datePublished\":\"2024-09-12T08:36:43+00:00\",\"dateModified\":\"2025-08-18T07:25:50+00:00\",\"breadcrumb\":{\"@id\":\"https:\\\/\\\/gulegulegiy.com\\\/en\\\/urun\\\/oversize-tisort-flamingo-neon-baskili-erkek-siyah\\\/#breadcrumb\"},\"inLanguage\":\"en-US\",\"potentialAction\":[{\"@type\":\"ReadAction\",\"target\":[\"https:\\\/\\\/gulegulegiy.com\\\/en\\\/urun\\\/oversize-tisort-flamingo-neon-baskili-erkek-siyah\\\/\"]}]},{\"@type\":\"ImageObject\",\"inLanguage\":\"en-US\",\"@id\":\"https:\\\/\\\/gulegulegiy.com\\\/en\\\/urun\\\/oversize-tisort-flamingo-neon-baskili-erkek-siyah\\\/#primaryimage\",\"url\":\"https:\\\/\\\/i0.wp.com\\\/gulegulegiy.com\\\/wp-content\\\/uploads\\\/2024\\\/09\\\/ggg-tisort-tshirt-baskili-seritli-flamingo-tropikal-yaprak-neon-baskili-uretim-imalat24.jpg?fit=1200%2C1800&ssl=1\",\"contentUrl\":\"https:\\\/\\\/i0.wp.com\\\/gulegulegiy.com\\\/wp-content\\\/uploads\\\/2024\\\/09\\\/ggg-tisort-tshirt-baskili-seritli-flamingo-tropikal-yaprak-neon-baskili-uretim-imalat24.jpg?fit=1200%2C1800&ssl=1\",\"width\":1200,\"height\":1800},{\"@type\":\"BreadcrumbList\",\"@id\":\"https:\\\/\\\/gulegulegiy.com\\\/en\\\/urun\\\/oversize-tisort-flamingo-neon-baskili-erkek-siyah\\\/#breadcrumb\",\"itemListElement\":[{\"@type\":\"ListItem\",\"position\":1,\"name\":\"Ana sayfa\",\"item\":\"https:\\\/\\\/gulegulegiy.com\\\/en\\\/\"},{\"@type\":\"ListItem\",\"position\":2,\"name\":\"Ma\u011faza\",\"item\":\"https:\\\/\\\/gulegulegiy.com\\\/magaza\\\/\"},{\"@type\":\"ListItem\",\"position\":3,\"name\":\"Oversize Ti\u015f\u00f6rt Flamingo Neon Bask\u0131l\u0131 Erkek Siyah\"}]},{\"@type\":\"WebSite\",\"@id\":\"https:\\\/\\\/gulegulegiy.com\\\/#website\",\"url\":\"https:\\\/\\\/gulegulegiy.com\\\/\",\"name\":\"GuleGuleGiy Tshirt Hoodie Cap Jogger\",\"description\":\"Tshirt, sweatshirt, hoodie, baseball cap, tank top, leggings, joggers, shorts\",\"publisher\":{\"@id\":\"https:\\\/\\\/gulegulegiy.com\\\/#organization\"},\"potentialAction\":[{\"@type\":\"SearchAction\",\"target\":{\"@type\":\"EntryPoint\",\"urlTemplate\":\"https:\\\/\\\/gulegulegiy.com\\\/?s={search_term_string}\"},\"query-input\":{\"@type\":\"PropertyValueSpecification\",\"valueRequired\":true,\"valueName\":\"search_term_string\"}}],\"inLanguage\":\"en-US\"},{\"@type\":\"Organization\",\"@id\":\"https:\\\/\\\/gulegulegiy.com\\\/#organization\",\"name\":\"G\u00fcleG\u00fclegiy.com\",\"url\":\"https:\\\/\\\/gulegulegiy.com\\\/\",\"logo\":{\"@type\":\"ImageObject\",\"inLanguage\":\"en-US\",\"@id\":\"https:\\\/\\\/gulegulegiy.com\\\/#\\\/schema\\\/logo\\\/image\\\/\",\"url\":\"https:\\\/\\\/i2.wp.com\\\/gulegulegiy.com\\\/wp-content\\\/uploads\\\/2016\\\/08\\\/ggg-yatay-logo-yazili.png?fit=2207%2C400&ssl=1\",\"contentUrl\":\"https:\\\/\\\/i2.wp.com\\\/gulegulegiy.com\\\/wp-content\\\/uploads\\\/2016\\\/08\\\/ggg-yatay-logo-yazili.png?fit=2207%2C400&ssl=1\",\"width\":2207,\"height\":400,\"caption\":\"G\u00fcleG\u00fclegiy.com\"},\"image\":{\"@id\":\"https:\\\/\\\/gulegulegiy.com\\\/#\\\/schema\\\/logo\\\/image\\\/\"},\"sameAs\":[\"https:\\\/\\\/www.facebook.com\\\/GuleGuleGiy\\\/\",\"https:\\\/\\\/x.com\\\/gulegulegiy\",\"https:\\\/\\\/twitter.com\\\/gulegulegiy\",\"https:\\\/\\\/tr.pinterest.com\\\/gulegulegiy\\\/\",\"https:\\\/\\\/www.youtube.com\\\/c\\\/GuleGuleGiy\"]}]}<\/script>\n<!-- \/ Yoast SEO plugin. -->","yoast_head_json":{"title":"Oversize Ti\u015f\u00f6rt Flamingo Neon Bask\u0131l\u0131 Erkek Siyah - GuleGuleGiy Tshirt Hoodie Cap Jogger","robots":{"index":"index","follow":"follow","max-snippet":"max-snippet:-1","max-image-preview":"max-image-preview:large","max-video-preview":"max-video-preview:-1"},"canonical":"https:\/\/gulegulegiy.com\/en\/urun\/oversize-tisort-flamingo-neon-baskili-erkek-siyah\/","og_locale":"en_US","og_type":"article","og_title":"Oversize Ti\u015f\u00f6rt Flamingo Neon Bask\u0131l\u0131 Erkek Siyah - GuleGuleGiy Tshirt Hoodie Cap Jogger","og_description":"Oversize kesim tasar\u0131m ti\u015f\u00f6rt, %100 Organik Pamuk \u00dcst\u00fcn Kalite Kuma\u015f, esnek ribanal\u0131 fit yaka  \u00d6zel par\u00e7a dikimli, flamingo desen neon bask\u0131l\u0131 ve flamingo dryfit mikro interlok kuma\u015f detayl\u0131  Kaliteli dikim i\u015f\u00e7ili\u011fi, minimal GGG logo aksesuarlar\u0131","og_url":"https:\/\/gulegulegiy.com\/en\/urun\/oversize-tisort-flamingo-neon-baskili-erkek-siyah\/","og_site_name":"GuleGuleGiy Tshirt Hoodie Cap Jogger","article_publisher":"https:\/\/www.facebook.com\/GuleGuleGiy\/","article_modified_time":"2025-08-18T07:25:50+00:00","og_image":[{"width":1200,"height":1800,"url":"https:\/\/gulegulegiy.com\/wp-content\/uploads\/2024\/09\/ggg-tisort-tshirt-baskili-seritli-flamingo-tropikal-yaprak-neon-baskili-uretim-imalat24.jpg","type":"image\/jpeg"}],"twitter_card":"summary_large_image","twitter_site":"@gulegulegiy","twitter_misc":{"Est. reading time":"1 minute"},"schema":{"@context":"https:\/\/schema.org","@graph":[{"@type":"WebPage","@id":"https:\/\/gulegulegiy.com\/en\/urun\/oversize-tisort-flamingo-neon-baskili-erkek-siyah\/","url":"https:\/\/gulegulegiy.com\/en\/urun\/oversize-tisort-flamingo-neon-baskili-erkek-siyah\/","name":"Oversize Ti\u015f\u00f6rt Flamingo Neon Bask\u0131l\u0131 Erkek Siyah - GuleGuleGiy Tshirt Hoodie Cap Jogger","isPartOf":{"@id":"https:\/\/gulegulegiy.com\/#website"},"primaryImageOfPage":{"@id":"https:\/\/gulegulegiy.com\/en\/urun\/oversize-tisort-flamingo-neon-baskili-erkek-siyah\/#primaryimage"},"image":{"@id":"https:\/\/gulegulegiy.com\/en\/urun\/oversize-tisort-flamingo-neon-baskili-erkek-siyah\/#primaryimage"},"thumbnailUrl":"https:\/\/i0.wp.com\/gulegulegiy.com\/wp-content\/uploads\/2024\/09\/ggg-tisort-tshirt-baskili-seritli-flamingo-tropikal-yaprak-neon-baskili-uretim-imalat24.jpg?fit=1200%2C1800&ssl=1","datePublished":"2024-09-12T08:36:43+00:00","dateModified":"2025-08-18T07:25:50+00:00","breadcrumb":{"@id":"https:\/\/gulegulegiy.com\/en\/urun\/oversize-tisort-flamingo-neon-baskili-erkek-siyah\/#breadcrumb"},"inLanguage":"en-US","potentialAction":[{"@type":"ReadAction","target":["https:\/\/gulegulegiy.com\/en\/urun\/oversize-tisort-flamingo-neon-baskili-erkek-siyah\/"]}]},{"@type":"ImageObject","inLanguage":"en-US","@id":"https:\/\/gulegulegiy.com\/en\/urun\/oversize-tisort-flamingo-neon-baskili-erkek-siyah\/#primaryimage","url":"https:\/\/i0.wp.com\/gulegulegiy.com\/wp-content\/uploads\/2024\/09\/ggg-tisort-tshirt-baskili-seritli-flamingo-tropikal-yaprak-neon-baskili-uretim-imalat24.jpg?fit=1200%2C1800&ssl=1","contentUrl":"https:\/\/i0.wp.com\/gulegulegiy.com\/wp-content\/uploads\/2024\/09\/ggg-tisort-tshirt-baskili-seritli-flamingo-tropikal-yaprak-neon-baskili-uretim-imalat24.jpg?fit=1200%2C1800&ssl=1","width":1200,"height":1800},{"@type":"BreadcrumbList","@id":"https:\/\/gulegulegiy.com\/en\/urun\/oversize-tisort-flamingo-neon-baskili-erkek-siyah\/#breadcrumb","itemListElement":[{"@type":"ListItem","position":1,"name":"Ana sayfa","item":"https:\/\/gulegulegiy.com\/en\/"},{"@type":"ListItem","position":2,"name":"Ma\u011faza","item":"https:\/\/gulegulegiy.com\/magaza\/"},{"@type":"ListItem","position":3,"name":"Oversize Ti\u015f\u00f6rt Flamingo Neon Bask\u0131l\u0131 Erkek Siyah"}]},{"@type":"WebSite","@id":"https:\/\/gulegulegiy.com\/#website","url":"https:\/\/gulegulegiy.com\/","name":"GuleGuleGiy Tshirt Hoodie Cap Jogger","description":"Tshirt, sweatshirt, hoodie, baseball cap, tank top, leggings, joggers, shorts","publisher":{"@id":"https:\/\/gulegulegiy.com\/#organization"},"potentialAction":[{"@type":"SearchAction","target":{"@type":"EntryPoint","urlTemplate":"https:\/\/gulegulegiy.com\/?s={search_term_string}"},"query-input":{"@type":"PropertyValueSpecification","valueRequired":true,"valueName":"search_term_string"}}],"inLanguage":"en-US"},{"@type":"Organization","@id":"https:\/\/gulegulegiy.com\/#organization","name":"G\u00fcleG\u00fclegiy.com","url":"https:\/\/gulegulegiy.com\/","logo":{"@type":"ImageObject","inLanguage":"en-US","@id":"https:\/\/gulegulegiy.com\/#\/schema\/logo\/image\/","url":"https:\/\/i2.wp.com\/gulegulegiy.com\/wp-content\/uploads\/2016\/08\/ggg-yatay-logo-yazili.png?fit=2207%2C400&ssl=1","contentUrl":"https:\/\/i2.wp.com\/gulegulegiy.com\/wp-content\/uploads\/2016\/08\/ggg-yatay-logo-yazili.png?fit=2207%2C400&ssl=1","width":2207,"height":400,"caption":"G\u00fcleG\u00fclegiy.com"},"image":{"@id":"https:\/\/gulegulegiy.com\/#\/schema\/logo\/image\/"},"sameAs":["https:\/\/www.facebook.com\/GuleGuleGiy\/","https:\/\/x.com\/gulegulegiy","https:\/\/twitter.com\/gulegulegiy","https:\/\/tr.pinterest.com\/gulegulegiy\/","https:\/\/www.youtube.com\/c\/GuleGuleGiy"]}]}},"jetpack_publicize_connections":[],"jetpack_sharing_enabled":true,"_links":{"self":[{"href":"https:\/\/gulegulegiy.com\/en\/wp-json\/wp\/v2\/product\/17561","targetHints":{"allow":["GET"]}}],"collection":[{"href":"https:\/\/gulegulegiy.com\/en\/wp-json\/wp\/v2\/product"}],"about":[{"href":"https:\/\/gulegulegiy.com\/en\/wp-json\/wp\/v2\/types\/product"}],"wp:featuredmedia":[{"embeddable":true,"href":"https:\/\/gulegulegiy.com\/en\/wp-json\/wp\/v2\/media\/17574"}],"wp:attachment":[{"href":"https:\/\/gulegulegiy.com\/en\/wp-json\/wp\/v2\/media?parent=17561"}],"wp:term":[{"taxonomy":"product_brand","embeddable":true,"href":"https:\/\/gulegulegiy.com\/en\/wp-json\/wp\/v2\/product_brand?post=17561"},{"taxonomy":"product_cat","embeddable":true,"href":"https:\/\/gulegulegiy.com\/en\/wp-json\/wp\/v2\/product_cat?post=17561"},{"taxonomy":"product_tag","embeddable":true,"href":"https:\/\/gulegulegiy.com\/en\/wp-json\/wp\/v2\/product_tag?post=17561"}],"curies":[{"name":"wp","href":"https:\/\/api.w.org\/{rel}","templated":true}]}}