{"id":17389,"date":"2023-04-28T10:36:15","date_gmt":"2023-04-28T10:36:15","guid":{"rendered":"https:\/\/gulegulegiy.com\/?post_type=product&#038;p=17389"},"modified":"2025-08-18T07:25:54","modified_gmt":"2025-08-18T07:25:54","slug":"crop-vatkali-kolsuz-lastikli-bel-infinity-baskili-pembe","status":"publish","type":"product","link":"https:\/\/gulegulegiy.com\/en\/urun\/crop-vatkali-kolsuz-lastikli-bel-infinity-baskili-pembe\/","title":{"rendered":"Crop Vatkal\u0131 Kolsuz Lastikli Bel infinity Bask\u0131l\u0131 Pembe"},"content":{"rendered":"","protected":false},"excerpt":{"rendered":"<p>1. kalite penye kuma\u015f, omuzlar vatkal\u0131, beli rahats\u0131z etmez lastikli, kolsuz, g\u00f6kku\u015fa\u011f\u0131 desenli \u00f6zel bask\u0131 uygulamal\u0131, standart tek beden pembe Crop atlet<\/p>\n<p>&nbsp;<\/p>\n","protected":false},"featured_media":17392,"template":"","meta":{"jetpack_publicize_message":"Crop Vatkal\u0131 Kolsuz Lastikli Bel infinity Bask\u0131l\u0131 Pembe","jetpack_publicize_feature_enabled":true,"jetpack_social_post_already_shared":true,"jetpack_social_options":{"image_generator_settings":{"template":"highway","default_image_id":0,"font":"","enabled":false},"version":2}},"product_brand":[],"product_cat":[830],"product_tag":[885,1168,1171,1165,1169,923,1170],"class_list":{"0":"post-17389","1":"product","2":"type-product","3":"status-publish","4":"has-post-thumbnail","6":"product_cat-tasarim","7":"product_tag-baskili","8":"product_tag-crop","9":"product_tag-kolsuz","10":"product_tag-lastikli","11":"product_tag-pembe","12":"product_tag-penye","13":"product_tag-vatkali","15":"first","16":"instock","17":"sale","18":"taxable","19":"shipping-taxable","20":"purchasable","21":"product-type-simple"},"yoast_head":"<!-- This site is optimized with the Yoast SEO plugin v27.4 - https:\/\/yoast.com\/product\/yoast-seo-wordpress\/ -->\n<title>Crop Vatkal\u0131 Kolsuz Lastikli Bel infinity Bask\u0131l\u0131 Pembe - GuleGuleGiy Tshirt Hoodie Cap Jogger<\/title>\n<meta name=\"robots\" content=\"index, follow, max-snippet:-1, max-image-preview:large, max-video-preview:-1\" \/>\n<link rel=\"canonical\" href=\"https:\/\/gulegulegiy.com\/en\/urun\/crop-vatkali-kolsuz-lastikli-bel-infinity-baskili-pembe\/\" \/>\n<meta property=\"og:locale\" content=\"en_US\" \/>\n<meta property=\"og:type\" content=\"article\" \/>\n<meta property=\"og:title\" content=\"Crop Vatkal\u0131 Kolsuz Lastikli Bel infinity Bask\u0131l\u0131 Pembe - GuleGuleGiy Tshirt Hoodie Cap Jogger\" \/>\n<meta property=\"og:description\" content=\"1. kalite penye kuma\u015f, omuzlar vatkal\u0131, beli rahats\u0131z etmez lastikli, kolsuz, g\u00f6kku\u015fa\u011f\u0131 desenli \u00f6zel bask\u0131 uygulamal\u0131, standart tek beden pembe Crop atlet  &nbsp;\" \/>\n<meta property=\"og:url\" content=\"https:\/\/gulegulegiy.com\/en\/urun\/crop-vatkali-kolsuz-lastikli-bel-infinity-baskili-pembe\/\" \/>\n<meta property=\"og:site_name\" content=\"GuleGuleGiy Tshirt Hoodie Cap Jogger\" \/>\n<meta property=\"article:publisher\" content=\"https:\/\/www.facebook.com\/GuleGuleGiy\/\" \/>\n<meta property=\"article:modified_time\" content=\"2025-08-18T07:25:54+00:00\" \/>\n<meta property=\"og:image\" content=\"https:\/\/gulegulegiy.com\/wp-content\/uploads\/2023\/04\/ggg-crop-pembe-vatkali-kolsuz-lastikli-baskili-infinity-kadin-imalat-uretim-gulegulegiy-2.jpg\" \/>\n\t<meta property=\"og:image:width\" content=\"1200\" \/>\n\t<meta property=\"og:image:height\" content=\"1800\" \/>\n\t<meta property=\"og:image:type\" content=\"image\/jpeg\" \/>\n<meta name=\"twitter:card\" content=\"summary_large_image\" \/>\n<meta name=\"twitter:site\" content=\"@gulegulegiy\" \/>\n<script type=\"application\/ld+json\" class=\"yoast-schema-graph\">{\"@context\":\"https:\\\/\\\/schema.org\",\"@graph\":[{\"@type\":\"WebPage\",\"@id\":\"https:\\\/\\\/gulegulegiy.com\\\/en\\\/urun\\\/crop-vatkali-kolsuz-lastikli-bel-infinity-baskili-pembe\\\/\",\"url\":\"https:\\\/\\\/gulegulegiy.com\\\/en\\\/urun\\\/crop-vatkali-kolsuz-lastikli-bel-infinity-baskili-pembe\\\/\",\"name\":\"Crop Vatkal\u0131 Kolsuz Lastikli Bel infinity Bask\u0131l\u0131 Pembe - GuleGuleGiy Tshirt Hoodie Cap Jogger\",\"isPartOf\":{\"@id\":\"https:\\\/\\\/gulegulegiy.com\\\/#website\"},\"primaryImageOfPage\":{\"@id\":\"https:\\\/\\\/gulegulegiy.com\\\/en\\\/urun\\\/crop-vatkali-kolsuz-lastikli-bel-infinity-baskili-pembe\\\/#primaryimage\"},\"image\":{\"@id\":\"https:\\\/\\\/gulegulegiy.com\\\/en\\\/urun\\\/crop-vatkali-kolsuz-lastikli-bel-infinity-baskili-pembe\\\/#primaryimage\"},\"thumbnailUrl\":\"https:\\\/\\\/i0.wp.com\\\/gulegulegiy.com\\\/wp-content\\\/uploads\\\/2023\\\/04\\\/ggg-crop-pembe-vatkali-kolsuz-lastikli-baskili-infinity-kadin-imalat-uretim-gulegulegiy-2.jpg?fit=1200%2C1800&ssl=1\",\"datePublished\":\"2023-04-28T10:36:15+00:00\",\"dateModified\":\"2025-08-18T07:25:54+00:00\",\"breadcrumb\":{\"@id\":\"https:\\\/\\\/gulegulegiy.com\\\/en\\\/urun\\\/crop-vatkali-kolsuz-lastikli-bel-infinity-baskili-pembe\\\/#breadcrumb\"},\"inLanguage\":\"en-US\",\"potentialAction\":[{\"@type\":\"ReadAction\",\"target\":[\"https:\\\/\\\/gulegulegiy.com\\\/en\\\/urun\\\/crop-vatkali-kolsuz-lastikli-bel-infinity-baskili-pembe\\\/\"]}]},{\"@type\":\"ImageObject\",\"inLanguage\":\"en-US\",\"@id\":\"https:\\\/\\\/gulegulegiy.com\\\/en\\\/urun\\\/crop-vatkali-kolsuz-lastikli-bel-infinity-baskili-pembe\\\/#primaryimage\",\"url\":\"https:\\\/\\\/i0.wp.com\\\/gulegulegiy.com\\\/wp-content\\\/uploads\\\/2023\\\/04\\\/ggg-crop-pembe-vatkali-kolsuz-lastikli-baskili-infinity-kadin-imalat-uretim-gulegulegiy-2.jpg?fit=1200%2C1800&ssl=1\",\"contentUrl\":\"https:\\\/\\\/i0.wp.com\\\/gulegulegiy.com\\\/wp-content\\\/uploads\\\/2023\\\/04\\\/ggg-crop-pembe-vatkali-kolsuz-lastikli-baskili-infinity-kadin-imalat-uretim-gulegulegiy-2.jpg?fit=1200%2C1800&ssl=1\",\"width\":1200,\"height\":1800},{\"@type\":\"BreadcrumbList\",\"@id\":\"https:\\\/\\\/gulegulegiy.com\\\/en\\\/urun\\\/crop-vatkali-kolsuz-lastikli-bel-infinity-baskili-pembe\\\/#breadcrumb\",\"itemListElement\":[{\"@type\":\"ListItem\",\"position\":1,\"name\":\"Ana sayfa\",\"item\":\"https:\\\/\\\/gulegulegiy.com\\\/en\\\/\"},{\"@type\":\"ListItem\",\"position\":2,\"name\":\"Ma\u011faza\",\"item\":\"https:\\\/\\\/gulegulegiy.com\\\/magaza\\\/\"},{\"@type\":\"ListItem\",\"position\":3,\"name\":\"Crop Vatkal\u0131 Kolsuz Lastikli Bel infinity Bask\u0131l\u0131 Pembe\"}]},{\"@type\":\"WebSite\",\"@id\":\"https:\\\/\\\/gulegulegiy.com\\\/#website\",\"url\":\"https:\\\/\\\/gulegulegiy.com\\\/\",\"name\":\"GuleGuleGiy Tshirt Hoodie Cap Jogger\",\"description\":\"Tshirt, sweatshirt, hoodie, baseball cap, tank top, leggings, joggers, shorts\",\"publisher\":{\"@id\":\"https:\\\/\\\/gulegulegiy.com\\\/#organization\"},\"potentialAction\":[{\"@type\":\"SearchAction\",\"target\":{\"@type\":\"EntryPoint\",\"urlTemplate\":\"https:\\\/\\\/gulegulegiy.com\\\/?s={search_term_string}\"},\"query-input\":{\"@type\":\"PropertyValueSpecification\",\"valueRequired\":true,\"valueName\":\"search_term_string\"}}],\"inLanguage\":\"en-US\"},{\"@type\":\"Organization\",\"@id\":\"https:\\\/\\\/gulegulegiy.com\\\/#organization\",\"name\":\"G\u00fcleG\u00fclegiy.com\",\"url\":\"https:\\\/\\\/gulegulegiy.com\\\/\",\"logo\":{\"@type\":\"ImageObject\",\"inLanguage\":\"en-US\",\"@id\":\"https:\\\/\\\/gulegulegiy.com\\\/#\\\/schema\\\/logo\\\/image\\\/\",\"url\":\"https:\\\/\\\/i2.wp.com\\\/gulegulegiy.com\\\/wp-content\\\/uploads\\\/2016\\\/08\\\/ggg-yatay-logo-yazili.png?fit=2207%2C400&ssl=1\",\"contentUrl\":\"https:\\\/\\\/i2.wp.com\\\/gulegulegiy.com\\\/wp-content\\\/uploads\\\/2016\\\/08\\\/ggg-yatay-logo-yazili.png?fit=2207%2C400&ssl=1\",\"width\":2207,\"height\":400,\"caption\":\"G\u00fcleG\u00fclegiy.com\"},\"image\":{\"@id\":\"https:\\\/\\\/gulegulegiy.com\\\/#\\\/schema\\\/logo\\\/image\\\/\"},\"sameAs\":[\"https:\\\/\\\/www.facebook.com\\\/GuleGuleGiy\\\/\",\"https:\\\/\\\/x.com\\\/gulegulegiy\",\"https:\\\/\\\/twitter.com\\\/gulegulegiy\",\"https:\\\/\\\/tr.pinterest.com\\\/gulegulegiy\\\/\",\"https:\\\/\\\/www.youtube.com\\\/c\\\/GuleGuleGiy\"]}]}<\/script>\n<!-- \/ Yoast SEO plugin. -->","yoast_head_json":{"title":"Crop Vatkal\u0131 Kolsuz Lastikli Bel infinity Bask\u0131l\u0131 Pembe - GuleGuleGiy Tshirt Hoodie Cap Jogger","robots":{"index":"index","follow":"follow","max-snippet":"max-snippet:-1","max-image-preview":"max-image-preview:large","max-video-preview":"max-video-preview:-1"},"canonical":"https:\/\/gulegulegiy.com\/en\/urun\/crop-vatkali-kolsuz-lastikli-bel-infinity-baskili-pembe\/","og_locale":"en_US","og_type":"article","og_title":"Crop Vatkal\u0131 Kolsuz Lastikli Bel infinity Bask\u0131l\u0131 Pembe - GuleGuleGiy Tshirt Hoodie Cap Jogger","og_description":"1. kalite penye kuma\u015f, omuzlar vatkal\u0131, beli rahats\u0131z etmez lastikli, kolsuz, g\u00f6kku\u015fa\u011f\u0131 desenli \u00f6zel bask\u0131 uygulamal\u0131, standart tek beden pembe Crop atlet  &nbsp;","og_url":"https:\/\/gulegulegiy.com\/en\/urun\/crop-vatkali-kolsuz-lastikli-bel-infinity-baskili-pembe\/","og_site_name":"GuleGuleGiy Tshirt Hoodie Cap Jogger","article_publisher":"https:\/\/www.facebook.com\/GuleGuleGiy\/","article_modified_time":"2025-08-18T07:25:54+00:00","og_image":[{"width":1200,"height":1800,"url":"https:\/\/gulegulegiy.com\/wp-content\/uploads\/2023\/04\/ggg-crop-pembe-vatkali-kolsuz-lastikli-baskili-infinity-kadin-imalat-uretim-gulegulegiy-2.jpg","type":"image\/jpeg"}],"twitter_card":"summary_large_image","twitter_site":"@gulegulegiy","schema":{"@context":"https:\/\/schema.org","@graph":[{"@type":"WebPage","@id":"https:\/\/gulegulegiy.com\/en\/urun\/crop-vatkali-kolsuz-lastikli-bel-infinity-baskili-pembe\/","url":"https:\/\/gulegulegiy.com\/en\/urun\/crop-vatkali-kolsuz-lastikli-bel-infinity-baskili-pembe\/","name":"Crop Vatkal\u0131 Kolsuz Lastikli Bel infinity Bask\u0131l\u0131 Pembe - GuleGuleGiy Tshirt Hoodie Cap Jogger","isPartOf":{"@id":"https:\/\/gulegulegiy.com\/#website"},"primaryImageOfPage":{"@id":"https:\/\/gulegulegiy.com\/en\/urun\/crop-vatkali-kolsuz-lastikli-bel-infinity-baskili-pembe\/#primaryimage"},"image":{"@id":"https:\/\/gulegulegiy.com\/en\/urun\/crop-vatkali-kolsuz-lastikli-bel-infinity-baskili-pembe\/#primaryimage"},"thumbnailUrl":"https:\/\/i0.wp.com\/gulegulegiy.com\/wp-content\/uploads\/2023\/04\/ggg-crop-pembe-vatkali-kolsuz-lastikli-baskili-infinity-kadin-imalat-uretim-gulegulegiy-2.jpg?fit=1200%2C1800&ssl=1","datePublished":"2023-04-28T10:36:15+00:00","dateModified":"2025-08-18T07:25:54+00:00","breadcrumb":{"@id":"https:\/\/gulegulegiy.com\/en\/urun\/crop-vatkali-kolsuz-lastikli-bel-infinity-baskili-pembe\/#breadcrumb"},"inLanguage":"en-US","potentialAction":[{"@type":"ReadAction","target":["https:\/\/gulegulegiy.com\/en\/urun\/crop-vatkali-kolsuz-lastikli-bel-infinity-baskili-pembe\/"]}]},{"@type":"ImageObject","inLanguage":"en-US","@id":"https:\/\/gulegulegiy.com\/en\/urun\/crop-vatkali-kolsuz-lastikli-bel-infinity-baskili-pembe\/#primaryimage","url":"https:\/\/i0.wp.com\/gulegulegiy.com\/wp-content\/uploads\/2023\/04\/ggg-crop-pembe-vatkali-kolsuz-lastikli-baskili-infinity-kadin-imalat-uretim-gulegulegiy-2.jpg?fit=1200%2C1800&ssl=1","contentUrl":"https:\/\/i0.wp.com\/gulegulegiy.com\/wp-content\/uploads\/2023\/04\/ggg-crop-pembe-vatkali-kolsuz-lastikli-baskili-infinity-kadin-imalat-uretim-gulegulegiy-2.jpg?fit=1200%2C1800&ssl=1","width":1200,"height":1800},{"@type":"BreadcrumbList","@id":"https:\/\/gulegulegiy.com\/en\/urun\/crop-vatkali-kolsuz-lastikli-bel-infinity-baskili-pembe\/#breadcrumb","itemListElement":[{"@type":"ListItem","position":1,"name":"Ana sayfa","item":"https:\/\/gulegulegiy.com\/en\/"},{"@type":"ListItem","position":2,"name":"Ma\u011faza","item":"https:\/\/gulegulegiy.com\/magaza\/"},{"@type":"ListItem","position":3,"name":"Crop Vatkal\u0131 Kolsuz Lastikli Bel infinity Bask\u0131l\u0131 Pembe"}]},{"@type":"WebSite","@id":"https:\/\/gulegulegiy.com\/#website","url":"https:\/\/gulegulegiy.com\/","name":"GuleGuleGiy Tshirt Hoodie Cap Jogger","description":"Tshirt, sweatshirt, hoodie, baseball cap, tank top, leggings, joggers, shorts","publisher":{"@id":"https:\/\/gulegulegiy.com\/#organization"},"potentialAction":[{"@type":"SearchAction","target":{"@type":"EntryPoint","urlTemplate":"https:\/\/gulegulegiy.com\/?s={search_term_string}"},"query-input":{"@type":"PropertyValueSpecification","valueRequired":true,"valueName":"search_term_string"}}],"inLanguage":"en-US"},{"@type":"Organization","@id":"https:\/\/gulegulegiy.com\/#organization","name":"G\u00fcleG\u00fclegiy.com","url":"https:\/\/gulegulegiy.com\/","logo":{"@type":"ImageObject","inLanguage":"en-US","@id":"https:\/\/gulegulegiy.com\/#\/schema\/logo\/image\/","url":"https:\/\/i2.wp.com\/gulegulegiy.com\/wp-content\/uploads\/2016\/08\/ggg-yatay-logo-yazili.png?fit=2207%2C400&ssl=1","contentUrl":"https:\/\/i2.wp.com\/gulegulegiy.com\/wp-content\/uploads\/2016\/08\/ggg-yatay-logo-yazili.png?fit=2207%2C400&ssl=1","width":2207,"height":400,"caption":"G\u00fcleG\u00fclegiy.com"},"image":{"@id":"https:\/\/gulegulegiy.com\/#\/schema\/logo\/image\/"},"sameAs":["https:\/\/www.facebook.com\/GuleGuleGiy\/","https:\/\/x.com\/gulegulegiy","https:\/\/twitter.com\/gulegulegiy","https:\/\/tr.pinterest.com\/gulegulegiy\/","https:\/\/www.youtube.com\/c\/GuleGuleGiy"]}]}},"jetpack_publicize_connections":[],"jetpack_sharing_enabled":true,"_links":{"self":[{"href":"https:\/\/gulegulegiy.com\/en\/wp-json\/wp\/v2\/product\/17389","targetHints":{"allow":["GET"]}}],"collection":[{"href":"https:\/\/gulegulegiy.com\/en\/wp-json\/wp\/v2\/product"}],"about":[{"href":"https:\/\/gulegulegiy.com\/en\/wp-json\/wp\/v2\/types\/product"}],"wp:featuredmedia":[{"embeddable":true,"href":"https:\/\/gulegulegiy.com\/en\/wp-json\/wp\/v2\/media\/17392"}],"wp:attachment":[{"href":"https:\/\/gulegulegiy.com\/en\/wp-json\/wp\/v2\/media?parent=17389"}],"wp:term":[{"taxonomy":"product_brand","embeddable":true,"href":"https:\/\/gulegulegiy.com\/en\/wp-json\/wp\/v2\/product_brand?post=17389"},{"taxonomy":"product_cat","embeddable":true,"href":"https:\/\/gulegulegiy.com\/en\/wp-json\/wp\/v2\/product_cat?post=17389"},{"taxonomy":"product_tag","embeddable":true,"href":"https:\/\/gulegulegiy.com\/en\/wp-json\/wp\/v2\/product_tag?post=17389"}],"curies":[{"name":"wp","href":"https:\/\/api.w.org\/{rel}","templated":true}]}}