{"id":17368,"date":"2023-04-07T11:05:49","date_gmt":"2023-04-07T11:05:49","guid":{"rendered":"https:\/\/gulegulegiy.com\/?post_type=product&#038;p=17368"},"modified":"2025-08-18T07:26:06","modified_gmt":"2025-08-18T07:26:06","slug":"esofman-takimi-alt-ust-jogger-crop-sweat-kadin-siyah","status":"publish","type":"product","link":"https:\/\/gulegulegiy.com\/en\/urun\/esofman-takimi-alt-ust-jogger-crop-sweat-kadin-siyah\/","title":{"rendered":"E\u015fofman Tak\u0131m\u0131 Alt \u00dcst Jogger Crop Sweat Kad\u0131n Siyah"},"content":{"rendered":"","protected":false},"excerpt":{"rendered":"<p>Crop sweatshirt, kollarda alt\u0131n ku\u015fg\u00f6z\u00fc detay\u0131, varakl\u0131 \u00f6zel &#8216;Keep It Simple&#8217; bask\u0131l\u0131, bal\u0131k\u00e7\u0131 yaka, kollar ribana, etek lastikli, relaxed fit ( \u00fcst crop sweatshirt \u00fcr\u00fcn\u00fcn 2xl bedeni oversize &#8216;d\u0131r ve ete\u011fi lastiksiz, y\u0131rtma\u00e7l\u0131, geni\u015f kesimdir)<\/p>\n<p>Jogger, toparlay\u0131c\u0131 kemer bel kordonlu, dokuma logo aksesuarl\u0131, fermuarl\u0131 \u00f6zel elcikli \u00e7ift cep, bacak \u00fcst\u00fc diki\u015f detayl\u0131, pa\u00e7a lastikli, regular fit<\/p>\n<p>%70 pamuk %30 polyester \u00fcst\u00fcn kalite vanize 3 iplik penye i\u00e7i polarl\u0131 (\u015fardonlu) kal\u0131n e\u015fofman kuma\u015f\u0131, ipeksi hissiyat, canl\u0131 renk, ferah kal\u0131p tracksuit pants, pantolon, crop sweatshirt<\/p>\n<p>Bu \u00fcr\u00fcn alt &#8211; \u00fcst tak\u0131m 2 par\u00e7ad\u0131r. Par\u00e7alar ayr\u0131ca tek tek de sat\u0131n al\u0131nabilir.<\/p>\n","protected":false},"featured_media":17284,"template":"","meta":{"jetpack_publicize_message":"Jogger Fermuar ve Logo Detayl\u0131 E\u015fofman Alt\u0131 Siyah Erkek Lastikli Kordonlu","jetpack_publicize_feature_enabled":true,"jetpack_social_post_already_shared":true,"jetpack_social_options":{"image_generator_settings":{"template":"highway","default_image_id":0,"font":"","enabled":false},"version":2}},"product_brand":[],"product_cat":[918],"product_tag":[912,1168,1160,1163,873,1159,819,1158,1161,818,900,1162],"class_list":{"0":"post-17368","1":"product","2":"type-product","3":"status-publish","4":"has-post-thumbnail","6":"product_cat-hoodie-sweatshirt-jogger","7":"product_tag-3-iplik","8":"product_tag-crop","9":"product_tag-esofman-alti","10":"product_tag-esofman-ustu","11":"product_tag-hoodie","12":"product_tag-jogger","13":"product_tag-kadin","14":"product_tag-kompakt-penye","15":"product_tag-pantolon","16":"product_tag-siyah","17":"product_tag-sweatshirt","18":"product_tag-tracksuit","20":"first","21":"instock","22":"sale","23":"taxable","24":"shipping-taxable","25":"purchasable","26":"product-type-variable"},"yoast_head":"<!-- This site is optimized with the Yoast SEO plugin v27.4 - https:\/\/yoast.com\/product\/yoast-seo-wordpress\/ -->\n<title>E\u015fofman Tak\u0131m\u0131 Alt \u00dcst Jogger Crop Sweat Kad\u0131n Siyah - GuleGuleGiy Tshirt Hoodie Cap Jogger<\/title>\n<meta name=\"robots\" content=\"index, follow, max-snippet:-1, max-image-preview:large, max-video-preview:-1\" \/>\n<link rel=\"canonical\" href=\"https:\/\/gulegulegiy.com\/en\/urun\/esofman-takimi-alt-ust-jogger-crop-sweat-kadin-siyah\/\" \/>\n<meta property=\"og:locale\" content=\"en_US\" \/>\n<meta property=\"og:type\" content=\"article\" \/>\n<meta property=\"og:title\" content=\"E\u015fofman Tak\u0131m\u0131 Alt \u00dcst Jogger Crop Sweat Kad\u0131n Siyah - GuleGuleGiy Tshirt Hoodie Cap Jogger\" \/>\n<meta property=\"og:description\" content=\"Crop sweatshirt, kollarda alt\u0131n ku\u015fg\u00f6z\u00fc detay\u0131, varakl\u0131 \u00f6zel &#039;Keep It Simple&#039; bask\u0131l\u0131, bal\u0131k\u00e7\u0131 yaka, kollar ribana, etek lastikli, relaxed fit ( \u00fcst crop sweatshirt \u00fcr\u00fcn\u00fcn 2xl bedeni oversize &#039;d\u0131r ve ete\u011fi lastiksiz, y\u0131rtma\u00e7l\u0131, geni\u015f kesimdir)  Jogger, toparlay\u0131c\u0131 kemer bel kordonlu, dokuma logo aksesuarl\u0131, fermuarl\u0131 \u00f6zel elcikli \u00e7ift cep, bacak \u00fcst\u00fc diki\u015f detayl\u0131, pa\u00e7a lastikli, regular fit  %70 pamuk %30 polyester \u00fcst\u00fcn kalite vanize 3 iplik penye i\u00e7i polarl\u0131 (\u015fardonlu) kal\u0131n e\u015fofman kuma\u015f\u0131, ipeksi hissiyat, canl\u0131 renk, ferah kal\u0131p tracksuit pants, pantolon, crop sweatshirt  Bu \u00fcr\u00fcn alt - \u00fcst tak\u0131m 2 par\u00e7ad\u0131r. Par\u00e7alar ayr\u0131ca tek tek de sat\u0131n al\u0131nabilir.\" \/>\n<meta property=\"og:url\" content=\"https:\/\/gulegulegiy.com\/en\/urun\/esofman-takimi-alt-ust-jogger-crop-sweat-kadin-siyah\/\" \/>\n<meta property=\"og:site_name\" content=\"GuleGuleGiy Tshirt Hoodie Cap Jogger\" \/>\n<meta property=\"article:publisher\" content=\"https:\/\/www.facebook.com\/GuleGuleGiy\/\" \/>\n<meta property=\"article:modified_time\" content=\"2025-08-18T07:26:06+00:00\" \/>\n<meta property=\"og:image\" content=\"https:\/\/gulegulegiy.com\/wp-content\/uploads\/2023\/04\/ggg-tracksuit-crop-sweat-jogger-kadin-imalat-uretim-gulegulegiy-kadin-giyim-siyah-altin-kusgozu-baskili-uretici-16.jpg\" \/>\n\t<meta property=\"og:image:width\" content=\"1200\" \/>\n\t<meta property=\"og:image:height\" content=\"1800\" \/>\n\t<meta property=\"og:image:type\" content=\"image\/jpeg\" \/>\n<meta name=\"twitter:card\" content=\"summary_large_image\" \/>\n<meta name=\"twitter:site\" content=\"@gulegulegiy\" \/>\n<script type=\"application\/ld+json\" class=\"yoast-schema-graph\">{\"@context\":\"https:\\\/\\\/schema.org\",\"@graph\":[{\"@type\":\"WebPage\",\"@id\":\"https:\\\/\\\/gulegulegiy.com\\\/en\\\/urun\\\/esofman-takimi-alt-ust-jogger-crop-sweat-kadin-siyah\\\/\",\"url\":\"https:\\\/\\\/gulegulegiy.com\\\/en\\\/urun\\\/esofman-takimi-alt-ust-jogger-crop-sweat-kadin-siyah\\\/\",\"name\":\"E\u015fofman Tak\u0131m\u0131 Alt \u00dcst Jogger Crop Sweat Kad\u0131n Siyah - GuleGuleGiy Tshirt Hoodie Cap Jogger\",\"isPartOf\":{\"@id\":\"https:\\\/\\\/gulegulegiy.com\\\/#website\"},\"primaryImageOfPage\":{\"@id\":\"https:\\\/\\\/gulegulegiy.com\\\/en\\\/urun\\\/esofman-takimi-alt-ust-jogger-crop-sweat-kadin-siyah\\\/#primaryimage\"},\"image\":{\"@id\":\"https:\\\/\\\/gulegulegiy.com\\\/en\\\/urun\\\/esofman-takimi-alt-ust-jogger-crop-sweat-kadin-siyah\\\/#primaryimage\"},\"thumbnailUrl\":\"https:\\\/\\\/i0.wp.com\\\/gulegulegiy.com\\\/wp-content\\\/uploads\\\/2023\\\/04\\\/ggg-tracksuit-crop-sweat-jogger-kadin-imalat-uretim-gulegulegiy-kadin-giyim-siyah-altin-kusgozu-baskili-uretici-16.jpg?fit=1200%2C1800&ssl=1\",\"datePublished\":\"2023-04-07T11:05:49+00:00\",\"dateModified\":\"2025-08-18T07:26:06+00:00\",\"breadcrumb\":{\"@id\":\"https:\\\/\\\/gulegulegiy.com\\\/en\\\/urun\\\/esofman-takimi-alt-ust-jogger-crop-sweat-kadin-siyah\\\/#breadcrumb\"},\"inLanguage\":\"en-US\",\"potentialAction\":[{\"@type\":\"ReadAction\",\"target\":[\"https:\\\/\\\/gulegulegiy.com\\\/en\\\/urun\\\/esofman-takimi-alt-ust-jogger-crop-sweat-kadin-siyah\\\/\"]}]},{\"@type\":\"ImageObject\",\"inLanguage\":\"en-US\",\"@id\":\"https:\\\/\\\/gulegulegiy.com\\\/en\\\/urun\\\/esofman-takimi-alt-ust-jogger-crop-sweat-kadin-siyah\\\/#primaryimage\",\"url\":\"https:\\\/\\\/i0.wp.com\\\/gulegulegiy.com\\\/wp-content\\\/uploads\\\/2023\\\/04\\\/ggg-tracksuit-crop-sweat-jogger-kadin-imalat-uretim-gulegulegiy-kadin-giyim-siyah-altin-kusgozu-baskili-uretici-16.jpg?fit=1200%2C1800&ssl=1\",\"contentUrl\":\"https:\\\/\\\/i0.wp.com\\\/gulegulegiy.com\\\/wp-content\\\/uploads\\\/2023\\\/04\\\/ggg-tracksuit-crop-sweat-jogger-kadin-imalat-uretim-gulegulegiy-kadin-giyim-siyah-altin-kusgozu-baskili-uretici-16.jpg?fit=1200%2C1800&ssl=1\",\"width\":1200,\"height\":1800},{\"@type\":\"BreadcrumbList\",\"@id\":\"https:\\\/\\\/gulegulegiy.com\\\/en\\\/urun\\\/esofman-takimi-alt-ust-jogger-crop-sweat-kadin-siyah\\\/#breadcrumb\",\"itemListElement\":[{\"@type\":\"ListItem\",\"position\":1,\"name\":\"Ana sayfa\",\"item\":\"https:\\\/\\\/gulegulegiy.com\\\/en\\\/\"},{\"@type\":\"ListItem\",\"position\":2,\"name\":\"Ma\u011faza\",\"item\":\"https:\\\/\\\/gulegulegiy.com\\\/magaza\\\/\"},{\"@type\":\"ListItem\",\"position\":3,\"name\":\"E\u015fofman Tak\u0131m\u0131 Alt \u00dcst Jogger Crop Sweat Kad\u0131n Siyah\"}]},{\"@type\":\"WebSite\",\"@id\":\"https:\\\/\\\/gulegulegiy.com\\\/#website\",\"url\":\"https:\\\/\\\/gulegulegiy.com\\\/\",\"name\":\"GuleGuleGiy Tshirt Hoodie Cap Jogger\",\"description\":\"Tshirt, sweatshirt, hoodie, baseball cap, tank top, leggings, joggers, shorts\",\"publisher\":{\"@id\":\"https:\\\/\\\/gulegulegiy.com\\\/#organization\"},\"potentialAction\":[{\"@type\":\"SearchAction\",\"target\":{\"@type\":\"EntryPoint\",\"urlTemplate\":\"https:\\\/\\\/gulegulegiy.com\\\/?s={search_term_string}\"},\"query-input\":{\"@type\":\"PropertyValueSpecification\",\"valueRequired\":true,\"valueName\":\"search_term_string\"}}],\"inLanguage\":\"en-US\"},{\"@type\":\"Organization\",\"@id\":\"https:\\\/\\\/gulegulegiy.com\\\/#organization\",\"name\":\"G\u00fcleG\u00fclegiy.com\",\"url\":\"https:\\\/\\\/gulegulegiy.com\\\/\",\"logo\":{\"@type\":\"ImageObject\",\"inLanguage\":\"en-US\",\"@id\":\"https:\\\/\\\/gulegulegiy.com\\\/#\\\/schema\\\/logo\\\/image\\\/\",\"url\":\"https:\\\/\\\/i2.wp.com\\\/gulegulegiy.com\\\/wp-content\\\/uploads\\\/2016\\\/08\\\/ggg-yatay-logo-yazili.png?fit=2207%2C400&ssl=1\",\"contentUrl\":\"https:\\\/\\\/i2.wp.com\\\/gulegulegiy.com\\\/wp-content\\\/uploads\\\/2016\\\/08\\\/ggg-yatay-logo-yazili.png?fit=2207%2C400&ssl=1\",\"width\":2207,\"height\":400,\"caption\":\"G\u00fcleG\u00fclegiy.com\"},\"image\":{\"@id\":\"https:\\\/\\\/gulegulegiy.com\\\/#\\\/schema\\\/logo\\\/image\\\/\"},\"sameAs\":[\"https:\\\/\\\/www.facebook.com\\\/GuleGuleGiy\\\/\",\"https:\\\/\\\/x.com\\\/gulegulegiy\",\"https:\\\/\\\/twitter.com\\\/gulegulegiy\",\"https:\\\/\\\/tr.pinterest.com\\\/gulegulegiy\\\/\",\"https:\\\/\\\/www.youtube.com\\\/c\\\/GuleGuleGiy\"]}]}<\/script>\n<!-- \/ Yoast SEO plugin. -->","yoast_head_json":{"title":"E\u015fofman Tak\u0131m\u0131 Alt \u00dcst Jogger Crop Sweat Kad\u0131n Siyah - GuleGuleGiy Tshirt Hoodie Cap Jogger","robots":{"index":"index","follow":"follow","max-snippet":"max-snippet:-1","max-image-preview":"max-image-preview:large","max-video-preview":"max-video-preview:-1"},"canonical":"https:\/\/gulegulegiy.com\/en\/urun\/esofman-takimi-alt-ust-jogger-crop-sweat-kadin-siyah\/","og_locale":"en_US","og_type":"article","og_title":"E\u015fofman Tak\u0131m\u0131 Alt \u00dcst Jogger Crop Sweat Kad\u0131n Siyah - GuleGuleGiy Tshirt Hoodie Cap Jogger","og_description":"Crop sweatshirt, kollarda alt\u0131n ku\u015fg\u00f6z\u00fc detay\u0131, varakl\u0131 \u00f6zel 'Keep It Simple' bask\u0131l\u0131, bal\u0131k\u00e7\u0131 yaka, kollar ribana, etek lastikli, relaxed fit ( \u00fcst crop sweatshirt \u00fcr\u00fcn\u00fcn 2xl bedeni oversize 'd\u0131r ve ete\u011fi lastiksiz, y\u0131rtma\u00e7l\u0131, geni\u015f kesimdir)  Jogger, toparlay\u0131c\u0131 kemer bel kordonlu, dokuma logo aksesuarl\u0131, fermuarl\u0131 \u00f6zel elcikli \u00e7ift cep, bacak \u00fcst\u00fc diki\u015f detayl\u0131, pa\u00e7a lastikli, regular fit  %70 pamuk %30 polyester \u00fcst\u00fcn kalite vanize 3 iplik penye i\u00e7i polarl\u0131 (\u015fardonlu) kal\u0131n e\u015fofman kuma\u015f\u0131, ipeksi hissiyat, canl\u0131 renk, ferah kal\u0131p tracksuit pants, pantolon, crop sweatshirt  Bu \u00fcr\u00fcn alt - \u00fcst tak\u0131m 2 par\u00e7ad\u0131r. Par\u00e7alar ayr\u0131ca tek tek de sat\u0131n al\u0131nabilir.","og_url":"https:\/\/gulegulegiy.com\/en\/urun\/esofman-takimi-alt-ust-jogger-crop-sweat-kadin-siyah\/","og_site_name":"GuleGuleGiy Tshirt Hoodie Cap Jogger","article_publisher":"https:\/\/www.facebook.com\/GuleGuleGiy\/","article_modified_time":"2025-08-18T07:26:06+00:00","og_image":[{"width":1200,"height":1800,"url":"https:\/\/gulegulegiy.com\/wp-content\/uploads\/2023\/04\/ggg-tracksuit-crop-sweat-jogger-kadin-imalat-uretim-gulegulegiy-kadin-giyim-siyah-altin-kusgozu-baskili-uretici-16.jpg","type":"image\/jpeg"}],"twitter_card":"summary_large_image","twitter_site":"@gulegulegiy","schema":{"@context":"https:\/\/schema.org","@graph":[{"@type":"WebPage","@id":"https:\/\/gulegulegiy.com\/en\/urun\/esofman-takimi-alt-ust-jogger-crop-sweat-kadin-siyah\/","url":"https:\/\/gulegulegiy.com\/en\/urun\/esofman-takimi-alt-ust-jogger-crop-sweat-kadin-siyah\/","name":"E\u015fofman Tak\u0131m\u0131 Alt \u00dcst Jogger Crop Sweat Kad\u0131n Siyah - GuleGuleGiy Tshirt Hoodie Cap Jogger","isPartOf":{"@id":"https:\/\/gulegulegiy.com\/#website"},"primaryImageOfPage":{"@id":"https:\/\/gulegulegiy.com\/en\/urun\/esofman-takimi-alt-ust-jogger-crop-sweat-kadin-siyah\/#primaryimage"},"image":{"@id":"https:\/\/gulegulegiy.com\/en\/urun\/esofman-takimi-alt-ust-jogger-crop-sweat-kadin-siyah\/#primaryimage"},"thumbnailUrl":"https:\/\/i0.wp.com\/gulegulegiy.com\/wp-content\/uploads\/2023\/04\/ggg-tracksuit-crop-sweat-jogger-kadin-imalat-uretim-gulegulegiy-kadin-giyim-siyah-altin-kusgozu-baskili-uretici-16.jpg?fit=1200%2C1800&ssl=1","datePublished":"2023-04-07T11:05:49+00:00","dateModified":"2025-08-18T07:26:06+00:00","breadcrumb":{"@id":"https:\/\/gulegulegiy.com\/en\/urun\/esofman-takimi-alt-ust-jogger-crop-sweat-kadin-siyah\/#breadcrumb"},"inLanguage":"en-US","potentialAction":[{"@type":"ReadAction","target":["https:\/\/gulegulegiy.com\/en\/urun\/esofman-takimi-alt-ust-jogger-crop-sweat-kadin-siyah\/"]}]},{"@type":"ImageObject","inLanguage":"en-US","@id":"https:\/\/gulegulegiy.com\/en\/urun\/esofman-takimi-alt-ust-jogger-crop-sweat-kadin-siyah\/#primaryimage","url":"https:\/\/i0.wp.com\/gulegulegiy.com\/wp-content\/uploads\/2023\/04\/ggg-tracksuit-crop-sweat-jogger-kadin-imalat-uretim-gulegulegiy-kadin-giyim-siyah-altin-kusgozu-baskili-uretici-16.jpg?fit=1200%2C1800&ssl=1","contentUrl":"https:\/\/i0.wp.com\/gulegulegiy.com\/wp-content\/uploads\/2023\/04\/ggg-tracksuit-crop-sweat-jogger-kadin-imalat-uretim-gulegulegiy-kadin-giyim-siyah-altin-kusgozu-baskili-uretici-16.jpg?fit=1200%2C1800&ssl=1","width":1200,"height":1800},{"@type":"BreadcrumbList","@id":"https:\/\/gulegulegiy.com\/en\/urun\/esofman-takimi-alt-ust-jogger-crop-sweat-kadin-siyah\/#breadcrumb","itemListElement":[{"@type":"ListItem","position":1,"name":"Ana sayfa","item":"https:\/\/gulegulegiy.com\/en\/"},{"@type":"ListItem","position":2,"name":"Ma\u011faza","item":"https:\/\/gulegulegiy.com\/magaza\/"},{"@type":"ListItem","position":3,"name":"E\u015fofman Tak\u0131m\u0131 Alt \u00dcst Jogger Crop Sweat Kad\u0131n Siyah"}]},{"@type":"WebSite","@id":"https:\/\/gulegulegiy.com\/#website","url":"https:\/\/gulegulegiy.com\/","name":"GuleGuleGiy Tshirt Hoodie Cap Jogger","description":"Tshirt, sweatshirt, hoodie, baseball cap, tank top, leggings, joggers, shorts","publisher":{"@id":"https:\/\/gulegulegiy.com\/#organization"},"potentialAction":[{"@type":"SearchAction","target":{"@type":"EntryPoint","urlTemplate":"https:\/\/gulegulegiy.com\/?s={search_term_string}"},"query-input":{"@type":"PropertyValueSpecification","valueRequired":true,"valueName":"search_term_string"}}],"inLanguage":"en-US"},{"@type":"Organization","@id":"https:\/\/gulegulegiy.com\/#organization","name":"G\u00fcleG\u00fclegiy.com","url":"https:\/\/gulegulegiy.com\/","logo":{"@type":"ImageObject","inLanguage":"en-US","@id":"https:\/\/gulegulegiy.com\/#\/schema\/logo\/image\/","url":"https:\/\/i2.wp.com\/gulegulegiy.com\/wp-content\/uploads\/2016\/08\/ggg-yatay-logo-yazili.png?fit=2207%2C400&ssl=1","contentUrl":"https:\/\/i2.wp.com\/gulegulegiy.com\/wp-content\/uploads\/2016\/08\/ggg-yatay-logo-yazili.png?fit=2207%2C400&ssl=1","width":2207,"height":400,"caption":"G\u00fcleG\u00fclegiy.com"},"image":{"@id":"https:\/\/gulegulegiy.com\/#\/schema\/logo\/image\/"},"sameAs":["https:\/\/www.facebook.com\/GuleGuleGiy\/","https:\/\/x.com\/gulegulegiy","https:\/\/twitter.com\/gulegulegiy","https:\/\/tr.pinterest.com\/gulegulegiy\/","https:\/\/www.youtube.com\/c\/GuleGuleGiy"]}]}},"jetpack_publicize_connections":[],"jetpack_sharing_enabled":true,"_links":{"self":[{"href":"https:\/\/gulegulegiy.com\/en\/wp-json\/wp\/v2\/product\/17368","targetHints":{"allow":["GET"]}}],"collection":[{"href":"https:\/\/gulegulegiy.com\/en\/wp-json\/wp\/v2\/product"}],"about":[{"href":"https:\/\/gulegulegiy.com\/en\/wp-json\/wp\/v2\/types\/product"}],"wp:featuredmedia":[{"embeddable":true,"href":"https:\/\/gulegulegiy.com\/en\/wp-json\/wp\/v2\/media\/17284"}],"wp:attachment":[{"href":"https:\/\/gulegulegiy.com\/en\/wp-json\/wp\/v2\/media?parent=17368"}],"wp:term":[{"taxonomy":"product_brand","embeddable":true,"href":"https:\/\/gulegulegiy.com\/en\/wp-json\/wp\/v2\/product_brand?post=17368"},{"taxonomy":"product_cat","embeddable":true,"href":"https:\/\/gulegulegiy.com\/en\/wp-json\/wp\/v2\/product_cat?post=17368"},{"taxonomy":"product_tag","embeddable":true,"href":"https:\/\/gulegulegiy.com\/en\/wp-json\/wp\/v2\/product_tag?post=17368"}],"curies":[{"name":"wp","href":"https:\/\/api.w.org\/{rel}","templated":true}]}}