{"id":17182,"date":"2023-04-03T07:29:20","date_gmt":"2023-04-03T07:29:20","guid":{"rendered":"https:\/\/gulegulegiy.com\/?post_type=product&#038;p=17182"},"modified":"2025-08-18T07:26:21","modified_gmt":"2025-08-18T07:26:21","slug":"jogger-toparlayici-bel-gizli-cep-lastikli-paca-kargo-cep-yesil-kadin-baggy","status":"publish","type":"product","link":"https:\/\/gulegulegiy.com\/en\/urun\/jogger-toparlayici-bel-gizli-cep-lastikli-paca-kargo-cep-yesil-kadin-baggy\/","title":{"rendered":"Jogger Baggy Toparlay\u0131c\u0131 Bel Gizli Cep Lastikli Pa\u00e7a Kargo Cep Ye\u015fil Kad\u0131n"},"content":{"rendered":"","protected":false},"excerpt":{"rendered":"<p>Jogger E\u015fofman alt\u0131, lastikli pa\u00e7a, toparlay\u0131c\u0131 kemerli bel, kargo cep, dokuma logo aksesuar uygulamas\u0131, kad\u0131n relaxed baggy fit<\/p>\n<p>%70 pamuk %30 polyester \u00fcst\u00fcn kalite vanize 3 iplik penye i\u00e7i polarl\u0131 (\u015fardonlu) kal\u0131n e\u015fofman kuma\u015f\u0131, ipeksi hissiyat, canl\u0131 renk, ferah kal\u0131p tracksuit pants, pantolon<\/p>\n<p>Bu \u00fcr\u00fcn alt \u2013 \u00fcst tak\u0131m de\u011fil, sadece e\u015fofman alt\u0131d\u0131r, foto\u011fraflarda tak\u0131m olarak g\u00f6z\u00fcken \u00fcst par\u00e7a tek olarak ayr\u0131 ya da alt \u00fcst tak\u0131m olarak sat\u0131n al\u0131nabilir.<\/p>\n","protected":false},"featured_media":17235,"template":"","meta":{"jetpack_publicize_message":"Jogger Toparlay\u0131c\u0131 Bel Gizli Cep Lastikli Pa\u00e7a Kargo Cep Ye\u015fil Kad\u0131n","jetpack_publicize_feature_enabled":true,"jetpack_social_post_already_shared":true,"jetpack_social_options":{"image_generator_settings":{"template":"highway","default_image_id":0,"font":"","enabled":false},"version":2}},"product_brand":[],"product_cat":[918],"product_tag":[1164,1159,1166,1165,1167,897],"class_list":{"0":"post-17182","1":"product","2":"type-product","3":"status-publish","4":"has-post-thumbnail","6":"product_cat-hoodie-sweatshirt-jogger","7":"product_tag-bel","8":"product_tag-jogger","9":"product_tag-kargo-cep","10":"product_tag-lastikli","11":"product_tag-tracksuit-pants","12":"product_tag-yesil","14":"first","15":"instock","16":"sale","17":"taxable","18":"shipping-taxable","19":"purchasable","20":"product-type-variable"},"yoast_head":"<!-- This site is optimized with the Yoast SEO plugin v27.4 - https:\/\/yoast.com\/product\/yoast-seo-wordpress\/ -->\n<title>Jogger Baggy Toparlay\u0131c\u0131 Bel Gizli Cep Lastikli Pa\u00e7a Kargo Cep Ye\u015fil Kad\u0131n - GuleGuleGiy Tshirt Hoodie Cap Jogger<\/title>\n<meta name=\"robots\" content=\"index, follow, max-snippet:-1, max-image-preview:large, max-video-preview:-1\" \/>\n<link rel=\"canonical\" href=\"https:\/\/gulegulegiy.com\/en\/urun\/jogger-toparlayici-bel-gizli-cep-lastikli-paca-kargo-cep-yesil-kadin-baggy\/\" \/>\n<meta property=\"og:locale\" content=\"en_US\" \/>\n<meta property=\"og:type\" content=\"article\" \/>\n<meta property=\"og:title\" content=\"Jogger Baggy Toparlay\u0131c\u0131 Bel Gizli Cep Lastikli Pa\u00e7a Kargo Cep Ye\u015fil Kad\u0131n - GuleGuleGiy Tshirt Hoodie Cap Jogger\" \/>\n<meta property=\"og:description\" content=\"Jogger E\u015fofman alt\u0131, lastikli pa\u00e7a, toparlay\u0131c\u0131 kemerli bel, kargo cep, dokuma logo aksesuar uygulamas\u0131, kad\u0131n relaxed baggy fit  %70 pamuk %30 polyester \u00fcst\u00fcn kalite vanize 3 iplik penye i\u00e7i polarl\u0131 (\u015fardonlu) kal\u0131n e\u015fofman kuma\u015f\u0131, ipeksi hissiyat, canl\u0131 renk, ferah kal\u0131p tracksuit pants, pantolon  Bu \u00fcr\u00fcn alt \u2013 \u00fcst tak\u0131m de\u011fil, sadece e\u015fofman alt\u0131d\u0131r, foto\u011fraflarda tak\u0131m olarak g\u00f6z\u00fcken \u00fcst par\u00e7a tek olarak ayr\u0131 ya da alt \u00fcst tak\u0131m olarak sat\u0131n al\u0131nabilir.\" \/>\n<meta property=\"og:url\" content=\"https:\/\/gulegulegiy.com\/en\/urun\/jogger-toparlayici-bel-gizli-cep-lastikli-paca-kargo-cep-yesil-kadin-baggy\/\" \/>\n<meta property=\"og:site_name\" content=\"GuleGuleGiy Tshirt Hoodie Cap Jogger\" \/>\n<meta property=\"article:publisher\" content=\"https:\/\/www.facebook.com\/GuleGuleGiy\/\" \/>\n<meta property=\"article:modified_time\" content=\"2025-08-18T07:26:21+00:00\" \/>\n<meta property=\"og:image\" content=\"https:\/\/gulegulegiy.com\/wp-content\/uploads\/2023\/04\/ggg-tracksuit-hoodie-jogger-kadin-bayan-sweat-esofman-takim-tasli-lastikli-bel-uretim-imalat-toptan25.jpg\" \/>\n\t<meta property=\"og:image:width\" content=\"1200\" \/>\n\t<meta property=\"og:image:height\" content=\"1800\" \/>\n\t<meta property=\"og:image:type\" content=\"image\/jpeg\" \/>\n<meta name=\"twitter:card\" content=\"summary_large_image\" \/>\n<meta name=\"twitter:site\" content=\"@gulegulegiy\" \/>\n<script type=\"application\/ld+json\" class=\"yoast-schema-graph\">{\"@context\":\"https:\\\/\\\/schema.org\",\"@graph\":[{\"@type\":\"WebPage\",\"@id\":\"https:\\\/\\\/gulegulegiy.com\\\/en\\\/urun\\\/jogger-toparlayici-bel-gizli-cep-lastikli-paca-kargo-cep-yesil-kadin-baggy\\\/\",\"url\":\"https:\\\/\\\/gulegulegiy.com\\\/en\\\/urun\\\/jogger-toparlayici-bel-gizli-cep-lastikli-paca-kargo-cep-yesil-kadin-baggy\\\/\",\"name\":\"Jogger Baggy Toparlay\u0131c\u0131 Bel Gizli Cep Lastikli Pa\u00e7a Kargo Cep Ye\u015fil Kad\u0131n - GuleGuleGiy Tshirt Hoodie Cap Jogger\",\"isPartOf\":{\"@id\":\"https:\\\/\\\/gulegulegiy.com\\\/#website\"},\"primaryImageOfPage\":{\"@id\":\"https:\\\/\\\/gulegulegiy.com\\\/en\\\/urun\\\/jogger-toparlayici-bel-gizli-cep-lastikli-paca-kargo-cep-yesil-kadin-baggy\\\/#primaryimage\"},\"image\":{\"@id\":\"https:\\\/\\\/gulegulegiy.com\\\/en\\\/urun\\\/jogger-toparlayici-bel-gizli-cep-lastikli-paca-kargo-cep-yesil-kadin-baggy\\\/#primaryimage\"},\"thumbnailUrl\":\"https:\\\/\\\/i0.wp.com\\\/gulegulegiy.com\\\/wp-content\\\/uploads\\\/2023\\\/04\\\/ggg-tracksuit-hoodie-jogger-kadin-bayan-sweat-esofman-takim-tasli-lastikli-bel-uretim-imalat-toptan25.jpg?fit=1200%2C1800&ssl=1\",\"datePublished\":\"2023-04-03T07:29:20+00:00\",\"dateModified\":\"2025-08-18T07:26:21+00:00\",\"breadcrumb\":{\"@id\":\"https:\\\/\\\/gulegulegiy.com\\\/en\\\/urun\\\/jogger-toparlayici-bel-gizli-cep-lastikli-paca-kargo-cep-yesil-kadin-baggy\\\/#breadcrumb\"},\"inLanguage\":\"en-US\",\"potentialAction\":[{\"@type\":\"ReadAction\",\"target\":[\"https:\\\/\\\/gulegulegiy.com\\\/en\\\/urun\\\/jogger-toparlayici-bel-gizli-cep-lastikli-paca-kargo-cep-yesil-kadin-baggy\\\/\"]}]},{\"@type\":\"ImageObject\",\"inLanguage\":\"en-US\",\"@id\":\"https:\\\/\\\/gulegulegiy.com\\\/en\\\/urun\\\/jogger-toparlayici-bel-gizli-cep-lastikli-paca-kargo-cep-yesil-kadin-baggy\\\/#primaryimage\",\"url\":\"https:\\\/\\\/i0.wp.com\\\/gulegulegiy.com\\\/wp-content\\\/uploads\\\/2023\\\/04\\\/ggg-tracksuit-hoodie-jogger-kadin-bayan-sweat-esofman-takim-tasli-lastikli-bel-uretim-imalat-toptan25.jpg?fit=1200%2C1800&ssl=1\",\"contentUrl\":\"https:\\\/\\\/i0.wp.com\\\/gulegulegiy.com\\\/wp-content\\\/uploads\\\/2023\\\/04\\\/ggg-tracksuit-hoodie-jogger-kadin-bayan-sweat-esofman-takim-tasli-lastikli-bel-uretim-imalat-toptan25.jpg?fit=1200%2C1800&ssl=1\",\"width\":1200,\"height\":1800},{\"@type\":\"BreadcrumbList\",\"@id\":\"https:\\\/\\\/gulegulegiy.com\\\/en\\\/urun\\\/jogger-toparlayici-bel-gizli-cep-lastikli-paca-kargo-cep-yesil-kadin-baggy\\\/#breadcrumb\",\"itemListElement\":[{\"@type\":\"ListItem\",\"position\":1,\"name\":\"Ana sayfa\",\"item\":\"https:\\\/\\\/gulegulegiy.com\\\/en\\\/\"},{\"@type\":\"ListItem\",\"position\":2,\"name\":\"Ma\u011faza\",\"item\":\"https:\\\/\\\/gulegulegiy.com\\\/magaza\\\/\"},{\"@type\":\"ListItem\",\"position\":3,\"name\":\"Jogger Baggy Toparlay\u0131c\u0131 Bel Gizli Cep Lastikli Pa\u00e7a Kargo Cep Ye\u015fil Kad\u0131n\"}]},{\"@type\":\"WebSite\",\"@id\":\"https:\\\/\\\/gulegulegiy.com\\\/#website\",\"url\":\"https:\\\/\\\/gulegulegiy.com\\\/\",\"name\":\"GuleGuleGiy Tshirt Hoodie Cap Jogger\",\"description\":\"Tshirt, sweatshirt, hoodie, baseball cap, tank top, leggings, joggers, shorts\",\"publisher\":{\"@id\":\"https:\\\/\\\/gulegulegiy.com\\\/#organization\"},\"potentialAction\":[{\"@type\":\"SearchAction\",\"target\":{\"@type\":\"EntryPoint\",\"urlTemplate\":\"https:\\\/\\\/gulegulegiy.com\\\/?s={search_term_string}\"},\"query-input\":{\"@type\":\"PropertyValueSpecification\",\"valueRequired\":true,\"valueName\":\"search_term_string\"}}],\"inLanguage\":\"en-US\"},{\"@type\":\"Organization\",\"@id\":\"https:\\\/\\\/gulegulegiy.com\\\/#organization\",\"name\":\"G\u00fcleG\u00fclegiy.com\",\"url\":\"https:\\\/\\\/gulegulegiy.com\\\/\",\"logo\":{\"@type\":\"ImageObject\",\"inLanguage\":\"en-US\",\"@id\":\"https:\\\/\\\/gulegulegiy.com\\\/#\\\/schema\\\/logo\\\/image\\\/\",\"url\":\"https:\\\/\\\/i2.wp.com\\\/gulegulegiy.com\\\/wp-content\\\/uploads\\\/2016\\\/08\\\/ggg-yatay-logo-yazili.png?fit=2207%2C400&ssl=1\",\"contentUrl\":\"https:\\\/\\\/i2.wp.com\\\/gulegulegiy.com\\\/wp-content\\\/uploads\\\/2016\\\/08\\\/ggg-yatay-logo-yazili.png?fit=2207%2C400&ssl=1\",\"width\":2207,\"height\":400,\"caption\":\"G\u00fcleG\u00fclegiy.com\"},\"image\":{\"@id\":\"https:\\\/\\\/gulegulegiy.com\\\/#\\\/schema\\\/logo\\\/image\\\/\"},\"sameAs\":[\"https:\\\/\\\/www.facebook.com\\\/GuleGuleGiy\\\/\",\"https:\\\/\\\/x.com\\\/gulegulegiy\",\"https:\\\/\\\/twitter.com\\\/gulegulegiy\",\"https:\\\/\\\/tr.pinterest.com\\\/gulegulegiy\\\/\",\"https:\\\/\\\/www.youtube.com\\\/c\\\/GuleGuleGiy\"]}]}<\/script>\n<!-- \/ Yoast SEO plugin. -->","yoast_head_json":{"title":"Jogger Baggy Toparlay\u0131c\u0131 Bel Gizli Cep Lastikli Pa\u00e7a Kargo Cep Ye\u015fil Kad\u0131n - GuleGuleGiy Tshirt Hoodie Cap Jogger","robots":{"index":"index","follow":"follow","max-snippet":"max-snippet:-1","max-image-preview":"max-image-preview:large","max-video-preview":"max-video-preview:-1"},"canonical":"https:\/\/gulegulegiy.com\/en\/urun\/jogger-toparlayici-bel-gizli-cep-lastikli-paca-kargo-cep-yesil-kadin-baggy\/","og_locale":"en_US","og_type":"article","og_title":"Jogger Baggy Toparlay\u0131c\u0131 Bel Gizli Cep Lastikli Pa\u00e7a Kargo Cep Ye\u015fil Kad\u0131n - GuleGuleGiy Tshirt Hoodie Cap Jogger","og_description":"Jogger E\u015fofman alt\u0131, lastikli pa\u00e7a, toparlay\u0131c\u0131 kemerli bel, kargo cep, dokuma logo aksesuar uygulamas\u0131, kad\u0131n relaxed baggy fit  %70 pamuk %30 polyester \u00fcst\u00fcn kalite vanize 3 iplik penye i\u00e7i polarl\u0131 (\u015fardonlu) kal\u0131n e\u015fofman kuma\u015f\u0131, ipeksi hissiyat, canl\u0131 renk, ferah kal\u0131p tracksuit pants, pantolon  Bu \u00fcr\u00fcn alt \u2013 \u00fcst tak\u0131m de\u011fil, sadece e\u015fofman alt\u0131d\u0131r, foto\u011fraflarda tak\u0131m olarak g\u00f6z\u00fcken \u00fcst par\u00e7a tek olarak ayr\u0131 ya da alt \u00fcst tak\u0131m olarak sat\u0131n al\u0131nabilir.","og_url":"https:\/\/gulegulegiy.com\/en\/urun\/jogger-toparlayici-bel-gizli-cep-lastikli-paca-kargo-cep-yesil-kadin-baggy\/","og_site_name":"GuleGuleGiy Tshirt Hoodie Cap Jogger","article_publisher":"https:\/\/www.facebook.com\/GuleGuleGiy\/","article_modified_time":"2025-08-18T07:26:21+00:00","og_image":[{"width":1200,"height":1800,"url":"https:\/\/gulegulegiy.com\/wp-content\/uploads\/2023\/04\/ggg-tracksuit-hoodie-jogger-kadin-bayan-sweat-esofman-takim-tasli-lastikli-bel-uretim-imalat-toptan25.jpg","type":"image\/jpeg"}],"twitter_card":"summary_large_image","twitter_site":"@gulegulegiy","schema":{"@context":"https:\/\/schema.org","@graph":[{"@type":"WebPage","@id":"https:\/\/gulegulegiy.com\/en\/urun\/jogger-toparlayici-bel-gizli-cep-lastikli-paca-kargo-cep-yesil-kadin-baggy\/","url":"https:\/\/gulegulegiy.com\/en\/urun\/jogger-toparlayici-bel-gizli-cep-lastikli-paca-kargo-cep-yesil-kadin-baggy\/","name":"Jogger Baggy Toparlay\u0131c\u0131 Bel Gizli Cep Lastikli Pa\u00e7a Kargo Cep Ye\u015fil Kad\u0131n - GuleGuleGiy Tshirt Hoodie Cap Jogger","isPartOf":{"@id":"https:\/\/gulegulegiy.com\/#website"},"primaryImageOfPage":{"@id":"https:\/\/gulegulegiy.com\/en\/urun\/jogger-toparlayici-bel-gizli-cep-lastikli-paca-kargo-cep-yesil-kadin-baggy\/#primaryimage"},"image":{"@id":"https:\/\/gulegulegiy.com\/en\/urun\/jogger-toparlayici-bel-gizli-cep-lastikli-paca-kargo-cep-yesil-kadin-baggy\/#primaryimage"},"thumbnailUrl":"https:\/\/i0.wp.com\/gulegulegiy.com\/wp-content\/uploads\/2023\/04\/ggg-tracksuit-hoodie-jogger-kadin-bayan-sweat-esofman-takim-tasli-lastikli-bel-uretim-imalat-toptan25.jpg?fit=1200%2C1800&ssl=1","datePublished":"2023-04-03T07:29:20+00:00","dateModified":"2025-08-18T07:26:21+00:00","breadcrumb":{"@id":"https:\/\/gulegulegiy.com\/en\/urun\/jogger-toparlayici-bel-gizli-cep-lastikli-paca-kargo-cep-yesil-kadin-baggy\/#breadcrumb"},"inLanguage":"en-US","potentialAction":[{"@type":"ReadAction","target":["https:\/\/gulegulegiy.com\/en\/urun\/jogger-toparlayici-bel-gizli-cep-lastikli-paca-kargo-cep-yesil-kadin-baggy\/"]}]},{"@type":"ImageObject","inLanguage":"en-US","@id":"https:\/\/gulegulegiy.com\/en\/urun\/jogger-toparlayici-bel-gizli-cep-lastikli-paca-kargo-cep-yesil-kadin-baggy\/#primaryimage","url":"https:\/\/i0.wp.com\/gulegulegiy.com\/wp-content\/uploads\/2023\/04\/ggg-tracksuit-hoodie-jogger-kadin-bayan-sweat-esofman-takim-tasli-lastikli-bel-uretim-imalat-toptan25.jpg?fit=1200%2C1800&ssl=1","contentUrl":"https:\/\/i0.wp.com\/gulegulegiy.com\/wp-content\/uploads\/2023\/04\/ggg-tracksuit-hoodie-jogger-kadin-bayan-sweat-esofman-takim-tasli-lastikli-bel-uretim-imalat-toptan25.jpg?fit=1200%2C1800&ssl=1","width":1200,"height":1800},{"@type":"BreadcrumbList","@id":"https:\/\/gulegulegiy.com\/en\/urun\/jogger-toparlayici-bel-gizli-cep-lastikli-paca-kargo-cep-yesil-kadin-baggy\/#breadcrumb","itemListElement":[{"@type":"ListItem","position":1,"name":"Ana sayfa","item":"https:\/\/gulegulegiy.com\/en\/"},{"@type":"ListItem","position":2,"name":"Ma\u011faza","item":"https:\/\/gulegulegiy.com\/magaza\/"},{"@type":"ListItem","position":3,"name":"Jogger Baggy Toparlay\u0131c\u0131 Bel Gizli Cep Lastikli Pa\u00e7a Kargo Cep Ye\u015fil Kad\u0131n"}]},{"@type":"WebSite","@id":"https:\/\/gulegulegiy.com\/#website","url":"https:\/\/gulegulegiy.com\/","name":"GuleGuleGiy Tshirt Hoodie Cap Jogger","description":"Tshirt, sweatshirt, hoodie, baseball cap, tank top, leggings, joggers, shorts","publisher":{"@id":"https:\/\/gulegulegiy.com\/#organization"},"potentialAction":[{"@type":"SearchAction","target":{"@type":"EntryPoint","urlTemplate":"https:\/\/gulegulegiy.com\/?s={search_term_string}"},"query-input":{"@type":"PropertyValueSpecification","valueRequired":true,"valueName":"search_term_string"}}],"inLanguage":"en-US"},{"@type":"Organization","@id":"https:\/\/gulegulegiy.com\/#organization","name":"G\u00fcleG\u00fclegiy.com","url":"https:\/\/gulegulegiy.com\/","logo":{"@type":"ImageObject","inLanguage":"en-US","@id":"https:\/\/gulegulegiy.com\/#\/schema\/logo\/image\/","url":"https:\/\/i2.wp.com\/gulegulegiy.com\/wp-content\/uploads\/2016\/08\/ggg-yatay-logo-yazili.png?fit=2207%2C400&ssl=1","contentUrl":"https:\/\/i2.wp.com\/gulegulegiy.com\/wp-content\/uploads\/2016\/08\/ggg-yatay-logo-yazili.png?fit=2207%2C400&ssl=1","width":2207,"height":400,"caption":"G\u00fcleG\u00fclegiy.com"},"image":{"@id":"https:\/\/gulegulegiy.com\/#\/schema\/logo\/image\/"},"sameAs":["https:\/\/www.facebook.com\/GuleGuleGiy\/","https:\/\/x.com\/gulegulegiy","https:\/\/twitter.com\/gulegulegiy","https:\/\/tr.pinterest.com\/gulegulegiy\/","https:\/\/www.youtube.com\/c\/GuleGuleGiy"]}]}},"jetpack_publicize_connections":[],"jetpack_sharing_enabled":true,"_links":{"self":[{"href":"https:\/\/gulegulegiy.com\/en\/wp-json\/wp\/v2\/product\/17182","targetHints":{"allow":["GET"]}}],"collection":[{"href":"https:\/\/gulegulegiy.com\/en\/wp-json\/wp\/v2\/product"}],"about":[{"href":"https:\/\/gulegulegiy.com\/en\/wp-json\/wp\/v2\/types\/product"}],"wp:featuredmedia":[{"embeddable":true,"href":"https:\/\/gulegulegiy.com\/en\/wp-json\/wp\/v2\/media\/17235"}],"wp:attachment":[{"href":"https:\/\/gulegulegiy.com\/en\/wp-json\/wp\/v2\/media?parent=17182"}],"wp:term":[{"taxonomy":"product_brand","embeddable":true,"href":"https:\/\/gulegulegiy.com\/en\/wp-json\/wp\/v2\/product_brand?post=17182"},{"taxonomy":"product_cat","embeddable":true,"href":"https:\/\/gulegulegiy.com\/en\/wp-json\/wp\/v2\/product_cat?post=17182"},{"taxonomy":"product_tag","embeddable":true,"href":"https:\/\/gulegulegiy.com\/en\/wp-json\/wp\/v2\/product_tag?post=17182"}],"curies":[{"name":"wp","href":"https:\/\/api.w.org\/{rel}","templated":true}]}}