{"id":11099,"date":"2019-12-22T06:19:05","date_gmt":"2019-12-22T06:19:05","guid":{"rendered":"https:\/\/gulegulegiy.com\/?post_type=product&#038;p=11099"},"modified":"2025-06-15T08:19:15","modified_gmt":"2025-06-15T08:19:15","slug":"basic-hoodie-kadin-cepli-kapusonlu","status":"publish","type":"product","link":"https:\/\/gulegulegiy.com\/en\/urun\/basic-hoodie-kadin-cepli-kapusonlu\/","title":{"rendered":"Basic Hoodie ( Cepli, Kap\u00fc\u015fonlu )"},"content":{"rendered":"","protected":false},"excerpt":{"rendered":"<p>\u00dcst\u00fcn kalite \u015eardonlu 3 iplik kal\u0131n kuma\u015f, %65 Pamuk %35 Polyester<\/p>\n<p>So\u011fuktan korur, i\u00e7i polarl\u0131d\u0131r.<\/p>\n<p>\u00dcr\u00fcn ip ucu vb min\u00f6r detaylarda farkl\u0131l\u0131klar olabilir.<\/p>\n","protected":false},"featured_media":11103,"template":"","meta":{"jetpack_publicize_message":"","jetpack_publicize_feature_enabled":true,"jetpack_social_post_already_shared":true,"jetpack_social_options":{"image_generator_settings":{"template":"highway","default_image_id":0,"font":"","enabled":false},"version":2}},"product_brand":[],"product_cat":[918],"product_tag":[804,873,920,919,921,818,874],"class_list":{"0":"post-11099","1":"product","2":"type-product","3":"status-publish","4":"has-post-thumbnail","6":"product_cat-hoodie-sweatshirt-jogger","7":"product_tag-basic","8":"product_tag-hoodie","9":"product_tag-kapsonlu","10":"product_tag-kapusonlu","11":"product_tag-polarli","12":"product_tag-siyah","13":"product_tag-unisex","15":"first","16":"instock","17":"sale","18":"taxable","19":"shipping-taxable","20":"purchasable","21":"product-type-variable"},"yoast_head":"<!-- This site is optimized with the Yoast SEO plugin v26.4 - https:\/\/yoast.com\/wordpress\/plugins\/seo\/ -->\n<title>Basic Hoodie ( Cepli, Kap\u00fc\u015fonlu ) - GuleGuleGiy Tshirt Hoodie Cap Jogger<\/title>\n<meta name=\"robots\" content=\"index, follow, max-snippet:-1, max-image-preview:large, max-video-preview:-1\" \/>\n<link rel=\"canonical\" href=\"https:\/\/gulegulegiy.com\/en\/urun\/basic-hoodie-kadin-cepli-kapusonlu\/\" \/>\n<meta property=\"og:locale\" content=\"en_US\" \/>\n<meta property=\"og:type\" content=\"article\" \/>\n<meta property=\"og:title\" content=\"Basic Hoodie ( Cepli, Kap\u00fc\u015fonlu ) - GuleGuleGiy Tshirt Hoodie Cap Jogger\" \/>\n<meta property=\"og:description\" content=\"\u00dcst\u00fcn kalite \u015eardonlu 3 iplik kal\u0131n kuma\u015f, %65 Pamuk %35 Polyester  So\u011fuktan korur, i\u00e7i polarl\u0131d\u0131r.  \u00dcr\u00fcn ip ucu vb min\u00f6r detaylarda farkl\u0131l\u0131klar olabilir.\" \/>\n<meta property=\"og:url\" content=\"https:\/\/gulegulegiy.com\/en\/urun\/basic-hoodie-kadin-cepli-kapusonlu\/\" \/>\n<meta property=\"og:site_name\" content=\"GuleGuleGiy Tshirt Hoodie Cap Jogger\" \/>\n<meta property=\"article:publisher\" content=\"https:\/\/www.facebook.com\/GuleGuleGiy\/\" \/>\n<meta property=\"article:modified_time\" content=\"2025-06-15T08:19:15+00:00\" \/>\n<meta property=\"og:image\" content=\"https:\/\/gulegulegiy.com\/wp-content\/uploads\/2019\/12\/hoodie-basic-siyah-kap\u00fcsonlu-cepli-kapsonlu-kadin-toptan-sade-yaptirma-fermuarl\u0131-baskisiz-baskili-urettirme-pamuk-sardonlu-polarl\u0131-4.jpg\" \/>\n\t<meta property=\"og:image:width\" content=\"2000\" \/>\n\t<meta property=\"og:image:height\" content=\"2000\" \/>\n\t<meta property=\"og:image:type\" content=\"image\/jpeg\" \/>\n<meta name=\"twitter:card\" content=\"summary_large_image\" \/>\n<meta name=\"twitter:site\" content=\"@gulegulegiy\" \/>\n<script type=\"application\/ld+json\" class=\"yoast-schema-graph\">{\"@context\":\"https:\/\/schema.org\",\"@graph\":[{\"@type\":\"WebPage\",\"@id\":\"https:\/\/gulegulegiy.com\/en\/urun\/basic-hoodie-kadin-cepli-kapusonlu\/\",\"url\":\"https:\/\/gulegulegiy.com\/en\/urun\/basic-hoodie-kadin-cepli-kapusonlu\/\",\"name\":\"Basic Hoodie ( Cepli, Kap\u00fc\u015fonlu ) - GuleGuleGiy Tshirt Hoodie Cap Jogger\",\"isPartOf\":{\"@id\":\"https:\/\/gulegulegiy.com\/#website\"},\"primaryImageOfPage\":{\"@id\":\"https:\/\/gulegulegiy.com\/en\/urun\/basic-hoodie-kadin-cepli-kapusonlu\/#primaryimage\"},\"image\":{\"@id\":\"https:\/\/gulegulegiy.com\/en\/urun\/basic-hoodie-kadin-cepli-kapusonlu\/#primaryimage\"},\"thumbnailUrl\":\"https:\/\/i0.wp.com\/gulegulegiy.com\/wp-content\/uploads\/2019\/12\/hoodie-basic-siyah-kap%C3%BCsonlu-cepli-kapsonlu-kadin-toptan-sade-yaptirma-fermuarl%C4%B1-baskisiz-baskili-urettirme-pamuk-sardonlu-polarl%C4%B1-4.jpg?fit=2000%2C2000&ssl=1\",\"datePublished\":\"2019-12-22T06:19:05+00:00\",\"dateModified\":\"2025-06-15T08:19:15+00:00\",\"breadcrumb\":{\"@id\":\"https:\/\/gulegulegiy.com\/en\/urun\/basic-hoodie-kadin-cepli-kapusonlu\/#breadcrumb\"},\"inLanguage\":\"en-US\",\"potentialAction\":[{\"@type\":\"ReadAction\",\"target\":[\"https:\/\/gulegulegiy.com\/en\/urun\/basic-hoodie-kadin-cepli-kapusonlu\/\"]}]},{\"@type\":\"ImageObject\",\"inLanguage\":\"en-US\",\"@id\":\"https:\/\/gulegulegiy.com\/en\/urun\/basic-hoodie-kadin-cepli-kapusonlu\/#primaryimage\",\"url\":\"https:\/\/i0.wp.com\/gulegulegiy.com\/wp-content\/uploads\/2019\/12\/hoodie-basic-siyah-kap%C3%BCsonlu-cepli-kapsonlu-kadin-toptan-sade-yaptirma-fermuarl%C4%B1-baskisiz-baskili-urettirme-pamuk-sardonlu-polarl%C4%B1-4.jpg?fit=2000%2C2000&ssl=1\",\"contentUrl\":\"https:\/\/i0.wp.com\/gulegulegiy.com\/wp-content\/uploads\/2019\/12\/hoodie-basic-siyah-kap%C3%BCsonlu-cepli-kapsonlu-kadin-toptan-sade-yaptirma-fermuarl%C4%B1-baskisiz-baskili-urettirme-pamuk-sardonlu-polarl%C4%B1-4.jpg?fit=2000%2C2000&ssl=1\",\"width\":2000,\"height\":2000},{\"@type\":\"BreadcrumbList\",\"@id\":\"https:\/\/gulegulegiy.com\/en\/urun\/basic-hoodie-kadin-cepli-kapusonlu\/#breadcrumb\",\"itemListElement\":[{\"@type\":\"ListItem\",\"position\":1,\"name\":\"Ana sayfa\",\"item\":\"https:\/\/gulegulegiy.com\/en\/\"},{\"@type\":\"ListItem\",\"position\":2,\"name\":\"Ma\u011faza\",\"item\":\"https:\/\/gulegulegiy.com\/magaza\/\"},{\"@type\":\"ListItem\",\"position\":3,\"name\":\"Basic Hoodie ( Cepli, Kap\u00fc\u015fonlu )\"}]},{\"@type\":\"WebSite\",\"@id\":\"https:\/\/gulegulegiy.com\/#website\",\"url\":\"https:\/\/gulegulegiy.com\/\",\"name\":\"GuleGuleGiy Tshirt Hoodie Cap Jogger\",\"description\":\"Tshirt, sweatshirt, hoodie, baseball cap, tank top, leggings, joggers, shorts\",\"publisher\":{\"@id\":\"https:\/\/gulegulegiy.com\/#organization\"},\"potentialAction\":[{\"@type\":\"SearchAction\",\"target\":{\"@type\":\"EntryPoint\",\"urlTemplate\":\"https:\/\/gulegulegiy.com\/?s={search_term_string}\"},\"query-input\":{\"@type\":\"PropertyValueSpecification\",\"valueRequired\":true,\"valueName\":\"search_term_string\"}}],\"inLanguage\":\"en-US\"},{\"@type\":\"Organization\",\"@id\":\"https:\/\/gulegulegiy.com\/#organization\",\"name\":\"G\u00fcleG\u00fclegiy.com\",\"url\":\"https:\/\/gulegulegiy.com\/\",\"logo\":{\"@type\":\"ImageObject\",\"inLanguage\":\"en-US\",\"@id\":\"https:\/\/gulegulegiy.com\/#\/schema\/logo\/image\/\",\"url\":\"https:\/\/i2.wp.com\/gulegulegiy.com\/wp-content\/uploads\/2016\/08\/ggg-yatay-logo-yazili.png?fit=2207%2C400&ssl=1\",\"contentUrl\":\"https:\/\/i2.wp.com\/gulegulegiy.com\/wp-content\/uploads\/2016\/08\/ggg-yatay-logo-yazili.png?fit=2207%2C400&ssl=1\",\"width\":2207,\"height\":400,\"caption\":\"G\u00fcleG\u00fclegiy.com\"},\"image\":{\"@id\":\"https:\/\/gulegulegiy.com\/#\/schema\/logo\/image\/\"},\"sameAs\":[\"https:\/\/www.facebook.com\/GuleGuleGiy\/\",\"https:\/\/x.com\/gulegulegiy\",\"https:\/\/twitter.com\/gulegulegiy\",\"https:\/\/tr.pinterest.com\/gulegulegiy\/\",\"https:\/\/www.youtube.com\/c\/GuleGuleGiy\"]}]}<\/script>\n<!-- \/ Yoast SEO plugin. -->","yoast_head_json":{"title":"Basic Hoodie ( Cepli, Kap\u00fc\u015fonlu ) - GuleGuleGiy Tshirt Hoodie Cap Jogger","robots":{"index":"index","follow":"follow","max-snippet":"max-snippet:-1","max-image-preview":"max-image-preview:large","max-video-preview":"max-video-preview:-1"},"canonical":"https:\/\/gulegulegiy.com\/en\/urun\/basic-hoodie-kadin-cepli-kapusonlu\/","og_locale":"en_US","og_type":"article","og_title":"Basic Hoodie ( Cepli, Kap\u00fc\u015fonlu ) - GuleGuleGiy Tshirt Hoodie Cap Jogger","og_description":"\u00dcst\u00fcn kalite \u015eardonlu 3 iplik kal\u0131n kuma\u015f, %65 Pamuk %35 Polyester  So\u011fuktan korur, i\u00e7i polarl\u0131d\u0131r.  \u00dcr\u00fcn ip ucu vb min\u00f6r detaylarda farkl\u0131l\u0131klar olabilir.","og_url":"https:\/\/gulegulegiy.com\/en\/urun\/basic-hoodie-kadin-cepli-kapusonlu\/","og_site_name":"GuleGuleGiy Tshirt Hoodie Cap Jogger","article_publisher":"https:\/\/www.facebook.com\/GuleGuleGiy\/","article_modified_time":"2025-06-15T08:19:15+00:00","og_image":[{"width":2000,"height":2000,"url":"https:\/\/gulegulegiy.com\/wp-content\/uploads\/2019\/12\/hoodie-basic-siyah-kap\u00fcsonlu-cepli-kapsonlu-kadin-toptan-sade-yaptirma-fermuarl\u0131-baskisiz-baskili-urettirme-pamuk-sardonlu-polarl\u0131-4.jpg","type":"image\/jpeg"}],"twitter_card":"summary_large_image","twitter_site":"@gulegulegiy","schema":{"@context":"https:\/\/schema.org","@graph":[{"@type":"WebPage","@id":"https:\/\/gulegulegiy.com\/en\/urun\/basic-hoodie-kadin-cepli-kapusonlu\/","url":"https:\/\/gulegulegiy.com\/en\/urun\/basic-hoodie-kadin-cepli-kapusonlu\/","name":"Basic Hoodie ( Cepli, Kap\u00fc\u015fonlu ) - GuleGuleGiy Tshirt Hoodie Cap Jogger","isPartOf":{"@id":"https:\/\/gulegulegiy.com\/#website"},"primaryImageOfPage":{"@id":"https:\/\/gulegulegiy.com\/en\/urun\/basic-hoodie-kadin-cepli-kapusonlu\/#primaryimage"},"image":{"@id":"https:\/\/gulegulegiy.com\/en\/urun\/basic-hoodie-kadin-cepli-kapusonlu\/#primaryimage"},"thumbnailUrl":"https:\/\/i0.wp.com\/gulegulegiy.com\/wp-content\/uploads\/2019\/12\/hoodie-basic-siyah-kap%C3%BCsonlu-cepli-kapsonlu-kadin-toptan-sade-yaptirma-fermuarl%C4%B1-baskisiz-baskili-urettirme-pamuk-sardonlu-polarl%C4%B1-4.jpg?fit=2000%2C2000&ssl=1","datePublished":"2019-12-22T06:19:05+00:00","dateModified":"2025-06-15T08:19:15+00:00","breadcrumb":{"@id":"https:\/\/gulegulegiy.com\/en\/urun\/basic-hoodie-kadin-cepli-kapusonlu\/#breadcrumb"},"inLanguage":"en-US","potentialAction":[{"@type":"ReadAction","target":["https:\/\/gulegulegiy.com\/en\/urun\/basic-hoodie-kadin-cepli-kapusonlu\/"]}]},{"@type":"ImageObject","inLanguage":"en-US","@id":"https:\/\/gulegulegiy.com\/en\/urun\/basic-hoodie-kadin-cepli-kapusonlu\/#primaryimage","url":"https:\/\/i0.wp.com\/gulegulegiy.com\/wp-content\/uploads\/2019\/12\/hoodie-basic-siyah-kap%C3%BCsonlu-cepli-kapsonlu-kadin-toptan-sade-yaptirma-fermuarl%C4%B1-baskisiz-baskili-urettirme-pamuk-sardonlu-polarl%C4%B1-4.jpg?fit=2000%2C2000&ssl=1","contentUrl":"https:\/\/i0.wp.com\/gulegulegiy.com\/wp-content\/uploads\/2019\/12\/hoodie-basic-siyah-kap%C3%BCsonlu-cepli-kapsonlu-kadin-toptan-sade-yaptirma-fermuarl%C4%B1-baskisiz-baskili-urettirme-pamuk-sardonlu-polarl%C4%B1-4.jpg?fit=2000%2C2000&ssl=1","width":2000,"height":2000},{"@type":"BreadcrumbList","@id":"https:\/\/gulegulegiy.com\/en\/urun\/basic-hoodie-kadin-cepli-kapusonlu\/#breadcrumb","itemListElement":[{"@type":"ListItem","position":1,"name":"Ana sayfa","item":"https:\/\/gulegulegiy.com\/en\/"},{"@type":"ListItem","position":2,"name":"Ma\u011faza","item":"https:\/\/gulegulegiy.com\/magaza\/"},{"@type":"ListItem","position":3,"name":"Basic Hoodie ( Cepli, Kap\u00fc\u015fonlu )"}]},{"@type":"WebSite","@id":"https:\/\/gulegulegiy.com\/#website","url":"https:\/\/gulegulegiy.com\/","name":"GuleGuleGiy Tshirt Hoodie Cap Jogger","description":"Tshirt, sweatshirt, hoodie, baseball cap, tank top, leggings, joggers, shorts","publisher":{"@id":"https:\/\/gulegulegiy.com\/#organization"},"potentialAction":[{"@type":"SearchAction","target":{"@type":"EntryPoint","urlTemplate":"https:\/\/gulegulegiy.com\/?s={search_term_string}"},"query-input":{"@type":"PropertyValueSpecification","valueRequired":true,"valueName":"search_term_string"}}],"inLanguage":"en-US"},{"@type":"Organization","@id":"https:\/\/gulegulegiy.com\/#organization","name":"G\u00fcleG\u00fclegiy.com","url":"https:\/\/gulegulegiy.com\/","logo":{"@type":"ImageObject","inLanguage":"en-US","@id":"https:\/\/gulegulegiy.com\/#\/schema\/logo\/image\/","url":"https:\/\/i2.wp.com\/gulegulegiy.com\/wp-content\/uploads\/2016\/08\/ggg-yatay-logo-yazili.png?fit=2207%2C400&ssl=1","contentUrl":"https:\/\/i2.wp.com\/gulegulegiy.com\/wp-content\/uploads\/2016\/08\/ggg-yatay-logo-yazili.png?fit=2207%2C400&ssl=1","width":2207,"height":400,"caption":"G\u00fcleG\u00fclegiy.com"},"image":{"@id":"https:\/\/gulegulegiy.com\/#\/schema\/logo\/image\/"},"sameAs":["https:\/\/www.facebook.com\/GuleGuleGiy\/","https:\/\/x.com\/gulegulegiy","https:\/\/twitter.com\/gulegulegiy","https:\/\/tr.pinterest.com\/gulegulegiy\/","https:\/\/www.youtube.com\/c\/GuleGuleGiy"]}]}},"jetpack_publicize_connections":[],"jetpack_sharing_enabled":true,"_links":{"self":[{"href":"https:\/\/gulegulegiy.com\/en\/wp-json\/wp\/v2\/product\/11099","targetHints":{"allow":["GET"]}}],"collection":[{"href":"https:\/\/gulegulegiy.com\/en\/wp-json\/wp\/v2\/product"}],"about":[{"href":"https:\/\/gulegulegiy.com\/en\/wp-json\/wp\/v2\/types\/product"}],"wp:featuredmedia":[{"embeddable":true,"href":"https:\/\/gulegulegiy.com\/en\/wp-json\/wp\/v2\/media\/11103"}],"wp:attachment":[{"href":"https:\/\/gulegulegiy.com\/en\/wp-json\/wp\/v2\/media?parent=11099"}],"wp:term":[{"taxonomy":"product_brand","embeddable":true,"href":"https:\/\/gulegulegiy.com\/en\/wp-json\/wp\/v2\/product_brand?post=11099"},{"taxonomy":"product_cat","embeddable":true,"href":"https:\/\/gulegulegiy.com\/en\/wp-json\/wp\/v2\/product_cat?post=11099"},{"taxonomy":"product_tag","embeddable":true,"href":"https:\/\/gulegulegiy.com\/en\/wp-json\/wp\/v2\/product_tag?post=11099"}],"curies":[{"name":"wp","href":"https:\/\/api.w.org\/{rel}","templated":true}]}}