{"id":10683,"date":"2019-06-16T16:27:42","date_gmt":"2019-06-16T16:27:42","guid":{"rendered":"https:\/\/gulegulegiy.com\/?post_type=product&#038;p=10683"},"modified":"2025-06-15T08:20:39","modified_gmt":"2025-06-15T08:20:39","slug":"3d-logo-nakisli-fusya-sari-hiphop-sapka-erkek","status":"publish","type":"product","link":"https:\/\/gulegulegiy.com\/en\/urun\/3d-logo-nakisli-fusya-sari-hiphop-sapka-erkek\/","title":{"rendered":"3D Logo Nak\u0131\u015fl\u0131 Sar\u0131 Fu\u015fya HipHop \u015eapka"},"content":{"rendered":"","protected":false},"excerpt":{"rendered":"<p>3d G\u00fcleG\u00fcleGiy Logo Nak\u0131\u015fl\u0131 HipHop \u015eapka<\/p>\n<p>%100 Pamuk, 1. kalite hiphop \u015fapka, arka \u00f6l\u00e7\u00fc ayar\u0131 ge\u00e7meli (snapback)<\/p>\n","protected":false},"featured_media":11250,"template":"","meta":{"jetpack_publicize_message":"","jetpack_publicize_feature_enabled":true,"jetpack_social_post_already_shared":true,"jetpack_social_options":{"image_generator_settings":{"template":"highway","default_image_id":0,"font":"","enabled":false},"version":2}},"product_brand":[],"product_cat":[859],"product_tag":[869,867,860,827,868],"class_list":{"0":"post-10683","1":"product","2":"type-product","3":"status-publish","4":"has-post-thumbnail","6":"product_cat-sapka-bere","7":"product_tag-flat-bill","8":"product_tag-hiphop","9":"product_tag-sapka","10":"product_tag-sari","11":"product_tag-snapback","13":"first","14":"instock","15":"sale","16":"taxable","17":"shipping-taxable","18":"purchasable","19":"product-type-simple"},"yoast_head":"<!-- This site is optimized with the Yoast SEO plugin v26.4 - https:\/\/yoast.com\/wordpress\/plugins\/seo\/ -->\n<title>3D Logo Nak\u0131\u015fl\u0131 Sar\u0131 Fu\u015fya HipHop \u015eapka - GuleGuleGiy Tshirt Hoodie Cap Jogger<\/title>\n<meta name=\"robots\" content=\"index, follow, max-snippet:-1, max-image-preview:large, max-video-preview:-1\" \/>\n<link rel=\"canonical\" href=\"https:\/\/gulegulegiy.com\/en\/urun\/3d-logo-nakisli-fusya-sari-hiphop-sapka-erkek\/\" \/>\n<meta property=\"og:locale\" content=\"en_US\" \/>\n<meta property=\"og:type\" content=\"article\" \/>\n<meta property=\"og:title\" content=\"3D Logo Nak\u0131\u015fl\u0131 Sar\u0131 Fu\u015fya HipHop \u015eapka - GuleGuleGiy Tshirt Hoodie Cap Jogger\" \/>\n<meta property=\"og:description\" content=\"3d G\u00fcleG\u00fcleGiy Logo Nak\u0131\u015fl\u0131 HipHop \u015eapka  %100 Pamuk, 1. kalite hiphop \u015fapka, arka \u00f6l\u00e7\u00fc ayar\u0131 ge\u00e7meli (snapback)\" \/>\n<meta property=\"og:url\" content=\"https:\/\/gulegulegiy.com\/en\/urun\/3d-logo-nakisli-fusya-sari-hiphop-sapka-erkek\/\" \/>\n<meta property=\"og:site_name\" content=\"GuleGuleGiy Tshirt Hoodie Cap Jogger\" \/>\n<meta property=\"article:publisher\" content=\"https:\/\/www.facebook.com\/GuleGuleGiy\/\" \/>\n<meta property=\"article:modified_time\" content=\"2025-06-15T08:20:39+00:00\" \/>\n<meta property=\"og:image\" content=\"https:\/\/i0.wp.com\/gulegulegiy.com\/wp-content\/uploads\/2019\/06\/hiphop-cap-sapka-sari-fusya-lila-imalatci-uretici-kaliteli-promosyon-izmir-ankara-beyzbol-baseball-dad-hat-toptan-2.jpg?fit=2000%2C2000&ssl=1\" \/>\n\t<meta property=\"og:image:width\" content=\"2000\" \/>\n\t<meta property=\"og:image:height\" content=\"2000\" \/>\n\t<meta property=\"og:image:type\" content=\"image\/jpeg\" \/>\n<meta name=\"twitter:card\" content=\"summary_large_image\" \/>\n<meta name=\"twitter:site\" content=\"@gulegulegiy\" \/>\n<script type=\"application\/ld+json\" class=\"yoast-schema-graph\">{\"@context\":\"https:\/\/schema.org\",\"@graph\":[{\"@type\":\"WebPage\",\"@id\":\"https:\/\/gulegulegiy.com\/en\/urun\/3d-logo-nakisli-fusya-sari-hiphop-sapka-erkek\/\",\"url\":\"https:\/\/gulegulegiy.com\/en\/urun\/3d-logo-nakisli-fusya-sari-hiphop-sapka-erkek\/\",\"name\":\"3D Logo Nak\u0131\u015fl\u0131 Sar\u0131 Fu\u015fya HipHop \u015eapka - GuleGuleGiy Tshirt Hoodie Cap Jogger\",\"isPartOf\":{\"@id\":\"https:\/\/gulegulegiy.com\/#website\"},\"primaryImageOfPage\":{\"@id\":\"https:\/\/gulegulegiy.com\/en\/urun\/3d-logo-nakisli-fusya-sari-hiphop-sapka-erkek\/#primaryimage\"},\"image\":{\"@id\":\"https:\/\/gulegulegiy.com\/en\/urun\/3d-logo-nakisli-fusya-sari-hiphop-sapka-erkek\/#primaryimage\"},\"thumbnailUrl\":\"https:\/\/i0.wp.com\/gulegulegiy.com\/wp-content\/uploads\/2019\/06\/hiphop-cap-sapka-sari-fusya-lila-imalatci-uretici-kaliteli-promosyon-izmir-ankara-beyzbol-baseball-dad-hat-toptan-2.jpg?fit=2000%2C2000&ssl=1\",\"datePublished\":\"2019-06-16T16:27:42+00:00\",\"dateModified\":\"2025-06-15T08:20:39+00:00\",\"breadcrumb\":{\"@id\":\"https:\/\/gulegulegiy.com\/en\/urun\/3d-logo-nakisli-fusya-sari-hiphop-sapka-erkek\/#breadcrumb\"},\"inLanguage\":\"en-US\",\"potentialAction\":[{\"@type\":\"ReadAction\",\"target\":[\"https:\/\/gulegulegiy.com\/en\/urun\/3d-logo-nakisli-fusya-sari-hiphop-sapka-erkek\/\"]}]},{\"@type\":\"ImageObject\",\"inLanguage\":\"en-US\",\"@id\":\"https:\/\/gulegulegiy.com\/en\/urun\/3d-logo-nakisli-fusya-sari-hiphop-sapka-erkek\/#primaryimage\",\"url\":\"https:\/\/i0.wp.com\/gulegulegiy.com\/wp-content\/uploads\/2019\/06\/hiphop-cap-sapka-sari-fusya-lila-imalatci-uretici-kaliteli-promosyon-izmir-ankara-beyzbol-baseball-dad-hat-toptan-2.jpg?fit=2000%2C2000&ssl=1\",\"contentUrl\":\"https:\/\/i0.wp.com\/gulegulegiy.com\/wp-content\/uploads\/2019\/06\/hiphop-cap-sapka-sari-fusya-lila-imalatci-uretici-kaliteli-promosyon-izmir-ankara-beyzbol-baseball-dad-hat-toptan-2.jpg?fit=2000%2C2000&ssl=1\",\"width\":2000,\"height\":2000},{\"@type\":\"BreadcrumbList\",\"@id\":\"https:\/\/gulegulegiy.com\/en\/urun\/3d-logo-nakisli-fusya-sari-hiphop-sapka-erkek\/#breadcrumb\",\"itemListElement\":[{\"@type\":\"ListItem\",\"position\":1,\"name\":\"Ana sayfa\",\"item\":\"https:\/\/gulegulegiy.com\/en\/\"},{\"@type\":\"ListItem\",\"position\":2,\"name\":\"Ma\u011faza\",\"item\":\"https:\/\/gulegulegiy.com\/magaza\/\"},{\"@type\":\"ListItem\",\"position\":3,\"name\":\"3D Logo Nak\u0131\u015fl\u0131 Sar\u0131 Fu\u015fya HipHop \u015eapka\"}]},{\"@type\":\"WebSite\",\"@id\":\"https:\/\/gulegulegiy.com\/#website\",\"url\":\"https:\/\/gulegulegiy.com\/\",\"name\":\"GuleGuleGiy Tshirt Hoodie Cap Jogger\",\"description\":\"Tshirt, sweatshirt, hoodie, baseball cap, tank top, leggings, joggers, shorts\",\"publisher\":{\"@id\":\"https:\/\/gulegulegiy.com\/#organization\"},\"potentialAction\":[{\"@type\":\"SearchAction\",\"target\":{\"@type\":\"EntryPoint\",\"urlTemplate\":\"https:\/\/gulegulegiy.com\/?s={search_term_string}\"},\"query-input\":{\"@type\":\"PropertyValueSpecification\",\"valueRequired\":true,\"valueName\":\"search_term_string\"}}],\"inLanguage\":\"en-US\"},{\"@type\":\"Organization\",\"@id\":\"https:\/\/gulegulegiy.com\/#organization\",\"name\":\"G\u00fcleG\u00fclegiy.com\",\"url\":\"https:\/\/gulegulegiy.com\/\",\"logo\":{\"@type\":\"ImageObject\",\"inLanguage\":\"en-US\",\"@id\":\"https:\/\/gulegulegiy.com\/#\/schema\/logo\/image\/\",\"url\":\"https:\/\/i2.wp.com\/gulegulegiy.com\/wp-content\/uploads\/2016\/08\/ggg-yatay-logo-yazili.png?fit=2207%2C400&ssl=1\",\"contentUrl\":\"https:\/\/i2.wp.com\/gulegulegiy.com\/wp-content\/uploads\/2016\/08\/ggg-yatay-logo-yazili.png?fit=2207%2C400&ssl=1\",\"width\":2207,\"height\":400,\"caption\":\"G\u00fcleG\u00fclegiy.com\"},\"image\":{\"@id\":\"https:\/\/gulegulegiy.com\/#\/schema\/logo\/image\/\"},\"sameAs\":[\"https:\/\/www.facebook.com\/GuleGuleGiy\/\",\"https:\/\/x.com\/gulegulegiy\",\"https:\/\/twitter.com\/gulegulegiy\",\"https:\/\/tr.pinterest.com\/gulegulegiy\/\",\"https:\/\/www.youtube.com\/c\/GuleGuleGiy\"]}]}<\/script>\n<!-- \/ Yoast SEO plugin. -->","yoast_head_json":{"title":"3D Logo Nak\u0131\u015fl\u0131 Sar\u0131 Fu\u015fya HipHop \u015eapka - GuleGuleGiy Tshirt Hoodie Cap Jogger","robots":{"index":"index","follow":"follow","max-snippet":"max-snippet:-1","max-image-preview":"max-image-preview:large","max-video-preview":"max-video-preview:-1"},"canonical":"https:\/\/gulegulegiy.com\/en\/urun\/3d-logo-nakisli-fusya-sari-hiphop-sapka-erkek\/","og_locale":"en_US","og_type":"article","og_title":"3D Logo Nak\u0131\u015fl\u0131 Sar\u0131 Fu\u015fya HipHop \u015eapka - GuleGuleGiy Tshirt Hoodie Cap Jogger","og_description":"3d G\u00fcleG\u00fcleGiy Logo Nak\u0131\u015fl\u0131 HipHop \u015eapka  %100 Pamuk, 1. kalite hiphop \u015fapka, arka \u00f6l\u00e7\u00fc ayar\u0131 ge\u00e7meli (snapback)","og_url":"https:\/\/gulegulegiy.com\/en\/urun\/3d-logo-nakisli-fusya-sari-hiphop-sapka-erkek\/","og_site_name":"GuleGuleGiy Tshirt Hoodie Cap Jogger","article_publisher":"https:\/\/www.facebook.com\/GuleGuleGiy\/","article_modified_time":"2025-06-15T08:20:39+00:00","og_image":[{"width":2000,"height":2000,"url":"https:\/\/i0.wp.com\/gulegulegiy.com\/wp-content\/uploads\/2019\/06\/hiphop-cap-sapka-sari-fusya-lila-imalatci-uretici-kaliteli-promosyon-izmir-ankara-beyzbol-baseball-dad-hat-toptan-2.jpg?fit=2000%2C2000&ssl=1","type":"image\/jpeg"}],"twitter_card":"summary_large_image","twitter_site":"@gulegulegiy","schema":{"@context":"https:\/\/schema.org","@graph":[{"@type":"WebPage","@id":"https:\/\/gulegulegiy.com\/en\/urun\/3d-logo-nakisli-fusya-sari-hiphop-sapka-erkek\/","url":"https:\/\/gulegulegiy.com\/en\/urun\/3d-logo-nakisli-fusya-sari-hiphop-sapka-erkek\/","name":"3D Logo Nak\u0131\u015fl\u0131 Sar\u0131 Fu\u015fya HipHop \u015eapka - GuleGuleGiy Tshirt Hoodie Cap Jogger","isPartOf":{"@id":"https:\/\/gulegulegiy.com\/#website"},"primaryImageOfPage":{"@id":"https:\/\/gulegulegiy.com\/en\/urun\/3d-logo-nakisli-fusya-sari-hiphop-sapka-erkek\/#primaryimage"},"image":{"@id":"https:\/\/gulegulegiy.com\/en\/urun\/3d-logo-nakisli-fusya-sari-hiphop-sapka-erkek\/#primaryimage"},"thumbnailUrl":"https:\/\/i0.wp.com\/gulegulegiy.com\/wp-content\/uploads\/2019\/06\/hiphop-cap-sapka-sari-fusya-lila-imalatci-uretici-kaliteli-promosyon-izmir-ankara-beyzbol-baseball-dad-hat-toptan-2.jpg?fit=2000%2C2000&ssl=1","datePublished":"2019-06-16T16:27:42+00:00","dateModified":"2025-06-15T08:20:39+00:00","breadcrumb":{"@id":"https:\/\/gulegulegiy.com\/en\/urun\/3d-logo-nakisli-fusya-sari-hiphop-sapka-erkek\/#breadcrumb"},"inLanguage":"en-US","potentialAction":[{"@type":"ReadAction","target":["https:\/\/gulegulegiy.com\/en\/urun\/3d-logo-nakisli-fusya-sari-hiphop-sapka-erkek\/"]}]},{"@type":"ImageObject","inLanguage":"en-US","@id":"https:\/\/gulegulegiy.com\/en\/urun\/3d-logo-nakisli-fusya-sari-hiphop-sapka-erkek\/#primaryimage","url":"https:\/\/i0.wp.com\/gulegulegiy.com\/wp-content\/uploads\/2019\/06\/hiphop-cap-sapka-sari-fusya-lila-imalatci-uretici-kaliteli-promosyon-izmir-ankara-beyzbol-baseball-dad-hat-toptan-2.jpg?fit=2000%2C2000&ssl=1","contentUrl":"https:\/\/i0.wp.com\/gulegulegiy.com\/wp-content\/uploads\/2019\/06\/hiphop-cap-sapka-sari-fusya-lila-imalatci-uretici-kaliteli-promosyon-izmir-ankara-beyzbol-baseball-dad-hat-toptan-2.jpg?fit=2000%2C2000&ssl=1","width":2000,"height":2000},{"@type":"BreadcrumbList","@id":"https:\/\/gulegulegiy.com\/en\/urun\/3d-logo-nakisli-fusya-sari-hiphop-sapka-erkek\/#breadcrumb","itemListElement":[{"@type":"ListItem","position":1,"name":"Ana sayfa","item":"https:\/\/gulegulegiy.com\/en\/"},{"@type":"ListItem","position":2,"name":"Ma\u011faza","item":"https:\/\/gulegulegiy.com\/magaza\/"},{"@type":"ListItem","position":3,"name":"3D Logo Nak\u0131\u015fl\u0131 Sar\u0131 Fu\u015fya HipHop \u015eapka"}]},{"@type":"WebSite","@id":"https:\/\/gulegulegiy.com\/#website","url":"https:\/\/gulegulegiy.com\/","name":"GuleGuleGiy Tshirt Hoodie Cap Jogger","description":"Tshirt, sweatshirt, hoodie, baseball cap, tank top, leggings, joggers, shorts","publisher":{"@id":"https:\/\/gulegulegiy.com\/#organization"},"potentialAction":[{"@type":"SearchAction","target":{"@type":"EntryPoint","urlTemplate":"https:\/\/gulegulegiy.com\/?s={search_term_string}"},"query-input":{"@type":"PropertyValueSpecification","valueRequired":true,"valueName":"search_term_string"}}],"inLanguage":"en-US"},{"@type":"Organization","@id":"https:\/\/gulegulegiy.com\/#organization","name":"G\u00fcleG\u00fclegiy.com","url":"https:\/\/gulegulegiy.com\/","logo":{"@type":"ImageObject","inLanguage":"en-US","@id":"https:\/\/gulegulegiy.com\/#\/schema\/logo\/image\/","url":"https:\/\/i2.wp.com\/gulegulegiy.com\/wp-content\/uploads\/2016\/08\/ggg-yatay-logo-yazili.png?fit=2207%2C400&ssl=1","contentUrl":"https:\/\/i2.wp.com\/gulegulegiy.com\/wp-content\/uploads\/2016\/08\/ggg-yatay-logo-yazili.png?fit=2207%2C400&ssl=1","width":2207,"height":400,"caption":"G\u00fcleG\u00fclegiy.com"},"image":{"@id":"https:\/\/gulegulegiy.com\/#\/schema\/logo\/image\/"},"sameAs":["https:\/\/www.facebook.com\/GuleGuleGiy\/","https:\/\/x.com\/gulegulegiy","https:\/\/twitter.com\/gulegulegiy","https:\/\/tr.pinterest.com\/gulegulegiy\/","https:\/\/www.youtube.com\/c\/GuleGuleGiy"]}]}},"jetpack_publicize_connections":[],"jetpack_sharing_enabled":true,"_links":{"self":[{"href":"https:\/\/gulegulegiy.com\/en\/wp-json\/wp\/v2\/product\/10683","targetHints":{"allow":["GET"]}}],"collection":[{"href":"https:\/\/gulegulegiy.com\/en\/wp-json\/wp\/v2\/product"}],"about":[{"href":"https:\/\/gulegulegiy.com\/en\/wp-json\/wp\/v2\/types\/product"}],"wp:featuredmedia":[{"embeddable":true,"href":"https:\/\/gulegulegiy.com\/en\/wp-json\/wp\/v2\/media\/11250"}],"wp:attachment":[{"href":"https:\/\/gulegulegiy.com\/en\/wp-json\/wp\/v2\/media?parent=10683"}],"wp:term":[{"taxonomy":"product_brand","embeddable":true,"href":"https:\/\/gulegulegiy.com\/en\/wp-json\/wp\/v2\/product_brand?post=10683"},{"taxonomy":"product_cat","embeddable":true,"href":"https:\/\/gulegulegiy.com\/en\/wp-json\/wp\/v2\/product_cat?post=10683"},{"taxonomy":"product_tag","embeddable":true,"href":"https:\/\/gulegulegiy.com\/en\/wp-json\/wp\/v2\/product_tag?post=10683"}],"curies":[{"name":"wp","href":"https:\/\/api.w.org\/{rel}","templated":true}]}}