{"id":16965,"date":"2018-02-27T16:33:46","date_gmt":"2018-02-27T16:33:46","guid":{"rendered":"https:\/\/gulegulegiy.com\/mass-production-cost-finder-tshirt-hoodie-cap-jogger-etc\/"},"modified":"2025-04-23T11:05:04","modified_gmt":"2025-04-23T11:05:04","slug":"mass-production-cost-finder-tshirt-hoodie-cap-jogger-etc","status":"publish","type":"page","link":"https:\/\/gulegulegiy.com\/en\/mass-production-cost-finder-tshirt-hoodie-cap-jogger-etc\/","title":{"rendered":"Mass Production Cost Finder (tshirt, hoodie, cap, jogger etc..)"},"content":{"rendered":"<div class=\"wpb-content-wrapper\"><p>[vc_section][vc_row content_placement=&#8221;middle&#8221; wrap_container=&#8221;yes&#8221; css=&#8221;.vc_custom_1571930412335{margin-top: 20px !important;}&#8221;][vc_column width=&#8221;2\/3&#8243;][vc_column_text]<span style=\"font-size: 18px;\"><strong>T-shirt, sweatshirt, hoodie, cap, beanie, tote bag and<\/strong> <strong>similar products <\/strong>are our frequently manufactured products. With the form below, you can choose your items, quanitities, qualities and details, and get an estimate quote. Once you fill all the details and send the form to us online, we will check it and get back to you with more details. To inspect our manufacturing processes, print \/ embroidery applications and similar details click our page; <g id=\"gid_0\">textile manufacturing \/ production firm<\/g>.<br \/>\n<\/span>[\/vc_column_text][\/vc_column][vc_column width=&#8221;1\/3&#8243;]<div class=\"porto-lightbox  wpb_content_element\" data-appear-animation=\"pulse\"> <a href=\"https:\/\/www.youtube.com\/watch?v=9Pn0bWr16Ek\" title=\"Learn How to Request a Quote\" class=\"porto-popup-iframe btn btn-lg btn-tertiary\">Learn How to Request a Quote<\/a> <\/div>[\/vc_column][\/vc_row][vc_row wrap_container=&#8221;yes&#8221;][vc_column][vc_separator]<div class=\" ubtn-ctn-center open-estimation-form form-5\"><a class=\"ubtn-link ult-adjust-bottom-margin ubtn-center ubtn-normal open-estimation-form form-5\" href=\"https:\/\/gulegulegiy.com\/fiyat\/imalat\/\" title=\"toptan fiyat\" ><button type=\"button\" id=\"ubtn-9426\"  class=\"ubtn ult-adjust-bottom-margin ult-responsive ubtn-normal ubtn-center-vt-bg  none  ubtn-shd  ubtn-center  shd-bottom tooltip-69ebb28f3fd6d\"  data-hover=\"\" data-border-color=\"\" data-bg=\"#8224e3\" data-hover-bg=\"#770be2\" data-border-hover=\"\" data-shadow-hover=\"0 3px ;\" data-shadow-click=\"\" data-shadow=\"0 5px ;\" data-shd-shadow=\"5\"  data-ultimate-target='#ubtn-9426'  data-responsive-json-new='{\"font-size\":\"desktop:28px;\",\"line-height\":\"desktop:38px;\"}'  style=\"font-weight:bold;border-radius:4px;border-width:2px;border-color:;border-style:solid;box-shadow: 0 5px ;background: #8224e3;color: #eeee22;\"><span class=\"ubtn-data ubtn-icon\"><i class=\"none\" style=\"font-size:25px;color:#eeee22;\"><\/i><\/span><span class=\"ubtn-hover\" style=\"background-color:#770be2\"><\/span><span class=\"ubtn-data ubtn-text \" >TIKLA: TOPTAN \u0130MALAT F\u0130YAT BULUCUYU BA\u015eLAT<\/span><\/button><\/a><\/div><div class=\" ubtn-ctn-center \"><a class=\"ubtn-link ult-adjust-bottom-margin ubtn-center ubtn-normal \" href=\"https:\/\/gulegulegiy.com\/azadet\" title=\"toptan fiyat\" ><button type=\"button\" id=\"ubtn-9979\"  class=\"ubtn ult-adjust-bottom-margin ult-responsive ubtn-normal ubtn-center-dg-bg  none  ubtn-shd  ubtn-center  shd-bottom tooltip-69ebb28f3fe3c\"  data-hover=\"\" data-border-color=\"\" data-bg=\"#8224e3\" data-hover-bg=\"#770be2\" data-border-hover=\"\" data-shadow-hover=\"0 3px ;\" data-shadow-click=\"\" data-shadow=\"0 2px ;\" data-shd-shadow=\"2\"  data-ultimate-target='#ubtn-9979'  data-responsive-json-new='{\"font-size\":\"desktop:16px;\",\"line-height\":\"desktop:21px;\"}'  style=\"font-weight:bold;border-radius:4px;border-width:2px;border-color:;border-style:solid;box-shadow: 0 2px ;background: #8224e3;color: #eeee22;\"><span class=\"ubtn-data ubtn-icon\"><i class=\"none\" style=\"font-size:14px;color:#eeee22;\"><\/i><\/span><span class=\"ubtn-hover\" style=\"background-color:#770be2\"><\/span><span class=\"ubtn-data ubtn-text \" >1-100 adet ve acele sipari\u015fleriniz i\u00e7in t\u0131klay\u0131n\u0131z<\/span><\/button><\/a><\/div>[vc_separator][\/vc_column][\/vc_row][vc_row wrap_container=&#8221;yes&#8221;][vc_column width=&#8221;1\/3&#8243;]<div id=\"uvc-type-wrap-1410\"  data-ultimate-target='#uvc-type-wrap-1410'  data-responsive-json-new='{\"font-size\":\"desktop:31px;\",\"line-height\":\"desktop:33px;\"}'  class=\"uvc-type-wrap  ult-adjust-bottom-margin ult-responsive  uvc-type-align-left  uvc-wrap-408992452969ebb28f3feb7\" style=\"text-align:left;\"><span  data-ultimate-target='#uvc-type-wrap-1410 .mycustfancy'  data-responsive-json-new='{\"font-size\":\"desktop:31px;\",\"line-height\":\"desktop:33px;\"}'  class=\"ultimate-ticker-prefix mycustfancy ult-responsive\" style=\"font-weight:normal;color:#000000; text-transform: unset;\">En \u0130yi<\/span><div id=\"vticker-408992452969ebb28f3feb7\"  data-ultimate-target=&#039;#uvc-type-wrap-1410&#039;  data-responsive-json-new=&#039;{&quot;font-size&quot;:&quot;desktop:31px;&quot;,&quot;line-height&quot;:&quot;desktop:33px;&quot;}&#039;  class=\"ultimate-vticker ticker fancytext-background-enabled ultimate-fancy-text-inherit\" style=\"color:#000000;background:#eeee22; font-weight:normal; text-transform: unset;\"><ul><li style=&quot;opacity:1&quot;>Fiyat Kalite<\/li><\/ul><\/div><span  data-ultimate-target='#uvc-type-wrap-1410 .mycustfancy'  data-responsive-json-new='{\"font-size\":\"desktop:31px;\",\"line-height\":\"desktop:33px;\"}'  class=\"ultimate-ticker-suffix mycustfancy ult-responsive\" style=\"font-weight:normal;color:#000000; text-transform: unset;\">Garantisi :<\/span><script type=\"text\/javascript\">\n\t\t\t\t\t\tjQuery(function($){\n\t\t\t\t\t\t\t$(document).ready(function(){\n\t\t\t\t\t\t\t\tif( typeof jQuery(\"#vticker-408992452969ebb28f3feb7\").easyTicker == \"function\"){\n\t\t\t\t\t\t\t\t\t$(\"#vticker-408992452969ebb28f3feb7\").find(\"li\").css(\"opacity\",\"1\");\n\t\t\t\t\t\t\t\t\t\n\t\t\t\t\t\t\t\t\t$(\"#vticker-408992452969ebb28f3feb7\").easyTicker({\n\t\t\t\t\t\t\t\t\t\tdirection: \"up\",\n\t\t\t\t\t\t\t\t\t\teasing: \"swing\",\n\t\t\t\t\t\t\t\t\t\tspeed: \"200\",\n\t\t\t\t\t\t\t\t\t\tinterval: \"3000\",\n\t\t\t\t\t\t\t\t\t\theight: \"auto\",\n\t\t\t\t\t\t\t\t\t\tvisible: \"1\",\n\t\t\t\t\t\t\t\t\t\tmousePause: \"0\",\n\t\t\t\t\t\t\t\t\t\tcontrols: {\n\t\t\t\t\t\t\t\t\t\t\tup: \"\",\n\t\t\t\t\t\t\t\t\t\t\tdown: \"\",\n\t\t\t\t\t\t\t\t\t\t\ttoggle: \"\",\n\t\t\t\t\t\t\t\t\t\t\tplayText: \"Play\",\n\t\t\t\t\t\t\t\t\t\t\tstopText: \"Stop\"\n\t\t\t\t\t\t\t\t\t\t}\n\t\t\t\t\t\t\t\t\t});\n\t\t\t\t\t\t\t\t}\n\t\t\t\t\t\t\t});\n\t\t\t\t\t\t});\n\t\t\t\t\t<\/script><\/div><div class=\"porto-lightbox  wpb_content_element\"> <a href=\"https:\/\/www.youtube.com\/watch?v=T2HZuoPBlUg\" title=\"Watch Our Guarantee Details\" class=\"porto-popup-iframe btn btn-lg btn-tertiary\">Watch Our Guarantee Details<\/a> <\/div>[\/vc_column][vc_column width=&#8221;2\/3&#8243;][vc_column_text]<span style=\"font-size: 17px;\"><span style=\"font-size: 16px;\">If you can find a better price than us, we guarantee to do the job for %5 lower. To take advantage of this offer, you need to know the technical details for the price you got such as fabric details, size details, decoration methods, delivery times, sewing style and such.  Without knowing these details, dont let others trick you in to &#8216;cheap&#8217; products that are below acceptable quality standards. We make the cheapest or the best quality.<\/span><br \/>\n<\/span>[\/vc_column_text][\/vc_column][\/vc_row][vc_row wrap_container=&#8221;yes&#8221;][vc_column][vc_separator][vc_column_text]<\/p>\n<div class=\"wpb_text_column wpb_content_element \">\n<div class=\"wpb_wrapper\">\n<p>If you are in search of these terms below, it will be in your benefit to find us; mass tshirt production, bulk sweatshirt manufacturing, wholesale hoodie manufacturer, two ply, three ply fleece, 2 thread 3 thread, long sleeve, cost, price, blank, basic, embroidery, print, screen dtf dtg direct to garment, heat transfer, turkish turkey istanbul textile promotional, man woman kids children youth, private label, custom design, logo, order, print on demand, %100 organic heavy cotton, polyester, lycra, tafeta, label, accessories, round V neck, turtle buttoned, combed<\/p>\n<\/div>\n<\/div>\n<p>[\/vc_column_text][\/vc_column][\/vc_row][\/vc_section]<\/p>\n<\/div>","protected":false},"excerpt":{"rendered":"<p>[vc_section][vc_row content_placement=&#8221;middle&#8221; wrap_container=&#8221;yes&#8221; css=&#8221;.vc_custom_1571930412335{margin-top: 20px !important;}&#8221;][vc_column width=&#8221;2\/3&#8243;][vc_column_text]T-shirt, sweatshirt, hoodie, cap, beanie, tote bag and similar products are our frequently manufactured products. With the form below, you can choose your items, quanitities, qualities and details, and get an estimate quote. Once you fill all the details and send the form to us online, we will check [&hellip;]<\/p>\n","protected":false},"author":1,"featured_media":0,"parent":0,"menu_order":0,"comment_status":"closed","ping_status":"closed","template":"","meta":{"footnotes":""},"class_list":["post-16965","page","type-page","status-publish","hentry"],"yoast_head":"<!-- This site is optimized with the Yoast SEO plugin v27.4 - https:\/\/yoast.com\/product\/yoast-seo-wordpress\/ -->\n<title>Mass Production Cost Finder (tshirt, hoodie, cap, jogger etc..) - GuleGuleGiy Tshirt Hoodie Cap Jogger<\/title>\n<meta name=\"robots\" content=\"index, follow, max-snippet:-1, max-image-preview:large, max-video-preview:-1\" \/>\n<link rel=\"canonical\" href=\"https:\/\/gulegulegiy.com\/en\/mass-production-cost-finder-tshirt-hoodie-cap-jogger-etc\/\" \/>\n<meta property=\"og:locale\" content=\"en_US\" \/>\n<meta property=\"og:type\" content=\"article\" \/>\n<meta property=\"og:title\" content=\"Mass Production Cost Finder (tshirt, hoodie, cap, jogger etc..) - GuleGuleGiy Tshirt Hoodie Cap Jogger\" \/>\n<meta property=\"og:description\" content=\"[vc_section][vc_row content_placement=&#8221;middle&#8221; wrap_container=&#8221;yes&#8221; css=&#8221;.vc_custom_1571930412335{margin-top: 20px !important;}&#8221;][vc_column width=&#8221;2\/3&#8243;][vc_column_text]T-shirt, sweatshirt, hoodie, cap, beanie, tote bag and similar products are our frequently manufactured products. With the form below, you can choose your items, quanitities, qualities and details, and get an estimate quote. Once you fill all the details and send the form to us online, we will check [&hellip;]\" \/>\n<meta property=\"og:url\" content=\"https:\/\/gulegulegiy.com\/en\/mass-production-cost-finder-tshirt-hoodie-cap-jogger-etc\/\" \/>\n<meta property=\"og:site_name\" content=\"GuleGuleGiy Tshirt Hoodie Cap Jogger\" \/>\n<meta property=\"article:publisher\" content=\"https:\/\/www.facebook.com\/GuleGuleGiy\/\" \/>\n<meta property=\"article:modified_time\" content=\"2025-04-23T11:05:04+00:00\" \/>\n<meta property=\"og:image\" content=\"https:\/\/i0.wp.com\/gulegulegiy.com\/wp-content\/uploads\/2016\/08\/ggg-dikey-logo-yazili.png?fit=1920%2C1022&ssl=1\" \/>\n\t<meta property=\"og:image:width\" content=\"1920\" \/>\n\t<meta property=\"og:image:height\" content=\"1022\" \/>\n\t<meta property=\"og:image:type\" content=\"image\/png\" \/>\n<meta name=\"twitter:card\" content=\"summary_large_image\" \/>\n<meta name=\"twitter:site\" content=\"@gulegulegiy\" \/>\n<meta name=\"twitter:label1\" content=\"Est. reading time\" \/>\n\t<meta name=\"twitter:data1\" content=\"3 minutes\" \/>\n<script type=\"application\/ld+json\" class=\"yoast-schema-graph\">{\"@context\":\"https:\\\/\\\/schema.org\",\"@graph\":[{\"@type\":\"WebPage\",\"@id\":\"https:\\\/\\\/gulegulegiy.com\\\/en\\\/mass-production-cost-finder-tshirt-hoodie-cap-jogger-etc\\\/\",\"url\":\"https:\\\/\\\/gulegulegiy.com\\\/en\\\/mass-production-cost-finder-tshirt-hoodie-cap-jogger-etc\\\/\",\"name\":\"Mass Production Cost Finder (tshirt, hoodie, cap, jogger etc..) - GuleGuleGiy Tshirt Hoodie Cap Jogger\",\"isPartOf\":{\"@id\":\"https:\\\/\\\/gulegulegiy.com\\\/#website\"},\"datePublished\":\"2018-02-27T16:33:46+00:00\",\"dateModified\":\"2025-04-23T11:05:04+00:00\",\"breadcrumb\":{\"@id\":\"https:\\\/\\\/gulegulegiy.com\\\/en\\\/mass-production-cost-finder-tshirt-hoodie-cap-jogger-etc\\\/#breadcrumb\"},\"inLanguage\":\"en-US\",\"potentialAction\":[{\"@type\":\"ReadAction\",\"target\":[\"https:\\\/\\\/gulegulegiy.com\\\/en\\\/mass-production-cost-finder-tshirt-hoodie-cap-jogger-etc\\\/\"]}]},{\"@type\":\"BreadcrumbList\",\"@id\":\"https:\\\/\\\/gulegulegiy.com\\\/en\\\/mass-production-cost-finder-tshirt-hoodie-cap-jogger-etc\\\/#breadcrumb\",\"itemListElement\":[{\"@type\":\"ListItem\",\"position\":1,\"name\":\"Ana sayfa\",\"item\":\"https:\\\/\\\/gulegulegiy.com\\\/en\\\/\"},{\"@type\":\"ListItem\",\"position\":2,\"name\":\"Mass Production Cost Finder (tshirt, hoodie, cap, jogger etc..)\"}]},{\"@type\":\"WebSite\",\"@id\":\"https:\\\/\\\/gulegulegiy.com\\\/#website\",\"url\":\"https:\\\/\\\/gulegulegiy.com\\\/\",\"name\":\"GuleGuleGiy Tshirt Hoodie Cap Jogger\",\"description\":\"Tshirt, sweatshirt, hoodie, baseball cap, tank top, leggings, joggers, shorts\",\"publisher\":{\"@id\":\"https:\\\/\\\/gulegulegiy.com\\\/#organization\"},\"potentialAction\":[{\"@type\":\"SearchAction\",\"target\":{\"@type\":\"EntryPoint\",\"urlTemplate\":\"https:\\\/\\\/gulegulegiy.com\\\/?s={search_term_string}\"},\"query-input\":{\"@type\":\"PropertyValueSpecification\",\"valueRequired\":true,\"valueName\":\"search_term_string\"}}],\"inLanguage\":\"en-US\"},{\"@type\":\"Organization\",\"@id\":\"https:\\\/\\\/gulegulegiy.com\\\/#organization\",\"name\":\"G\u00fcleG\u00fclegiy.com\",\"url\":\"https:\\\/\\\/gulegulegiy.com\\\/\",\"logo\":{\"@type\":\"ImageObject\",\"inLanguage\":\"en-US\",\"@id\":\"https:\\\/\\\/gulegulegiy.com\\\/#\\\/schema\\\/logo\\\/image\\\/\",\"url\":\"https:\\\/\\\/i2.wp.com\\\/gulegulegiy.com\\\/wp-content\\\/uploads\\\/2016\\\/08\\\/ggg-yatay-logo-yazili.png?fit=2207%2C400&ssl=1\",\"contentUrl\":\"https:\\\/\\\/i2.wp.com\\\/gulegulegiy.com\\\/wp-content\\\/uploads\\\/2016\\\/08\\\/ggg-yatay-logo-yazili.png?fit=2207%2C400&ssl=1\",\"width\":2207,\"height\":400,\"caption\":\"G\u00fcleG\u00fclegiy.com\"},\"image\":{\"@id\":\"https:\\\/\\\/gulegulegiy.com\\\/#\\\/schema\\\/logo\\\/image\\\/\"},\"sameAs\":[\"https:\\\/\\\/www.facebook.com\\\/GuleGuleGiy\\\/\",\"https:\\\/\\\/x.com\\\/gulegulegiy\",\"https:\\\/\\\/twitter.com\\\/gulegulegiy\",\"https:\\\/\\\/tr.pinterest.com\\\/gulegulegiy\\\/\",\"https:\\\/\\\/www.youtube.com\\\/c\\\/GuleGuleGiy\"]}]}<\/script>\n<!-- \/ Yoast SEO plugin. -->","yoast_head_json":{"title":"Mass Production Cost Finder (tshirt, hoodie, cap, jogger etc..) - GuleGuleGiy Tshirt Hoodie Cap Jogger","robots":{"index":"index","follow":"follow","max-snippet":"max-snippet:-1","max-image-preview":"max-image-preview:large","max-video-preview":"max-video-preview:-1"},"canonical":"https:\/\/gulegulegiy.com\/en\/mass-production-cost-finder-tshirt-hoodie-cap-jogger-etc\/","og_locale":"en_US","og_type":"article","og_title":"Mass Production Cost Finder (tshirt, hoodie, cap, jogger etc..) - GuleGuleGiy Tshirt Hoodie Cap Jogger","og_description":"[vc_section][vc_row content_placement=&#8221;middle&#8221; wrap_container=&#8221;yes&#8221; css=&#8221;.vc_custom_1571930412335{margin-top: 20px !important;}&#8221;][vc_column width=&#8221;2\/3&#8243;][vc_column_text]T-shirt, sweatshirt, hoodie, cap, beanie, tote bag and similar products are our frequently manufactured products. With the form below, you can choose your items, quanitities, qualities and details, and get an estimate quote. Once you fill all the details and send the form to us online, we will check [&hellip;]","og_url":"https:\/\/gulegulegiy.com\/en\/mass-production-cost-finder-tshirt-hoodie-cap-jogger-etc\/","og_site_name":"GuleGuleGiy Tshirt Hoodie Cap Jogger","article_publisher":"https:\/\/www.facebook.com\/GuleGuleGiy\/","article_modified_time":"2025-04-23T11:05:04+00:00","og_image":[{"width":1920,"height":1022,"url":"https:\/\/i0.wp.com\/gulegulegiy.com\/wp-content\/uploads\/2016\/08\/ggg-dikey-logo-yazili.png?fit=1920%2C1022&ssl=1","type":"image\/png"}],"twitter_card":"summary_large_image","twitter_site":"@gulegulegiy","twitter_misc":{"Est. reading time":"3 minutes"},"schema":{"@context":"https:\/\/schema.org","@graph":[{"@type":"WebPage","@id":"https:\/\/gulegulegiy.com\/en\/mass-production-cost-finder-tshirt-hoodie-cap-jogger-etc\/","url":"https:\/\/gulegulegiy.com\/en\/mass-production-cost-finder-tshirt-hoodie-cap-jogger-etc\/","name":"Mass Production Cost Finder (tshirt, hoodie, cap, jogger etc..) - GuleGuleGiy Tshirt Hoodie Cap Jogger","isPartOf":{"@id":"https:\/\/gulegulegiy.com\/#website"},"datePublished":"2018-02-27T16:33:46+00:00","dateModified":"2025-04-23T11:05:04+00:00","breadcrumb":{"@id":"https:\/\/gulegulegiy.com\/en\/mass-production-cost-finder-tshirt-hoodie-cap-jogger-etc\/#breadcrumb"},"inLanguage":"en-US","potentialAction":[{"@type":"ReadAction","target":["https:\/\/gulegulegiy.com\/en\/mass-production-cost-finder-tshirt-hoodie-cap-jogger-etc\/"]}]},{"@type":"BreadcrumbList","@id":"https:\/\/gulegulegiy.com\/en\/mass-production-cost-finder-tshirt-hoodie-cap-jogger-etc\/#breadcrumb","itemListElement":[{"@type":"ListItem","position":1,"name":"Ana sayfa","item":"https:\/\/gulegulegiy.com\/en\/"},{"@type":"ListItem","position":2,"name":"Mass Production Cost Finder (tshirt, hoodie, cap, jogger etc..)"}]},{"@type":"WebSite","@id":"https:\/\/gulegulegiy.com\/#website","url":"https:\/\/gulegulegiy.com\/","name":"GuleGuleGiy Tshirt Hoodie Cap Jogger","description":"Tshirt, sweatshirt, hoodie, baseball cap, tank top, leggings, joggers, shorts","publisher":{"@id":"https:\/\/gulegulegiy.com\/#organization"},"potentialAction":[{"@type":"SearchAction","target":{"@type":"EntryPoint","urlTemplate":"https:\/\/gulegulegiy.com\/?s={search_term_string}"},"query-input":{"@type":"PropertyValueSpecification","valueRequired":true,"valueName":"search_term_string"}}],"inLanguage":"en-US"},{"@type":"Organization","@id":"https:\/\/gulegulegiy.com\/#organization","name":"G\u00fcleG\u00fclegiy.com","url":"https:\/\/gulegulegiy.com\/","logo":{"@type":"ImageObject","inLanguage":"en-US","@id":"https:\/\/gulegulegiy.com\/#\/schema\/logo\/image\/","url":"https:\/\/i2.wp.com\/gulegulegiy.com\/wp-content\/uploads\/2016\/08\/ggg-yatay-logo-yazili.png?fit=2207%2C400&ssl=1","contentUrl":"https:\/\/i2.wp.com\/gulegulegiy.com\/wp-content\/uploads\/2016\/08\/ggg-yatay-logo-yazili.png?fit=2207%2C400&ssl=1","width":2207,"height":400,"caption":"G\u00fcleG\u00fclegiy.com"},"image":{"@id":"https:\/\/gulegulegiy.com\/#\/schema\/logo\/image\/"},"sameAs":["https:\/\/www.facebook.com\/GuleGuleGiy\/","https:\/\/x.com\/gulegulegiy","https:\/\/twitter.com\/gulegulegiy","https:\/\/tr.pinterest.com\/gulegulegiy\/","https:\/\/www.youtube.com\/c\/GuleGuleGiy"]}]}},"jetpack_shortlink":"https:\/\/wp.me\/P7LoHW-4pD","jetpack_sharing_enabled":true,"_links":{"self":[{"href":"https:\/\/gulegulegiy.com\/en\/wp-json\/wp\/v2\/pages\/16965","targetHints":{"allow":["GET"]}}],"collection":[{"href":"https:\/\/gulegulegiy.com\/en\/wp-json\/wp\/v2\/pages"}],"about":[{"href":"https:\/\/gulegulegiy.com\/en\/wp-json\/wp\/v2\/types\/page"}],"author":[{"embeddable":true,"href":"https:\/\/gulegulegiy.com\/en\/wp-json\/wp\/v2\/users\/1"}],"replies":[{"embeddable":true,"href":"https:\/\/gulegulegiy.com\/en\/wp-json\/wp\/v2\/comments?post=16965"}],"version-history":[{"count":0,"href":"https:\/\/gulegulegiy.com\/en\/wp-json\/wp\/v2\/pages\/16965\/revisions"}],"wp:attachment":[{"href":"https:\/\/gulegulegiy.com\/en\/wp-json\/wp\/v2\/media?parent=16965"}],"curies":[{"name":"wp","href":"https:\/\/api.w.org\/{rel}","templated":true}]}}