{"id":16928,"date":"2017-02-09T11:28:19","date_gmt":"2017-02-09T11:28:19","guid":{"rendered":"https:\/\/gulegulegiy.com\/corporate\/bulk-order\/organic-fabric-tote-bags\/"},"modified":"2022-08-28T07:29:44","modified_gmt":"2022-08-28T07:29:44","slug":"organic-fabric-tote-bags","status":"publish","type":"page","link":"https:\/\/gulegulegiy.com\/en\/corporate\/bulk-order\/organic-fabric-tote-bags\/","title":{"rendered":"Organic Fabric Tote Bags"},"content":{"rendered":"<div class=\"wpb-content-wrapper\"><p>[vc_row][vc_column width=&#8221;1\/3&#8243;][vc_custom_heading text=&#8221;Organik Ham Bez \u00c7anta&#8221; google_fonts=&#8221;font_family:Open%20Sans%3A300%2C300italic%2Cregular%2Citalic%2C600%2C600italic%2C700%2C700italic%2C800%2C800italic|font_style:400%20regular%3A400%3Anormal&#8221;][vc_column_text]<\/p>\n<p align=\"justify\">Ham Bez \u00c7anta, ta\u015f\u0131ma yard\u0131mc\u0131s\u0131 \u015feklinde yayg\u0131n olarak kullan\u0131lan organik, \u00e7evreci bir \u00fcr\u00fcnd\u00fcr. Alternatif kuma\u015flar kullan\u0131larak farkl\u0131 \u00fcretim y\u00f6ntemleri ile de \u00fcretilebilir. \u0130\u00e7erisinde bulunan \u00fcr\u00fcnleri korurken, g\u00f6rsel uygulama ile estetik \u00f6zellik kazan\u0131r. Firman\u0131z\u0131n, toplulu\u011funuzun logosu, sembol\u00fc, slogan\u0131 ve benzeri tan\u0131t\u0131c\u0131 unsurlar\u0131n\u0131n bask\u0131s\u0131yla kendinizi belli etmenizi, reklam pazarlaman\u0131z\u0131 yapman\u0131z\u0131 sa\u011flar.<\/p>\n<p align=\"justify\">Ham bez \u00e7antalar\u0131n ma\u011fazac\u0131l\u0131k, promosyon, perakende sat\u0131\u015f ve benzeri pek \u00e7ok sekt\u00f6r kullan\u0131m alan\u0131 vard\u0131r. Her sekt\u00f6re g\u00f6re maliyet ve kalite a\u00e7\u0131s\u0131ndan uygun \u00e7\u00f6z\u00fcmler sunabilmekteyiz.<\/p>\n<p>[\/vc_column_text][\/vc_column][vc_column width=&#8221;1\/3&#8243;][vc_custom_heading text=&#8221;H\u0131zl\u0131 ve Ekonomik&#8221; google_fonts=&#8221;font_family:Open%20Sans%3A300%2C300italic%2Cregular%2Citalic%2C600%2C600italic%2C700%2C700italic%2C800%2C800italic|font_style:400%20regular%3A400%3Anormal&#8221;][vc_column_text]Organik Ham Bez \u00c7antalar\u0131, en az 10 adet olmas\u0131 kayd\u0131yla toplu sipari\u015flere \u00f6zel indirimli fiyatlarla alman\u0131z m\u00fcmk\u00fcnd\u00fcr. 100 adete kadar olan sipari\u015fleri 48 saat i\u00e7inde, rekabet\u00e7i maliyetlerle teslim edebilmekteyiz. Geli\u015fmi\u015f dijital bask\u0131 ekipmanlar\u0131m\u0131z sayesinde herhangi bir kal\u0131p \u00fccreti, renk ba\u015f\u0131 \u00fccretlendirme vb. yapmamaktay\u0131z. 100 adet \u00fczeri sipari\u015fleriniz i\u00e7in daha ekonomik, fakat \u00fcretim s\u00fcreci 1 haftay\u0131 bulabilen emprime bask\u0131 y\u00f6ntemimizi \u00f6nermekteyiz. Ham bez \u00e7antalar\u0131m\u0131z\u0131 standart \u00f6l\u00e7\u00fclerimizden farkl\u0131 \u00f6l\u00e7\u00fc, renk, kuma\u015f materyali, \u00f6zellikler vb. ile talep ederseniz, size \u00f6zel imalat \/ \u00fcretim yapmam\u0131z da m\u00fcmk\u00fcnd\u00fcr.[\/vc_column_text][\/vc_column][vc_column width=&#8221;1\/3&#8243;][vc_custom_heading text=&#8221;\u00d6zellikler&#8221; google_fonts=&#8221;font_family:Open%20Sans%3A300%2C300italic%2Cregular%2Citalic%2C600%2C600italic%2C700%2C700italic%2C800%2C800italic|font_style:400%20regular%3A400%3Anormal&#8221;][vc_column_text]Organik Ham Bez \u00e7antalar\u0131m\u0131zda standart olarak kulland\u0131\u011f\u0131m\u0131z kuma\u015flar\u0131m\u0131z\u0131n yakla\u015f\u0131k gramaj\u0131 145 gramd\u0131r, 46 tel ham bezdir ve do\u011fal bej rengindedir. En 38 cm, boy 43 cm ve sap k\u0131sm\u0131 ilaveten 27 cm&#8217;dir. Elde ta\u015f\u0131nabilir veya omuza as\u0131labilir.<\/p>\n<p>Talebinize g\u00f6re \u00f6zel olarak k\u00f6r\u00fckl\u00fc, ask\u0131l\u0131, b\u00fczg\u00fcl\u00fc, renkli kuma\u015ftan \u00fcretilmi\u015f vb. \u00e7anta \u00e7e\u015fitlerini de \u00fcretmemiz m\u00fcmk\u00fcnd\u00fcr. Stoklad\u0131\u011f\u0131m\u0131z ham bez \u00e7antalar harici talepleriniz oldu\u011funda teslim s\u00fcremiz 10 g\u00fcnd\u00fcr. Bask\u0131lar\u0131m\u0131z\u0131 dijital, emrpime ya da transfer bask\u0131 olarak yapabilmekteyiz. \u00d6zel bir bask\u0131 y\u00f6ntemi talebiniz varsa l\u00fctfen belirtiniz, yok ise i\u015finize en ideal oldu\u011funu d\u00fc\u015f\u00fcnd\u00fc\u011f\u00fcm\u00fcz y\u00f6ntem teklif edilecektir.<\/p>\n<p>[\/vc_column_text][\/vc_column][\/vc_row][vc_row][vc_column][vc_separator][vc_cta h2=&#8221;Fiyatlar ve Sipari\u015f&#8221; add_button=&#8221;right&#8221; btn_title=&#8221;\u0130leti\u015fim&#8221; btn_style=&#8221;flat&#8221; btn_color=&#8221;juicy-pink&#8221; btn_align=&#8221;center&#8221; btn_i_icon_fontawesome=&#8221;fa fa-comment&#8221; btn_add_icon=&#8221;true&#8221; btn_custom_onclick=&#8221;true&#8221; btn_link=&#8221;url:http%3A%2F%2Fgulegulegiy.com%2Filetisim%2F|||&#8221;]Promosyon kalitesi i\u00e7in min 250 adet, perakende kalitesi \u00fcr\u00fcnler i\u00e7in minimum 100 adet sipari\u015f kabul etmekteyiz. Toplu sipari\u015fler her bir tasar\u0131m\u0131n bask\u0131 adedine g\u00f6re fiyatland\u0131r\u0131lmaktad\u0131r. Birden fazla tasar\u0131m\u0131n bask\u0131s\u0131n\u0131 istiyorsan\u0131z, her tasar\u0131m\u0131n bask\u0131 adedine g\u00f6re fiyatland\u0131rma yap\u0131lacakt\u0131r.<\/p>\n<p>Emprime, serigrafi, DTG dijital , ofset transfer bask\u0131 se\u00e7enekleri mevcuttur. Hemen sipari\u015f i\u015flemlerine ba\u015flayabilmek i\u00e7in l\u00fctfen tasar\u0131m \u00f6rne\u011finizi, talep etti\u011finiz adedi bize ileti\u015fim formumuz arac\u0131l\u0131\u011f\u0131yla iletiniz. Tasar\u0131m\u0131n\u0131z haz\u0131r de\u011filse bu konuda da size hizmet vermemiz m\u00fcmk\u00fcnd\u00fcr, l\u00fctfen taleplerinizi iletiniz.[\/vc_cta][\/vc_column][\/vc_row][vc_row][vc_column width=&#8221;1\/3&#8243;][vc_single_image image=&#8221;15257&#8243; img_size=&#8221;full&#8221;][\/vc_column][vc_column width=&#8221;1\/3&#8243;][vc_single_image image=&#8221;15274&#8243; img_size=&#8221;full&#8221;][\/vc_column][vc_column width=&#8221;1\/3&#8243;][vc_single_image image=&#8221;15280&#8243; img_size=&#8221;full&#8221;][\/vc_column][\/vc_row][vc_row][vc_column][vc_column_text]organik ham bez \u00e7anta, 46 tel, 56 tel, promosyon \u00e7anta, kolon sapl\u0131 \u00e7anta, bask\u0131l\u0131 bask\u0131s\u0131z bez \u00e7anta, bej sar\u0131 mavi siyah beyaz k\u0131rm\u0131z\u0131 lacivert mor , plaj \u00e7antas\u0131, spor s\u0131rt \u00e7antas\u0131, ipli, kordonlu, ucuz, kaliteli, k\u00f6r\u00fckl\u00fc, b\u00fczg\u00fcl\u00fc, ask\u0131l\u0131, non wowen[\/vc_column_text][\/vc_column][\/vc_row]<\/p>\n<\/div>","protected":false},"excerpt":{"rendered":"<p>[vc_row][vc_column width=&#8221;1\/3&#8243;][vc_custom_heading text=&#8221;Organik Ham Bez \u00c7anta&#8221; google_fonts=&#8221;font_family:Open%20Sans%3A300%2C300italic%2Cregular%2Citalic%2C600%2C600italic%2C700%2C700italic%2C800%2C800italic|font_style:400%20regular%3A400%3Anormal&#8221;][vc_column_text] Ham Bez \u00c7anta, ta\u015f\u0131ma yard\u0131mc\u0131s\u0131 \u015feklinde yayg\u0131n olarak kullan\u0131lan organik, \u00e7evreci bir \u00fcr\u00fcnd\u00fcr. Alternatif kuma\u015flar kullan\u0131larak farkl\u0131 \u00fcretim y\u00f6ntemleri ile de \u00fcretilebilir. \u0130\u00e7erisinde bulunan \u00fcr\u00fcnleri korurken, g\u00f6rsel uygulama ile estetik \u00f6zellik kazan\u0131r. Firman\u0131z\u0131n, toplulu\u011funuzun logosu, sembol\u00fc, slogan\u0131 ve benzeri tan\u0131t\u0131c\u0131 unsurlar\u0131n\u0131n bask\u0131s\u0131yla kendinizi belli etmenizi, reklam pazarlaman\u0131z\u0131 yapman\u0131z\u0131 [&hellip;]<\/p>\n","protected":false},"author":1,"featured_media":0,"parent":16921,"menu_order":0,"comment_status":"closed","ping_status":"closed","template":"","meta":{"footnotes":""},"class_list":["post-16928","page","type-page","status-publish","hentry"],"yoast_head":"<!-- This site is optimized with the Yoast SEO plugin v26.4 - https:\/\/yoast.com\/wordpress\/plugins\/seo\/ -->\n<title>Organic Fabric Tote Bags - GuleGuleGiy Tshirt Hoodie Cap Jogger<\/title>\n<meta name=\"robots\" content=\"index, follow, max-snippet:-1, max-image-preview:large, max-video-preview:-1\" \/>\n<link rel=\"canonical\" href=\"https:\/\/gulegulegiy.com\/en\/corporate\/bulk-order\/organic-fabric-tote-bags\/\" \/>\n<meta property=\"og:locale\" content=\"en_US\" \/>\n<meta property=\"og:type\" content=\"article\" \/>\n<meta property=\"og:title\" content=\"Organic Fabric Tote Bags - GuleGuleGiy Tshirt Hoodie Cap Jogger\" \/>\n<meta property=\"og:description\" content=\"[vc_row][vc_column width=&#8221;1\/3&#8243;][vc_custom_heading text=&#8221;Organik Ham Bez \u00c7anta&#8221; google_fonts=&#8221;font_family:Open%20Sans%3A300%2C300italic%2Cregular%2Citalic%2C600%2C600italic%2C700%2C700italic%2C800%2C800italic|font_style:400%20regular%3A400%3Anormal&#8221;][vc_column_text] Ham Bez \u00c7anta, ta\u015f\u0131ma yard\u0131mc\u0131s\u0131 \u015feklinde yayg\u0131n olarak kullan\u0131lan organik, \u00e7evreci bir \u00fcr\u00fcnd\u00fcr. Alternatif kuma\u015flar kullan\u0131larak farkl\u0131 \u00fcretim y\u00f6ntemleri ile de \u00fcretilebilir. \u0130\u00e7erisinde bulunan \u00fcr\u00fcnleri korurken, g\u00f6rsel uygulama ile estetik \u00f6zellik kazan\u0131r. Firman\u0131z\u0131n, toplulu\u011funuzun logosu, sembol\u00fc, slogan\u0131 ve benzeri tan\u0131t\u0131c\u0131 unsurlar\u0131n\u0131n bask\u0131s\u0131yla kendinizi belli etmenizi, reklam pazarlaman\u0131z\u0131 yapman\u0131z\u0131 [&hellip;]\" \/>\n<meta property=\"og:url\" content=\"https:\/\/gulegulegiy.com\/en\/corporate\/bulk-order\/organic-fabric-tote-bags\/\" \/>\n<meta property=\"og:site_name\" content=\"GuleGuleGiy Tshirt Hoodie Cap Jogger\" \/>\n<meta property=\"article:publisher\" content=\"https:\/\/www.facebook.com\/GuleGuleGiy\/\" \/>\n<meta property=\"article:modified_time\" content=\"2022-08-28T07:29:44+00:00\" \/>\n<meta property=\"og:image\" content=\"https:\/\/i0.wp.com\/gulegulegiy.com\/wp-content\/uploads\/2016\/08\/ggg-dikey-logo-yazili.png?fit=1920%2C1022&ssl=1\" \/>\n\t<meta property=\"og:image:width\" content=\"1920\" \/>\n\t<meta property=\"og:image:height\" content=\"1022\" \/>\n\t<meta property=\"og:image:type\" content=\"image\/png\" \/>\n<meta name=\"twitter:card\" content=\"summary_large_image\" \/>\n<meta name=\"twitter:site\" content=\"@gulegulegiy\" \/>\n<meta name=\"twitter:label1\" content=\"Est. reading time\" \/>\n\t<meta name=\"twitter:data1\" content=\"4 minutes\" \/>\n<script type=\"application\/ld+json\" class=\"yoast-schema-graph\">{\"@context\":\"https:\/\/schema.org\",\"@graph\":[{\"@type\":\"WebPage\",\"@id\":\"https:\/\/gulegulegiy.com\/en\/corporate\/bulk-order\/organic-fabric-tote-bags\/\",\"url\":\"https:\/\/gulegulegiy.com\/en\/corporate\/bulk-order\/organic-fabric-tote-bags\/\",\"name\":\"Organic Fabric Tote Bags - GuleGuleGiy Tshirt Hoodie Cap Jogger\",\"isPartOf\":{\"@id\":\"https:\/\/gulegulegiy.com\/#website\"},\"datePublished\":\"2017-02-09T11:28:19+00:00\",\"dateModified\":\"2022-08-28T07:29:44+00:00\",\"breadcrumb\":{\"@id\":\"https:\/\/gulegulegiy.com\/en\/corporate\/bulk-order\/organic-fabric-tote-bags\/#breadcrumb\"},\"inLanguage\":\"en-US\",\"potentialAction\":[{\"@type\":\"ReadAction\",\"target\":[\"https:\/\/gulegulegiy.com\/en\/corporate\/bulk-order\/organic-fabric-tote-bags\/\"]}]},{\"@type\":\"BreadcrumbList\",\"@id\":\"https:\/\/gulegulegiy.com\/en\/corporate\/bulk-order\/organic-fabric-tote-bags\/#breadcrumb\",\"itemListElement\":[{\"@type\":\"ListItem\",\"position\":1,\"name\":\"Ana sayfa\",\"item\":\"https:\/\/gulegulegiy.com\/en\/\"},{\"@type\":\"ListItem\",\"position\":2,\"name\":\"Corporate Sales and Services\",\"item\":\"https:\/\/gulegulegiy.com\/en\/corporate\/\"},{\"@type\":\"ListItem\",\"position\":3,\"name\":\"Bulk Order\",\"item\":\"https:\/\/gulegulegiy.com\/en\/corporate\/bulk-order\/\"},{\"@type\":\"ListItem\",\"position\":4,\"name\":\"Organic Fabric Tote Bags\"}]},{\"@type\":\"WebSite\",\"@id\":\"https:\/\/gulegulegiy.com\/#website\",\"url\":\"https:\/\/gulegulegiy.com\/\",\"name\":\"GuleGuleGiy Tshirt Hoodie Cap Jogger\",\"description\":\"Tshirt, sweatshirt, hoodie, baseball cap, tank top, leggings, joggers, shorts\",\"publisher\":{\"@id\":\"https:\/\/gulegulegiy.com\/#organization\"},\"potentialAction\":[{\"@type\":\"SearchAction\",\"target\":{\"@type\":\"EntryPoint\",\"urlTemplate\":\"https:\/\/gulegulegiy.com\/?s={search_term_string}\"},\"query-input\":{\"@type\":\"PropertyValueSpecification\",\"valueRequired\":true,\"valueName\":\"search_term_string\"}}],\"inLanguage\":\"en-US\"},{\"@type\":\"Organization\",\"@id\":\"https:\/\/gulegulegiy.com\/#organization\",\"name\":\"G\u00fcleG\u00fclegiy.com\",\"url\":\"https:\/\/gulegulegiy.com\/\",\"logo\":{\"@type\":\"ImageObject\",\"inLanguage\":\"en-US\",\"@id\":\"https:\/\/gulegulegiy.com\/#\/schema\/logo\/image\/\",\"url\":\"https:\/\/i2.wp.com\/gulegulegiy.com\/wp-content\/uploads\/2016\/08\/ggg-yatay-logo-yazili.png?fit=2207%2C400&ssl=1\",\"contentUrl\":\"https:\/\/i2.wp.com\/gulegulegiy.com\/wp-content\/uploads\/2016\/08\/ggg-yatay-logo-yazili.png?fit=2207%2C400&ssl=1\",\"width\":2207,\"height\":400,\"caption\":\"G\u00fcleG\u00fclegiy.com\"},\"image\":{\"@id\":\"https:\/\/gulegulegiy.com\/#\/schema\/logo\/image\/\"},\"sameAs\":[\"https:\/\/www.facebook.com\/GuleGuleGiy\/\",\"https:\/\/x.com\/gulegulegiy\",\"https:\/\/twitter.com\/gulegulegiy\",\"https:\/\/tr.pinterest.com\/gulegulegiy\/\",\"https:\/\/www.youtube.com\/c\/GuleGuleGiy\"]}]}<\/script>\n<!-- \/ Yoast SEO plugin. -->","yoast_head_json":{"title":"Organic Fabric Tote Bags - GuleGuleGiy Tshirt Hoodie Cap Jogger","robots":{"index":"index","follow":"follow","max-snippet":"max-snippet:-1","max-image-preview":"max-image-preview:large","max-video-preview":"max-video-preview:-1"},"canonical":"https:\/\/gulegulegiy.com\/en\/corporate\/bulk-order\/organic-fabric-tote-bags\/","og_locale":"en_US","og_type":"article","og_title":"Organic Fabric Tote Bags - GuleGuleGiy Tshirt Hoodie Cap Jogger","og_description":"[vc_row][vc_column width=&#8221;1\/3&#8243;][vc_custom_heading text=&#8221;Organik Ham Bez \u00c7anta&#8221; google_fonts=&#8221;font_family:Open%20Sans%3A300%2C300italic%2Cregular%2Citalic%2C600%2C600italic%2C700%2C700italic%2C800%2C800italic|font_style:400%20regular%3A400%3Anormal&#8221;][vc_column_text] Ham Bez \u00c7anta, ta\u015f\u0131ma yard\u0131mc\u0131s\u0131 \u015feklinde yayg\u0131n olarak kullan\u0131lan organik, \u00e7evreci bir \u00fcr\u00fcnd\u00fcr. Alternatif kuma\u015flar kullan\u0131larak farkl\u0131 \u00fcretim y\u00f6ntemleri ile de \u00fcretilebilir. \u0130\u00e7erisinde bulunan \u00fcr\u00fcnleri korurken, g\u00f6rsel uygulama ile estetik \u00f6zellik kazan\u0131r. Firman\u0131z\u0131n, toplulu\u011funuzun logosu, sembol\u00fc, slogan\u0131 ve benzeri tan\u0131t\u0131c\u0131 unsurlar\u0131n\u0131n bask\u0131s\u0131yla kendinizi belli etmenizi, reklam pazarlaman\u0131z\u0131 yapman\u0131z\u0131 [&hellip;]","og_url":"https:\/\/gulegulegiy.com\/en\/corporate\/bulk-order\/organic-fabric-tote-bags\/","og_site_name":"GuleGuleGiy Tshirt Hoodie Cap Jogger","article_publisher":"https:\/\/www.facebook.com\/GuleGuleGiy\/","article_modified_time":"2022-08-28T07:29:44+00:00","og_image":[{"width":1920,"height":1022,"url":"https:\/\/i0.wp.com\/gulegulegiy.com\/wp-content\/uploads\/2016\/08\/ggg-dikey-logo-yazili.png?fit=1920%2C1022&ssl=1","type":"image\/png"}],"twitter_card":"summary_large_image","twitter_site":"@gulegulegiy","twitter_misc":{"Est. reading time":"4 minutes"},"schema":{"@context":"https:\/\/schema.org","@graph":[{"@type":"WebPage","@id":"https:\/\/gulegulegiy.com\/en\/corporate\/bulk-order\/organic-fabric-tote-bags\/","url":"https:\/\/gulegulegiy.com\/en\/corporate\/bulk-order\/organic-fabric-tote-bags\/","name":"Organic Fabric Tote Bags - GuleGuleGiy Tshirt Hoodie Cap Jogger","isPartOf":{"@id":"https:\/\/gulegulegiy.com\/#website"},"datePublished":"2017-02-09T11:28:19+00:00","dateModified":"2022-08-28T07:29:44+00:00","breadcrumb":{"@id":"https:\/\/gulegulegiy.com\/en\/corporate\/bulk-order\/organic-fabric-tote-bags\/#breadcrumb"},"inLanguage":"en-US","potentialAction":[{"@type":"ReadAction","target":["https:\/\/gulegulegiy.com\/en\/corporate\/bulk-order\/organic-fabric-tote-bags\/"]}]},{"@type":"BreadcrumbList","@id":"https:\/\/gulegulegiy.com\/en\/corporate\/bulk-order\/organic-fabric-tote-bags\/#breadcrumb","itemListElement":[{"@type":"ListItem","position":1,"name":"Ana sayfa","item":"https:\/\/gulegulegiy.com\/en\/"},{"@type":"ListItem","position":2,"name":"Corporate Sales and Services","item":"https:\/\/gulegulegiy.com\/en\/corporate\/"},{"@type":"ListItem","position":3,"name":"Bulk Order","item":"https:\/\/gulegulegiy.com\/en\/corporate\/bulk-order\/"},{"@type":"ListItem","position":4,"name":"Organic Fabric Tote Bags"}]},{"@type":"WebSite","@id":"https:\/\/gulegulegiy.com\/#website","url":"https:\/\/gulegulegiy.com\/","name":"GuleGuleGiy Tshirt Hoodie Cap Jogger","description":"Tshirt, sweatshirt, hoodie, baseball cap, tank top, leggings, joggers, shorts","publisher":{"@id":"https:\/\/gulegulegiy.com\/#organization"},"potentialAction":[{"@type":"SearchAction","target":{"@type":"EntryPoint","urlTemplate":"https:\/\/gulegulegiy.com\/?s={search_term_string}"},"query-input":{"@type":"PropertyValueSpecification","valueRequired":true,"valueName":"search_term_string"}}],"inLanguage":"en-US"},{"@type":"Organization","@id":"https:\/\/gulegulegiy.com\/#organization","name":"G\u00fcleG\u00fclegiy.com","url":"https:\/\/gulegulegiy.com\/","logo":{"@type":"ImageObject","inLanguage":"en-US","@id":"https:\/\/gulegulegiy.com\/#\/schema\/logo\/image\/","url":"https:\/\/i2.wp.com\/gulegulegiy.com\/wp-content\/uploads\/2016\/08\/ggg-yatay-logo-yazili.png?fit=2207%2C400&ssl=1","contentUrl":"https:\/\/i2.wp.com\/gulegulegiy.com\/wp-content\/uploads\/2016\/08\/ggg-yatay-logo-yazili.png?fit=2207%2C400&ssl=1","width":2207,"height":400,"caption":"G\u00fcleG\u00fclegiy.com"},"image":{"@id":"https:\/\/gulegulegiy.com\/#\/schema\/logo\/image\/"},"sameAs":["https:\/\/www.facebook.com\/GuleGuleGiy\/","https:\/\/x.com\/gulegulegiy","https:\/\/twitter.com\/gulegulegiy","https:\/\/tr.pinterest.com\/gulegulegiy\/","https:\/\/www.youtube.com\/c\/GuleGuleGiy"]}]}},"jetpack_shortlink":"https:\/\/wp.me\/P7LoHW-4p2","jetpack_sharing_enabled":true,"_links":{"self":[{"href":"https:\/\/gulegulegiy.com\/en\/wp-json\/wp\/v2\/pages\/16928","targetHints":{"allow":["GET"]}}],"collection":[{"href":"https:\/\/gulegulegiy.com\/en\/wp-json\/wp\/v2\/pages"}],"about":[{"href":"https:\/\/gulegulegiy.com\/en\/wp-json\/wp\/v2\/types\/page"}],"author":[{"embeddable":true,"href":"https:\/\/gulegulegiy.com\/en\/wp-json\/wp\/v2\/users\/1"}],"replies":[{"embeddable":true,"href":"https:\/\/gulegulegiy.com\/en\/wp-json\/wp\/v2\/comments?post=16928"}],"version-history":[{"count":0,"href":"https:\/\/gulegulegiy.com\/en\/wp-json\/wp\/v2\/pages\/16928\/revisions"}],"up":[{"embeddable":true,"href":"https:\/\/gulegulegiy.com\/en\/wp-json\/wp\/v2\/pages\/16921"}],"wp:attachment":[{"href":"https:\/\/gulegulegiy.com\/en\/wp-json\/wp\/v2\/media?parent=16928"}],"curies":[{"name":"wp","href":"https:\/\/api.w.org\/{rel}","templated":true}]}}