{"id":16824,"date":"2017-10-22T18:54:07","date_gmt":"2017-10-22T18:54:07","guid":{"rendered":"https:\/\/gulegulegiy.com\/shop\/sales-points\/"},"modified":"2022-08-25T12:46:03","modified_gmt":"2022-08-25T12:46:03","slug":"sales-points","status":"publish","type":"page","link":"https:\/\/gulegulegiy.com\/en\/shop\/sales-points\/","title":{"rendered":"Sales Points"},"content":{"rendered":"<div class=\"wpb-content-wrapper\"><p>[vc_row][vc_column width=&#8221;1\/3&#8243;][vc_column_text]<\/p>\n<div id='gallery-1' class='gallery galleryid-16824 gallery-columns-1 gallery-size-large'><figure class='gallery-item'>\n\t\t\t<div class='gallery-icon portrait'>\n\t\t\t\t<a href=\"https:\/\/i0.wp.com\/gulegulegiy.com\/wp-content\/uploads\/2017\/10\/gulegulegiy_satis_noktalari_magaza_bayii_-13.jpg?ssl=1\"><img decoding=\"async\" width=\"577\" height=\"1024\" src=\"https:\/\/i0.wp.com\/gulegulegiy.com\/wp-content\/uploads\/2017\/10\/gulegulegiy_satis_noktalari_magaza_bayii_-13.jpg?fit=577%2C1024&amp;ssl=1\" class=\"attachment-large size-large\" alt=\"\" \/><\/a>\n\t\t\t<\/div><\/figure><figure class='gallery-item'>\n\t\t\t<div class='gallery-icon portrait'>\n\t\t\t\t<a href=\"https:\/\/i0.wp.com\/gulegulegiy.com\/wp-content\/uploads\/2017\/10\/gulegulegiy_satis_noktalari_magaza_bayii_-5.jpg?ssl=1\"><img decoding=\"async\" width=\"565\" height=\"754\" src=\"https:\/\/i0.wp.com\/gulegulegiy.com\/wp-content\/uploads\/2017\/10\/gulegulegiy_satis_noktalari_magaza_bayii_-5.jpg?fit=565%2C754&amp;ssl=1\" class=\"attachment-large size-large\" alt=\"\" \/><\/a>\n\t\t\t<\/div><\/figure><figure class='gallery-item'>\n\t\t\t<div class='gallery-icon portrait'>\n\t\t\t\t<a href=\"https:\/\/i0.wp.com\/gulegulegiy.com\/wp-content\/uploads\/2017\/10\/gulegulegiy_satis_noktalari_magaza_bayii_-2.jpg?ssl=1\"><img decoding=\"async\" width=\"570\" height=\"759\" src=\"https:\/\/i0.wp.com\/gulegulegiy.com\/wp-content\/uploads\/2017\/10\/gulegulegiy_satis_noktalari_magaza_bayii_-2.jpg?fit=570%2C759&amp;ssl=1\" class=\"attachment-large size-large\" alt=\"\" \/><\/a>\n\t\t\t<\/div><\/figure><figure class='gallery-item'>\n\t\t\t<div class='gallery-icon portrait'>\n\t\t\t\t<a href=\"https:\/\/i0.wp.com\/gulegulegiy.com\/wp-content\/uploads\/2017\/10\/gulegulegiy_satis_noktalari_magaza_bayii_-12.jpg?ssl=1\"><img decoding=\"async\" width=\"679\" height=\"906\" src=\"https:\/\/i0.wp.com\/gulegulegiy.com\/wp-content\/uploads\/2017\/10\/gulegulegiy_satis_noktalari_magaza_bayii_-12.jpg?fit=679%2C906&amp;ssl=1\" class=\"attachment-large size-large\" alt=\"\" srcset=\"https:\/\/i0.wp.com\/gulegulegiy.com\/wp-content\/uploads\/2017\/10\/gulegulegiy_satis_noktalari_magaza_bayii_-12.jpg?w=679&amp;ssl=1 679w, https:\/\/i0.wp.com\/gulegulegiy.com\/wp-content\/uploads\/2017\/10\/gulegulegiy_satis_noktalari_magaza_bayii_-12.jpg?resize=600%2C801&amp;ssl=1 600w\" sizes=\"(max-width: 679px) 100vw, 679px\" \/><\/a>\n\t\t\t<\/div><\/figure><figure class='gallery-item'>\n\t\t\t<div class='gallery-icon portrait'>\n\t\t\t\t<a href=\"https:\/\/i0.wp.com\/gulegulegiy.com\/wp-content\/uploads\/2017\/10\/gulegulegiy_satis_noktalari_magaza_bayii_-1.jpg?ssl=1\"><img decoding=\"async\" width=\"535\" height=\"714\" src=\"https:\/\/i0.wp.com\/gulegulegiy.com\/wp-content\/uploads\/2017\/10\/gulegulegiy_satis_noktalari_magaza_bayii_-1.jpg?fit=535%2C714&amp;ssl=1\" class=\"attachment-large size-large\" alt=\"\" \/><\/a>\n\t\t\t<\/div><\/figure><figure class='gallery-item'>\n\t\t\t<div class='gallery-icon portrait'>\n\t\t\t\t<a href=\"https:\/\/i0.wp.com\/gulegulegiy.com\/wp-content\/uploads\/2017\/10\/gulegulegiy_satis_noktalari_magaza_bayii_-9.jpg?ssl=1\"><img decoding=\"async\" width=\"675\" height=\"900\" src=\"https:\/\/i0.wp.com\/gulegulegiy.com\/wp-content\/uploads\/2017\/10\/gulegulegiy_satis_noktalari_magaza_bayii_-9.jpg?fit=675%2C900&amp;ssl=1\" class=\"attachment-large size-large\" alt=\"\" srcset=\"https:\/\/i0.wp.com\/gulegulegiy.com\/wp-content\/uploads\/2017\/10\/gulegulegiy_satis_noktalari_magaza_bayii_-9.jpg?w=675&amp;ssl=1 675w, https:\/\/i0.wp.com\/gulegulegiy.com\/wp-content\/uploads\/2017\/10\/gulegulegiy_satis_noktalari_magaza_bayii_-9.jpg?resize=600%2C800&amp;ssl=1 600w\" sizes=\"(max-width: 675px) 100vw, 675px\" \/><\/a>\n\t\t\t<\/div><\/figure><figure class='gallery-item'>\n\t\t\t<div class='gallery-icon portrait'>\n\t\t\t\t<a href=\"https:\/\/i0.wp.com\/gulegulegiy.com\/wp-content\/uploads\/2017\/10\/gulegulegiy_satis_noktalari_magaza_bayii_-4.jpg?ssl=1\"><img decoding=\"async\" width=\"542\" height=\"962\" src=\"https:\/\/i0.wp.com\/gulegulegiy.com\/wp-content\/uploads\/2017\/10\/gulegulegiy_satis_noktalari_magaza_bayii_-4.jpg?fit=542%2C962&amp;ssl=1\" class=\"attachment-large size-large\" alt=\"\" \/><\/a>\n\t\t\t<\/div><\/figure><figure class='gallery-item'>\n\t\t\t<div class='gallery-icon portrait'>\n\t\t\t\t<a href=\"https:\/\/i0.wp.com\/gulegulegiy.com\/wp-content\/uploads\/2017\/10\/gulegulegiy_satis_noktalari_magaza_bayii_-6.jpg?ssl=1\"><img decoding=\"async\" width=\"480\" height=\"639\" src=\"https:\/\/i0.wp.com\/gulegulegiy.com\/wp-content\/uploads\/2017\/10\/gulegulegiy_satis_noktalari_magaza_bayii_-6.jpg?fit=480%2C639&amp;ssl=1\" class=\"attachment-large size-large\" alt=\"\" \/><\/a>\n\t\t\t<\/div><\/figure><figure class='gallery-item'>\n\t\t\t<div class='gallery-icon portrait'>\n\t\t\t\t<a href=\"https:\/\/i0.wp.com\/gulegulegiy.com\/wp-content\/uploads\/2017\/10\/gulegulegiy_satis_noktalari_magaza_bayii_-8.jpg?ssl=1\"><img decoding=\"async\" width=\"576\" height=\"1024\" src=\"https:\/\/i0.wp.com\/gulegulegiy.com\/wp-content\/uploads\/2017\/10\/gulegulegiy_satis_noktalari_magaza_bayii_-8.jpg?fit=576%2C1024&amp;ssl=1\" class=\"attachment-large size-large\" alt=\"\" \/><\/a>\n\t\t\t<\/div><\/figure><figure class='gallery-item'>\n\t\t\t<div class='gallery-icon portrait'>\n\t\t\t\t<a href=\"https:\/\/i0.wp.com\/gulegulegiy.com\/wp-content\/uploads\/2017\/10\/gulegulegiy_satis_noktalari_magaza_bayii_-11.jpg?ssl=1\"><img decoding=\"async\" width=\"677\" height=\"903\" src=\"https:\/\/i0.wp.com\/gulegulegiy.com\/wp-content\/uploads\/2017\/10\/gulegulegiy_satis_noktalari_magaza_bayii_-11.jpg?fit=677%2C903&amp;ssl=1\" class=\"attachment-large size-large\" alt=\"\" srcset=\"https:\/\/i0.wp.com\/gulegulegiy.com\/wp-content\/uploads\/2017\/10\/gulegulegiy_satis_noktalari_magaza_bayii_-11.jpg?w=677&amp;ssl=1 677w, https:\/\/i0.wp.com\/gulegulegiy.com\/wp-content\/uploads\/2017\/10\/gulegulegiy_satis_noktalari_magaza_bayii_-11.jpg?resize=600%2C800&amp;ssl=1 600w\" sizes=\"(max-width: 677px) 100vw, 677px\" \/><\/a>\n\t\t\t<\/div><\/figure><figure class='gallery-item'>\n\t\t\t<div class='gallery-icon portrait'>\n\t\t\t\t<a href=\"https:\/\/i0.wp.com\/gulegulegiy.com\/wp-content\/uploads\/2017\/10\/gulegulegiy_satis_noktalari_magaza_bayii_-7.jpg?ssl=1\"><img decoding=\"async\" width=\"529\" height=\"940\" src=\"https:\/\/i0.wp.com\/gulegulegiy.com\/wp-content\/uploads\/2017\/10\/gulegulegiy_satis_noktalari_magaza_bayii_-7.jpg?fit=529%2C940&amp;ssl=1\" class=\"attachment-large size-large\" alt=\"\" \/><\/a>\n\t\t\t<\/div><\/figure><figure class='gallery-item'>\n\t\t\t<div class='gallery-icon portrait'>\n\t\t\t\t<a href=\"https:\/\/i0.wp.com\/gulegulegiy.com\/wp-content\/uploads\/2017\/10\/gulegulegiy_satis_noktalari_magaza_bayii_-3.jpg?ssl=1\"><img decoding=\"async\" width=\"622\" height=\"829\" src=\"https:\/\/i0.wp.com\/gulegulegiy.com\/wp-content\/uploads\/2017\/10\/gulegulegiy_satis_noktalari_magaza_bayii_-3.jpg?fit=622%2C829&amp;ssl=1\" class=\"attachment-large size-large\" alt=\"\" srcset=\"https:\/\/i0.wp.com\/gulegulegiy.com\/wp-content\/uploads\/2017\/10\/gulegulegiy_satis_noktalari_magaza_bayii_-3.jpg?w=622&amp;ssl=1 622w, https:\/\/i0.wp.com\/gulegulegiy.com\/wp-content\/uploads\/2017\/10\/gulegulegiy_satis_noktalari_magaza_bayii_-3.jpg?resize=600%2C800&amp;ssl=1 600w\" sizes=\"(max-width: 622px) 100vw, 622px\" \/><\/a>\n\t\t\t<\/div><\/figure><figure class='gallery-item'>\n\t\t\t<div class='gallery-icon portrait'>\n\t\t\t\t<a href=\"https:\/\/i0.wp.com\/gulegulegiy.com\/wp-content\/uploads\/2017\/10\/gulegulegiy_satis_noktalari_magaza_bayii_-10.jpg?ssl=1\"><img decoding=\"async\" width=\"675\" height=\"901\" src=\"https:\/\/i0.wp.com\/gulegulegiy.com\/wp-content\/uploads\/2017\/10\/gulegulegiy_satis_noktalari_magaza_bayii_-10.jpg?fit=675%2C901&amp;ssl=1\" class=\"attachment-large size-large\" alt=\"\" srcset=\"https:\/\/i0.wp.com\/gulegulegiy.com\/wp-content\/uploads\/2017\/10\/gulegulegiy_satis_noktalari_magaza_bayii_-10.jpg?w=675&amp;ssl=1 675w, https:\/\/i0.wp.com\/gulegulegiy.com\/wp-content\/uploads\/2017\/10\/gulegulegiy_satis_noktalari_magaza_bayii_-10.jpg?resize=600%2C801&amp;ssl=1 600w\" sizes=\"(max-width: 675px) 100vw, 675px\" \/><\/a>\n\t\t\t<\/div><\/figure>\n\t\t<\/div>\n\n<p>[\/vc_column_text][\/vc_column][vc_column width=&#8221;1\/3&#8243;][vc_custom_heading text=&#8221;Sales Points&#8221; google_fonts=&#8221;font_family:Open%20Sans%3A300%2C300italic%2Cregular%2Citalic%2C600%2C600italic%2C700%2C700italic%2C800%2C800italic|font_style:400%20regular%3A400%3Anormal&#8221;][vc_column_text]GuleGuleGiy sale points are select stores that stock our products for retail. Our campaigns would not be valid a sales points and not all of our products are promised to be in stock at sales points. You can call the retails stores to check if the product you want is stocked there, if not you can ask them to stock it for you.[\/vc_column_text][\/vc_column][vc_column width=&#8221;1\/3&#8243;][vc_custom_heading text=&#8221;To be our sales point;&#8221; google_fonts=&#8221;font_family:Open%20Sans%3A300%2C300italic%2Cregular%2Citalic%2C600%2C600italic%2C700%2C700italic%2C800%2C800italic|font_style:400%20regular%3A400%3Anormal&#8221;][vc_column_text]To stock our products and be one of our sales points, please contact us and let us know about your store and your needs. We offer many advantages to our sales points and become real partner. We do not aim to sell you, but aim to sell with you.[\/vc_column_text][\/vc_column][\/vc_row][vc_row][vc_column][vc_column_text]<span style=\"color: #008080;\">Our sales points do not offer and bulk sale, production services. They are not informed and can not inform you about any of our <strong>private label production<\/strong> services. If you need manufacturing services, you can only take support from our management office.<\/span>[\/vc_column_text][vc_separator][\/vc_column][\/vc_row][vc_row][vc_column width=&#8221;1\/3&#8243;][vc_single_image image=&#8221;15969&#8243; img_size=&#8221;medium&#8221; alignment=&#8221;center&#8221;][vc_custom_heading text=&#8221;\u0130stanbul&#8221; font_container=&#8221;tag:h3|text_align:left&#8221; google_fonts=&#8221;font_family:Open%20Sans%3A300%2C300italic%2Cregular%2Citalic%2C600%2C600italic%2C700%2C700italic%2C800%2C800italic|font_style:400%20regular%3A400%3Anormal&#8221;][vc_column_text]\u0130stanbul Teknik \u00dcniversitesi &#8211; Ayaza\u011fa Kamp\u00fcs\u00fc &#8211; ARI MOLA Kar\u015f\u0131s\u0131<\/p>\n<p>\u0130stanbul \u00dcniversitesi &#8211; Beyaz\u0131t Kamp\u00fcs\u00fc &#8211; Giri\u015f Kap\u0131s\u0131 Oto Y\u0131kama Yan\u0131<\/p>\n<p>\u0130stanbul \u00dcniversitesi &#8211; Avc\u0131lar Kamp\u00fcs\u00fc &#8211; \u0130\u015fletme Fak\u00fcltesi Kar\u015f\u0131s\u0131<\/p>\n<p>Y\u0131ld\u0131z Teknik \u00dcniversitesi &#8211; Davutpa\u015fa Kamp\u00fcs\u00fc &#8211; Ana Yemekhane Yan\u0131<\/p>\n<p>\u00d6zye\u011fin \u00dcniversitesi &#8211; \u00c7ekmek\u00f6y Kamp\u00fcs\u00fc &#8211; \u00d6\u011frenci Merkezi Binas\u0131[\/vc_column_text][\/vc_column][vc_column width=&#8221;1\/3&#8243;][vc_custom_heading text=&#8221;\u0130zmir&#8221; font_container=&#8221;tag:h3|text_align:left&#8221; google_fonts=&#8221;font_family:Open%20Sans%3A300%2C300italic%2Cregular%2Citalic%2C600%2C600italic%2C700%2C700italic%2C800%2C800italic|font_style:400%20regular%3A400%3Anormal&#8221;][vc_column_text]Dokuz Eyl\u00fcl \u00dcniversitesi &#8211; T\u0131naztepe Kamp\u00fcs\u00fc &#8211; University Park Aktivite Merkezi \u0130\u00e7i[\/vc_column_text][vc_custom_heading text=&#8221;Ankara&#8221; font_container=&#8221;tag:h3|text_align:left&#8221; google_fonts=&#8221;font_family:Open%20Sans%3A300%2C300italic%2Cregular%2Citalic%2C600%2C600italic%2C700%2C700italic%2C800%2C800italic|font_style:400%20regular%3A400%3Anormal&#8221;][vc_column_text]Hacettepe \u00dcniversitesi &#8211; S\u0131hhiye &#8211; Eczac\u0131l\u0131k Fak\u00fcltesi Kar\u015f\u0131s\u0131<\/p>\n<p>Hacettepe \u00dcniversitesi &#8211; Beytepe &#8211; \u00d6\u011frenci Evleri Kar\u015f\u0131s\u0131[\/vc_column_text][vc_custom_heading text=&#8221;Bal\u0131kesir&#8221; font_container=&#8221;tag:h3|text_align:left&#8221; google_fonts=&#8221;font_family:Open%20Sans%3A300%2C300italic%2Cregular%2Citalic%2C600%2C600italic%2C700%2C700italic%2C800%2C800italic|font_style:400%20regular%3A400%3Anormal&#8221;][vc_column_text]Bal\u0131kesir \u00dcniversitesi &#8211; Residorm \u00d6\u011frenci Ya\u015fam Merkezi Yan\u0131[\/vc_column_text][vc_custom_heading text=&#8221;Antalya&#8221; font_container=&#8221;tag:h3|text_align:left&#8221; google_fonts=&#8221;font_family:Open%20Sans%3A300%2C300italic%2Cregular%2Citalic%2C600%2C600italic%2C700%2C700italic%2C800%2C800italic|font_style:400%20regular%3A400%3Anormal&#8221;][vc_column_text]Akdeniz \u00dcniversitesi &#8211; Dumlup\u0131nar Bulvar\u0131[\/vc_column_text][\/vc_column][vc_column width=&#8221;1\/3&#8243;][vc_custom_heading text=&#8221;Eski\u015fehir&#8221; font_container=&#8221;tag:h3|text_align:left&#8221; google_fonts=&#8221;font_family:Open%20Sans%3A300%2C300italic%2Cregular%2Citalic%2C600%2C600italic%2C700%2C700italic%2C800%2C800italic|font_style:400%20regular%3A400%3Anormal&#8221;][vc_column_text]Osmangazi \u00dcniversitesi &#8211; \u00c7ar\u015f\u0131 Merkez<\/p>\n<p>Anadolu \u00dcniversitesi &#8211; Rekt\u00f6rl\u00fck Binas\u0131 \u00c7ar\u015f\u0131s\u0131[\/vc_column_text][vc_custom_heading text=&#8221;\u00c7anakkale&#8221; font_container=&#8221;tag:h3|text_align:left&#8221; google_fonts=&#8221;font_family:Open%20Sans%3A300%2C300italic%2Cregular%2Citalic%2C600%2C600italic%2C700%2C700italic%2C800%2C800italic|font_style:400%20regular%3A400%3Anormal&#8221;][vc_column_text]Onsekiz Mart \u00dcniversitesi &#8211; Terzio\u011flu Yerle\u015fkesi[\/vc_column_text][vc_custom_heading text=&#8221;Trabzon&#8221; font_container=&#8221;tag:h3|text_align:left&#8221; google_fonts=&#8221;font_family:Open%20Sans%3A300%2C300italic%2Cregular%2Citalic%2C600%2C600italic%2C700%2C700italic%2C800%2C800italic|font_style:400%20regular%3A400%3Anormal&#8221;][vc_column_text]Karadeniz Teknik \u00dcniversitesi &#8211; Kanuni Kamps\u00fc &#8211; Vak\u0131fbank Yan\u0131[\/vc_column_text][vc_custom_heading text=&#8221;K\u0131r\u0131kkale&#8221; font_container=&#8221;tag:h3|text_align:left&#8221; google_fonts=&#8221;font_family:Open%20Sans%3A300%2C300italic%2Cregular%2Citalic%2C600%2C600italic%2C700%2C700italic%2C800%2C800italic|font_style:400%20regular%3A400%3Anormal&#8221;][vc_column_text]K\u0131r\u0131kkale \u00dcniversitesi &#8211; \u015eok Market Kar\u015f\u0131s\u0131[\/vc_column_text][\/vc_column][\/vc_row][vc_row][vc_column][vc_cta h2=&#8221;Contact us to be one of our sales points&#8221; add_button=&#8221;right&#8221; btn_title=&#8221;Contact&#8221; btn_style=&#8221;flat&#8221; btn_color=&#8221;juicy-pink&#8221; btn_align=&#8221;center&#8221; btn_i_icon_fontawesome=&#8221;fa fa-comment&#8221; btn_add_icon=&#8221;true&#8221; btn_custom_onclick=&#8221;true&#8221; btn_link=&#8221;url:http%3A%2F%2Fgulegulegiy.com%2Filetisim%2F|&#8221;]You can reach us to be one of our sales points, to giva bulk production order to take advantage of our other corporate services. You can find more details to our services and products at this page; <a href=\"https:\/\/gulegulegiy.com\/en\/corporate\/\">Corporate<\/a>[\/vc_cta][vc_column_text]basic tshirt, fleece fabric, %100 cotton, certified production, gots, quality, logo printed, manufacturer, producer, caps production, hip hop baseball classic cap, single jersey,long sleeve, hoodie[\/vc_column_text][\/vc_column][\/vc_row]<\/p>\n<\/div>","protected":false},"excerpt":{"rendered":"<p>[vc_row][vc_column width=&#8221;1\/3&#8243;][vc_column_text] [\/vc_column_text][\/vc_column][vc_column width=&#8221;1\/3&#8243;][vc_custom_heading text=&#8221;Sales Points&#8221; google_fonts=&#8221;font_family:Open%20Sans%3A300%2C300italic%2Cregular%2Citalic%2C600%2C600italic%2C700%2C700italic%2C800%2C800italic|font_style:400%20regular%3A400%3Anormal&#8221;][vc_column_text]GuleGuleGiy sale points are select stores that stock our products for retail. Our campaigns would not be valid a sales points and not all of our products are promised to be in stock at sales points. You can call the retails stores to check if the product you want [&hellip;]<\/p>\n","protected":false},"author":1,"featured_media":0,"parent":16759,"menu_order":0,"comment_status":"closed","ping_status":"closed","template":"","meta":{"footnotes":""},"class_list":["post-16824","page","type-page","status-publish","hentry"],"yoast_head":"<!-- This site is optimized with the Yoast SEO plugin v27.4 - https:\/\/yoast.com\/product\/yoast-seo-wordpress\/ -->\n<title>Sales Points - GuleGuleGiy Tshirt Hoodie Cap Jogger<\/title>\n<meta name=\"robots\" content=\"index, follow, max-snippet:-1, max-image-preview:large, max-video-preview:-1\" \/>\n<link rel=\"canonical\" href=\"https:\/\/gulegulegiy.com\/en\/shop\/sales-points\/\" \/>\n<meta property=\"og:locale\" content=\"en_US\" \/>\n<meta property=\"og:type\" content=\"article\" \/>\n<meta property=\"og:title\" content=\"Sales Points - GuleGuleGiy Tshirt Hoodie Cap Jogger\" \/>\n<meta property=\"og:description\" content=\"[vc_row][vc_column width=&#8221;1\/3&#8243;][vc_column_text] [\/vc_column_text][\/vc_column][vc_column width=&#8221;1\/3&#8243;][vc_custom_heading text=&#8221;Sales Points&#8221; google_fonts=&#8221;font_family:Open%20Sans%3A300%2C300italic%2Cregular%2Citalic%2C600%2C600italic%2C700%2C700italic%2C800%2C800italic|font_style:400%20regular%3A400%3Anormal&#8221;][vc_column_text]GuleGuleGiy sale points are select stores that stock our products for retail. Our campaigns would not be valid a sales points and not all of our products are promised to be in stock at sales points. You can call the retails stores to check if the product you want [&hellip;]\" \/>\n<meta property=\"og:url\" content=\"https:\/\/gulegulegiy.com\/en\/shop\/sales-points\/\" \/>\n<meta property=\"og:site_name\" content=\"GuleGuleGiy Tshirt Hoodie Cap Jogger\" \/>\n<meta property=\"article:publisher\" content=\"https:\/\/www.facebook.com\/GuleGuleGiy\/\" \/>\n<meta property=\"article:modified_time\" content=\"2022-08-25T12:46:03+00:00\" \/>\n<meta property=\"og:image\" content=\"https:\/\/i0.wp.com\/gulegulegiy.com\/wp-content\/uploads\/2016\/08\/ggg-dikey-logo-yazili.png?fit=1920%2C1022&ssl=1\" \/>\n\t<meta property=\"og:image:width\" content=\"1920\" \/>\n\t<meta property=\"og:image:height\" content=\"1022\" \/>\n\t<meta property=\"og:image:type\" content=\"image\/png\" \/>\n<meta name=\"twitter:card\" content=\"summary_large_image\" \/>\n<meta name=\"twitter:site\" content=\"@gulegulegiy\" \/>\n<meta name=\"twitter:label1\" content=\"Est. reading time\" \/>\n\t<meta name=\"twitter:data1\" content=\"5 minutes\" \/>\n<script type=\"application\/ld+json\" class=\"yoast-schema-graph\">{\"@context\":\"https:\\\/\\\/schema.org\",\"@graph\":[{\"@type\":\"WebPage\",\"@id\":\"https:\\\/\\\/gulegulegiy.com\\\/en\\\/shop\\\/sales-points\\\/\",\"url\":\"https:\\\/\\\/gulegulegiy.com\\\/en\\\/shop\\\/sales-points\\\/\",\"name\":\"Sales Points - GuleGuleGiy Tshirt Hoodie Cap Jogger\",\"isPartOf\":{\"@id\":\"https:\\\/\\\/gulegulegiy.com\\\/#website\"},\"datePublished\":\"2017-10-22T18:54:07+00:00\",\"dateModified\":\"2022-08-25T12:46:03+00:00\",\"breadcrumb\":{\"@id\":\"https:\\\/\\\/gulegulegiy.com\\\/en\\\/shop\\\/sales-points\\\/#breadcrumb\"},\"inLanguage\":\"en-US\",\"potentialAction\":[{\"@type\":\"ReadAction\",\"target\":[\"https:\\\/\\\/gulegulegiy.com\\\/en\\\/shop\\\/sales-points\\\/\"]}]},{\"@type\":\"BreadcrumbList\",\"@id\":\"https:\\\/\\\/gulegulegiy.com\\\/en\\\/shop\\\/sales-points\\\/#breadcrumb\",\"itemListElement\":[{\"@type\":\"ListItem\",\"position\":1,\"name\":\"Ana sayfa\",\"item\":\"https:\\\/\\\/gulegulegiy.com\\\/en\\\/\"},{\"@type\":\"ListItem\",\"position\":2,\"name\":\"Shop\",\"item\":\"https:\\\/\\\/gulegulegiy.com\\\/en\\\/shop\\\/\"},{\"@type\":\"ListItem\",\"position\":3,\"name\":\"Sales Points\"}]},{\"@type\":\"WebSite\",\"@id\":\"https:\\\/\\\/gulegulegiy.com\\\/#website\",\"url\":\"https:\\\/\\\/gulegulegiy.com\\\/\",\"name\":\"GuleGuleGiy Tshirt Hoodie Cap Jogger\",\"description\":\"Tshirt, sweatshirt, hoodie, baseball cap, tank top, leggings, joggers, shorts\",\"publisher\":{\"@id\":\"https:\\\/\\\/gulegulegiy.com\\\/#organization\"},\"potentialAction\":[{\"@type\":\"SearchAction\",\"target\":{\"@type\":\"EntryPoint\",\"urlTemplate\":\"https:\\\/\\\/gulegulegiy.com\\\/?s={search_term_string}\"},\"query-input\":{\"@type\":\"PropertyValueSpecification\",\"valueRequired\":true,\"valueName\":\"search_term_string\"}}],\"inLanguage\":\"en-US\"},{\"@type\":\"Organization\",\"@id\":\"https:\\\/\\\/gulegulegiy.com\\\/#organization\",\"name\":\"G\u00fcleG\u00fclegiy.com\",\"url\":\"https:\\\/\\\/gulegulegiy.com\\\/\",\"logo\":{\"@type\":\"ImageObject\",\"inLanguage\":\"en-US\",\"@id\":\"https:\\\/\\\/gulegulegiy.com\\\/#\\\/schema\\\/logo\\\/image\\\/\",\"url\":\"https:\\\/\\\/i2.wp.com\\\/gulegulegiy.com\\\/wp-content\\\/uploads\\\/2016\\\/08\\\/ggg-yatay-logo-yazili.png?fit=2207%2C400&ssl=1\",\"contentUrl\":\"https:\\\/\\\/i2.wp.com\\\/gulegulegiy.com\\\/wp-content\\\/uploads\\\/2016\\\/08\\\/ggg-yatay-logo-yazili.png?fit=2207%2C400&ssl=1\",\"width\":2207,\"height\":400,\"caption\":\"G\u00fcleG\u00fclegiy.com\"},\"image\":{\"@id\":\"https:\\\/\\\/gulegulegiy.com\\\/#\\\/schema\\\/logo\\\/image\\\/\"},\"sameAs\":[\"https:\\\/\\\/www.facebook.com\\\/GuleGuleGiy\\\/\",\"https:\\\/\\\/x.com\\\/gulegulegiy\",\"https:\\\/\\\/twitter.com\\\/gulegulegiy\",\"https:\\\/\\\/tr.pinterest.com\\\/gulegulegiy\\\/\",\"https:\\\/\\\/www.youtube.com\\\/c\\\/GuleGuleGiy\"]}]}<\/script>\n<!-- \/ Yoast SEO plugin. -->","yoast_head_json":{"title":"Sales Points - GuleGuleGiy Tshirt Hoodie Cap Jogger","robots":{"index":"index","follow":"follow","max-snippet":"max-snippet:-1","max-image-preview":"max-image-preview:large","max-video-preview":"max-video-preview:-1"},"canonical":"https:\/\/gulegulegiy.com\/en\/shop\/sales-points\/","og_locale":"en_US","og_type":"article","og_title":"Sales Points - GuleGuleGiy Tshirt Hoodie Cap Jogger","og_description":"[vc_row][vc_column width=&#8221;1\/3&#8243;][vc_column_text] [\/vc_column_text][\/vc_column][vc_column width=&#8221;1\/3&#8243;][vc_custom_heading text=&#8221;Sales Points&#8221; google_fonts=&#8221;font_family:Open%20Sans%3A300%2C300italic%2Cregular%2Citalic%2C600%2C600italic%2C700%2C700italic%2C800%2C800italic|font_style:400%20regular%3A400%3Anormal&#8221;][vc_column_text]GuleGuleGiy sale points are select stores that stock our products for retail. Our campaigns would not be valid a sales points and not all of our products are promised to be in stock at sales points. You can call the retails stores to check if the product you want [&hellip;]","og_url":"https:\/\/gulegulegiy.com\/en\/shop\/sales-points\/","og_site_name":"GuleGuleGiy Tshirt Hoodie Cap Jogger","article_publisher":"https:\/\/www.facebook.com\/GuleGuleGiy\/","article_modified_time":"2022-08-25T12:46:03+00:00","og_image":[{"width":1920,"height":1022,"url":"https:\/\/i0.wp.com\/gulegulegiy.com\/wp-content\/uploads\/2016\/08\/ggg-dikey-logo-yazili.png?fit=1920%2C1022&ssl=1","type":"image\/png"}],"twitter_card":"summary_large_image","twitter_site":"@gulegulegiy","twitter_misc":{"Est. reading time":"5 minutes"},"schema":{"@context":"https:\/\/schema.org","@graph":[{"@type":"WebPage","@id":"https:\/\/gulegulegiy.com\/en\/shop\/sales-points\/","url":"https:\/\/gulegulegiy.com\/en\/shop\/sales-points\/","name":"Sales Points - GuleGuleGiy Tshirt Hoodie Cap Jogger","isPartOf":{"@id":"https:\/\/gulegulegiy.com\/#website"},"datePublished":"2017-10-22T18:54:07+00:00","dateModified":"2022-08-25T12:46:03+00:00","breadcrumb":{"@id":"https:\/\/gulegulegiy.com\/en\/shop\/sales-points\/#breadcrumb"},"inLanguage":"en-US","potentialAction":[{"@type":"ReadAction","target":["https:\/\/gulegulegiy.com\/en\/shop\/sales-points\/"]}]},{"@type":"BreadcrumbList","@id":"https:\/\/gulegulegiy.com\/en\/shop\/sales-points\/#breadcrumb","itemListElement":[{"@type":"ListItem","position":1,"name":"Ana sayfa","item":"https:\/\/gulegulegiy.com\/en\/"},{"@type":"ListItem","position":2,"name":"Shop","item":"https:\/\/gulegulegiy.com\/en\/shop\/"},{"@type":"ListItem","position":3,"name":"Sales Points"}]},{"@type":"WebSite","@id":"https:\/\/gulegulegiy.com\/#website","url":"https:\/\/gulegulegiy.com\/","name":"GuleGuleGiy Tshirt Hoodie Cap Jogger","description":"Tshirt, sweatshirt, hoodie, baseball cap, tank top, leggings, joggers, shorts","publisher":{"@id":"https:\/\/gulegulegiy.com\/#organization"},"potentialAction":[{"@type":"SearchAction","target":{"@type":"EntryPoint","urlTemplate":"https:\/\/gulegulegiy.com\/?s={search_term_string}"},"query-input":{"@type":"PropertyValueSpecification","valueRequired":true,"valueName":"search_term_string"}}],"inLanguage":"en-US"},{"@type":"Organization","@id":"https:\/\/gulegulegiy.com\/#organization","name":"G\u00fcleG\u00fclegiy.com","url":"https:\/\/gulegulegiy.com\/","logo":{"@type":"ImageObject","inLanguage":"en-US","@id":"https:\/\/gulegulegiy.com\/#\/schema\/logo\/image\/","url":"https:\/\/i2.wp.com\/gulegulegiy.com\/wp-content\/uploads\/2016\/08\/ggg-yatay-logo-yazili.png?fit=2207%2C400&ssl=1","contentUrl":"https:\/\/i2.wp.com\/gulegulegiy.com\/wp-content\/uploads\/2016\/08\/ggg-yatay-logo-yazili.png?fit=2207%2C400&ssl=1","width":2207,"height":400,"caption":"G\u00fcleG\u00fclegiy.com"},"image":{"@id":"https:\/\/gulegulegiy.com\/#\/schema\/logo\/image\/"},"sameAs":["https:\/\/www.facebook.com\/GuleGuleGiy\/","https:\/\/x.com\/gulegulegiy","https:\/\/twitter.com\/gulegulegiy","https:\/\/tr.pinterest.com\/gulegulegiy\/","https:\/\/www.youtube.com\/c\/GuleGuleGiy"]}]}},"jetpack_shortlink":"https:\/\/wp.me\/P7LoHW-4nm","jetpack_sharing_enabled":true,"_links":{"self":[{"href":"https:\/\/gulegulegiy.com\/en\/wp-json\/wp\/v2\/pages\/16824","targetHints":{"allow":["GET"]}}],"collection":[{"href":"https:\/\/gulegulegiy.com\/en\/wp-json\/wp\/v2\/pages"}],"about":[{"href":"https:\/\/gulegulegiy.com\/en\/wp-json\/wp\/v2\/types\/page"}],"author":[{"embeddable":true,"href":"https:\/\/gulegulegiy.com\/en\/wp-json\/wp\/v2\/users\/1"}],"replies":[{"embeddable":true,"href":"https:\/\/gulegulegiy.com\/en\/wp-json\/wp\/v2\/comments?post=16824"}],"version-history":[{"count":0,"href":"https:\/\/gulegulegiy.com\/en\/wp-json\/wp\/v2\/pages\/16824\/revisions"}],"up":[{"embeddable":true,"href":"https:\/\/gulegulegiy.com\/en\/wp-json\/wp\/v2\/pages\/16759"}],"wp:attachment":[{"href":"https:\/\/gulegulegiy.com\/en\/wp-json\/wp\/v2\/media?parent=16824"}],"curies":[{"name":"wp","href":"https:\/\/api.w.org\/{rel}","templated":true}]}}