{"id":16816,"date":"2019-11-12T06:51:33","date_gmt":"2019-11-12T06:51:33","guid":{"rendered":"https:\/\/gulegulegiy.com\/size\/"},"modified":"2022-08-24T17:07:31","modified_gmt":"2022-08-24T17:07:31","slug":"size","status":"publish","type":"page","link":"https:\/\/gulegulegiy.com\/en\/size\/","title":{"rendered":"Size Guides"},"content":{"rendered":"<div class=\"wpb-content-wrapper\"><p>[vc_row][vc_column][vc_column_text]<strong>Size Guides<\/strong><\/p>\n<p>We would like to remind you that all measurements can differ +\/- 1 cm because of hand laboring. These guides are our general guides however special models can have different guides. Please remember to always check the size guide that shows up on the product page you are interested in.[\/vc_column_text][\/vc_column][\/vc_row][vc_row text_align=&#8221;center&#8221;][vc_column width=&#8221;1\/2&#8243;]<div class=\"porto-lightbox  wpb_content_element\" data-appear-animation=\"pulse\"> <a href=\"https:\/\/www.youtube.com\/watch?v=rJB3UHgOI_k\" title=\"Measuring your size for womans ;\" class=\"porto-popup-iframe btn btn-lg btn-tertiary\">Measuring your size for womans ;<\/a> <\/div>[\/vc_column][vc_column width=&#8221;1\/2&#8243;]<div class=\"porto-lightbox  wpb_content_element\" data-appear-animation=\"pulse\"> <a href=\"https:\/\/www.youtube.com\/watch?v=b6FHmKNpO8w\" title=\"Measuring your size for man;\" class=\"porto-popup-iframe btn btn-lg btn-tertiary\">Measuring your size for man;<\/a> <\/div>[\/vc_column][\/vc_row][vc_row][vc_column width=&#8221;1\/2&#8243;][vc_column_text]<div id=\"ct_size_guide-2356\" class=\"ct-size-guide\"><h2 class=\"sg_title\">Ti\u015f\u00f6rt Beden Tablosu<\/h2><hr><div class=\"sg_content\"> <p><img data-recalc-dims=\"1\" decoding=\"async\" class=\"wp-image-10485 size-full alignleft\" src=\"https:\/\/i0.wp.com\/gulegulegiy.com\/wp-content\/uploads\/2019\/06\/beden-tablosu-ggg-bay-bayan-genel.png?resize=190%2C190&#038;ssl=1\" alt=\"\" width=\"190\" height=\"190\" \/>L\u00fctfen bedeninizi a\u015fa\u011f\u0131daki tablodan kontrol ederek do\u011fru se\u00e7ti\u011finizden emin olurunuz. Bay ve bayan bedenleri de\u011fi\u015fmektedir. Yandaki resimde g\u00f6r\u00fcld\u00fc\u011f\u00fc gibi; y\u00fckseklik (A) \u00f6l\u00e7\u00fcs\u00fc; yaka ile omuzun birle\u015fti\u011fi noktadan en alt noktaya kadar olan mesafeyi, geni\u015flik (B) \u00f6l\u00e7\u00fcs\u00fc; koltuk alt\u0131ndan di\u011fer koltuk alt\u0131na kadar olan mesafeyi (d\u00fcz zeminde \u00f6l\u00e7\u00fcld\u00fc\u011f\u00fcnde) g\u00f6sterir, +\/- 1 cm oynama olabilir.<\/p>\n<\/div><div style=\"clear:both;\"><\/div><hr><h4 class=\"ct_table_title\">Beden \u00d6l\u00e7\u00fcleri Tablosu<\/h4><div class=\"ct_table_container\"><table class=\"ct-size-guide--NonResponsive ct-table-hovers\"><tr><th>Beden<\/th><th>X-Small<\/th><th>Small<\/th><th>Medium<\/th><th>Large<\/th><th>X-Large<\/th><th>XX-Large<\/th><\/tr><tr><th>Erkek A (cm, y\u00fckseklik)<\/th><td>66<\/td><td>69<\/td><td>71<\/td><td>73<\/td><td>75<\/td><td>77<\/td><\/tr><tr><th>Erkek B (cm, geni\u015flik)<\/th><td>47<\/td><td>50<\/td><td>53<\/td><td>56<\/td><td>59<\/td><td>62<\/td><\/tr><tr><th>Kad\u0131n A (cm, y\u00fckseklik)<\/th><td>60<\/td><td>62<\/td><td>64<\/td><td>66<\/td><td>68<\/td><td>70<\/td><\/tr><tr><th>Kad\u0131n B (cm, geni\u015flik)<\/th><td>42<\/td><td>45<\/td><td>48<\/td><td>51<\/td><td>54<\/td><td>57<\/td><\/tr><\/table><\/div><\/div>[\/vc_column_text][\/vc_column][vc_column width=&#8221;1\/2&#8243;][vc_column_text]<div id=\"ct_size_guide-10735\" class=\"ct-size-guide\"><h2 class=\"sg_title\">Sweatshirt - Hoodie Bedenleri<\/h2><hr><div class=\"sg_content\"> <p><img data-recalc-dims=\"1\" decoding=\"async\" class=\"size-medium wp-image-10736 alignleft\" src=\"https:\/\/i0.wp.com\/gulegulegiy.com\/wp-content\/uploads\/2019\/07\/hoodie-beden-tablosu-gulegulegiy.png?resize=281%2C300&#038;ssl=1\" alt=\"\" width=\"281\" height=\"300\" \/>L\u00fctfen bedeninizi a\u015fa\u011f\u0131daki tablodan kontrol ederek do\u011fru se\u00e7ti\u011finizden emin olurunuz. Sweatshirt - hoodie 'lerimiz Unisex 'tir. Baz\u0131 modellerde S-M-L-XL-XXL yerine 1-2-3 ortak bedenler kullan\u0131lmaktad\u0131r, tabloda g\u00f6sterilmi\u015ftir.\u00a0 Yandaki resimde g\u00f6r\u00fcld\u00fc\u011f\u00fc gibi; geni\u015flik (A) \u00f6l\u00e7\u00fcs\u00fc; koltuk alt\u0131ndan di\u011fer koltuk alt\u0131na kadar olan mesafeyi (d\u00fcz zeminde \u00f6l\u00e7\u00fcld\u00fc\u011f\u00fcnde), y\u00fckseklik (B) \u00f6l\u00e7\u00fcs\u00fc; yaka ile omuzun birle\u015fti\u011fi noktadan en alt noktaya kadar olan mesafeyi g\u00f6sterir, +\/- 1 cm oynama olabilir.<\/p>\n<\/div><div style=\"clear:both;\"><\/div><hr><h4 class=\"ct_table_title\">Beden \u00d6l\u00e7\u00fcleri Tablosu<\/h4><div class=\"ct_table_container\"><table class=\"ct-size-guide--NonResponsive ct-table-hovers\"><tr><th>Beden<\/th><th>XS<\/th><th>S (1)<\/th><th>M<\/th><th>L (2)<\/th><th>XL<\/th><th>XXL (3)<\/th><\/tr><tr><th>A (cm, geni\u015flik)<\/th><td>47<\/td><td>50<\/td><td>53<\/td><td>56<\/td><td>59<\/td><td>62<\/td><\/tr><tr><th>B (cm, y\u00fckseklik)<\/th><td>68<\/td><td>70<\/td><td>72<\/td><td>74<\/td><td>76<\/td><td>78<\/td><\/tr><\/table><\/div><\/div>[\/vc_column_text][\/vc_column][\/vc_row][vc_row][vc_column width=&#8221;1\/2&#8243;][vc_column_text]<strong>Caps<\/strong><\/p>\n<p>One size fits all with adjustable from the back.[\/vc_column_text][\/vc_column][vc_column width=&#8221;1\/2&#8243;][\/vc_column][\/vc_row]<\/p>\n<\/div>","protected":false},"excerpt":{"rendered":"<p>[vc_row][vc_column][vc_column_text]Size Guides We would like to remind you that all measurements can differ +\/- 1 cm because of hand laboring. These guides are our general guides however special models can have different guides. Please remember to always check the size guide that shows up on the product page you are interested in.[\/vc_column_text][\/vc_column][\/vc_row][vc_row text_align=&#8221;center&#8221;][vc_column width=&#8221;1\/2&#8243;][\/vc_column][vc_column width=&#8221;1\/2&#8243;][\/vc_column][\/vc_row][vc_row][vc_column [&hellip;]<\/p>\n","protected":false},"author":1,"featured_media":0,"parent":0,"menu_order":0,"comment_status":"closed","ping_status":"closed","template":"","meta":{"footnotes":""},"class_list":["post-16816","page","type-page","status-publish","hentry"],"yoast_head":"<!-- This site is optimized with the Yoast SEO plugin v27.4 - https:\/\/yoast.com\/product\/yoast-seo-wordpress\/ -->\n<title>Size Guides - GuleGuleGiy Tshirt Hoodie Cap Jogger<\/title>\n<meta name=\"robots\" content=\"index, follow, max-snippet:-1, max-image-preview:large, max-video-preview:-1\" \/>\n<link rel=\"canonical\" href=\"https:\/\/gulegulegiy.com\/en\/size\/\" \/>\n<meta property=\"og:locale\" content=\"en_US\" \/>\n<meta property=\"og:type\" content=\"article\" \/>\n<meta property=\"og:title\" content=\"Size Guides - GuleGuleGiy Tshirt Hoodie Cap Jogger\" \/>\n<meta property=\"og:description\" content=\"[vc_row][vc_column][vc_column_text]Size Guides We would like to remind you that all measurements can differ +\/- 1 cm because of hand laboring. These guides are our general guides however special models can have different guides. Please remember to always check the size guide that shows up on the product page you are interested in.[\/vc_column_text][\/vc_column][\/vc_row][vc_row text_align=&#8221;center&#8221;][vc_column width=&#8221;1\/2&#8243;][\/vc_column][vc_column width=&#8221;1\/2&#8243;][\/vc_column][\/vc_row][vc_row][vc_column [&hellip;]\" \/>\n<meta property=\"og:url\" content=\"https:\/\/gulegulegiy.com\/en\/size\/\" \/>\n<meta property=\"og:site_name\" content=\"GuleGuleGiy Tshirt Hoodie Cap Jogger\" \/>\n<meta property=\"article:publisher\" content=\"https:\/\/www.facebook.com\/GuleGuleGiy\/\" \/>\n<meta property=\"article:modified_time\" content=\"2022-08-24T17:07:31+00:00\" \/>\n<meta property=\"og:image\" content=\"https:\/\/i0.wp.com\/gulegulegiy.com\/wp-content\/uploads\/2016\/08\/ggg-dikey-logo-yazili.png?fit=1920%2C1022&ssl=1\" \/>\n\t<meta property=\"og:image:width\" content=\"1920\" \/>\n\t<meta property=\"og:image:height\" content=\"1022\" \/>\n\t<meta property=\"og:image:type\" content=\"image\/png\" \/>\n<meta name=\"twitter:card\" content=\"summary_large_image\" \/>\n<meta name=\"twitter:site\" content=\"@gulegulegiy\" \/>\n<meta name=\"twitter:label1\" content=\"Est. reading time\" \/>\n\t<meta name=\"twitter:data1\" content=\"1 minute\" \/>\n<script type=\"application\/ld+json\" class=\"yoast-schema-graph\">{\"@context\":\"https:\\\/\\\/schema.org\",\"@graph\":[{\"@type\":\"WebPage\",\"@id\":\"https:\\\/\\\/gulegulegiy.com\\\/en\\\/size\\\/\",\"url\":\"https:\\\/\\\/gulegulegiy.com\\\/en\\\/size\\\/\",\"name\":\"Size Guides - GuleGuleGiy Tshirt Hoodie Cap Jogger\",\"isPartOf\":{\"@id\":\"https:\\\/\\\/gulegulegiy.com\\\/#website\"},\"datePublished\":\"2019-11-12T06:51:33+00:00\",\"dateModified\":\"2022-08-24T17:07:31+00:00\",\"breadcrumb\":{\"@id\":\"https:\\\/\\\/gulegulegiy.com\\\/en\\\/size\\\/#breadcrumb\"},\"inLanguage\":\"en-US\",\"potentialAction\":[{\"@type\":\"ReadAction\",\"target\":[\"https:\\\/\\\/gulegulegiy.com\\\/en\\\/size\\\/\"]}]},{\"@type\":\"BreadcrumbList\",\"@id\":\"https:\\\/\\\/gulegulegiy.com\\\/en\\\/size\\\/#breadcrumb\",\"itemListElement\":[{\"@type\":\"ListItem\",\"position\":1,\"name\":\"Ana sayfa\",\"item\":\"https:\\\/\\\/gulegulegiy.com\\\/en\\\/\"},{\"@type\":\"ListItem\",\"position\":2,\"name\":\"Size Guides\"}]},{\"@type\":\"WebSite\",\"@id\":\"https:\\\/\\\/gulegulegiy.com\\\/#website\",\"url\":\"https:\\\/\\\/gulegulegiy.com\\\/\",\"name\":\"GuleGuleGiy Tshirt Hoodie Cap Jogger\",\"description\":\"Tshirt, sweatshirt, hoodie, baseball cap, tank top, leggings, joggers, shorts\",\"publisher\":{\"@id\":\"https:\\\/\\\/gulegulegiy.com\\\/#organization\"},\"potentialAction\":[{\"@type\":\"SearchAction\",\"target\":{\"@type\":\"EntryPoint\",\"urlTemplate\":\"https:\\\/\\\/gulegulegiy.com\\\/?s={search_term_string}\"},\"query-input\":{\"@type\":\"PropertyValueSpecification\",\"valueRequired\":true,\"valueName\":\"search_term_string\"}}],\"inLanguage\":\"en-US\"},{\"@type\":\"Organization\",\"@id\":\"https:\\\/\\\/gulegulegiy.com\\\/#organization\",\"name\":\"G\u00fcleG\u00fclegiy.com\",\"url\":\"https:\\\/\\\/gulegulegiy.com\\\/\",\"logo\":{\"@type\":\"ImageObject\",\"inLanguage\":\"en-US\",\"@id\":\"https:\\\/\\\/gulegulegiy.com\\\/#\\\/schema\\\/logo\\\/image\\\/\",\"url\":\"https:\\\/\\\/i2.wp.com\\\/gulegulegiy.com\\\/wp-content\\\/uploads\\\/2016\\\/08\\\/ggg-yatay-logo-yazili.png?fit=2207%2C400&ssl=1\",\"contentUrl\":\"https:\\\/\\\/i2.wp.com\\\/gulegulegiy.com\\\/wp-content\\\/uploads\\\/2016\\\/08\\\/ggg-yatay-logo-yazili.png?fit=2207%2C400&ssl=1\",\"width\":2207,\"height\":400,\"caption\":\"G\u00fcleG\u00fclegiy.com\"},\"image\":{\"@id\":\"https:\\\/\\\/gulegulegiy.com\\\/#\\\/schema\\\/logo\\\/image\\\/\"},\"sameAs\":[\"https:\\\/\\\/www.facebook.com\\\/GuleGuleGiy\\\/\",\"https:\\\/\\\/x.com\\\/gulegulegiy\",\"https:\\\/\\\/twitter.com\\\/gulegulegiy\",\"https:\\\/\\\/tr.pinterest.com\\\/gulegulegiy\\\/\",\"https:\\\/\\\/www.youtube.com\\\/c\\\/GuleGuleGiy\"]}]}<\/script>\n<!-- \/ Yoast SEO plugin. -->","yoast_head_json":{"title":"Size Guides - GuleGuleGiy Tshirt Hoodie Cap Jogger","robots":{"index":"index","follow":"follow","max-snippet":"max-snippet:-1","max-image-preview":"max-image-preview:large","max-video-preview":"max-video-preview:-1"},"canonical":"https:\/\/gulegulegiy.com\/en\/size\/","og_locale":"en_US","og_type":"article","og_title":"Size Guides - GuleGuleGiy Tshirt Hoodie Cap Jogger","og_description":"[vc_row][vc_column][vc_column_text]Size Guides We would like to remind you that all measurements can differ +\/- 1 cm because of hand laboring. These guides are our general guides however special models can have different guides. Please remember to always check the size guide that shows up on the product page you are interested in.[\/vc_column_text][\/vc_column][\/vc_row][vc_row text_align=&#8221;center&#8221;][vc_column width=&#8221;1\/2&#8243;][\/vc_column][vc_column width=&#8221;1\/2&#8243;][\/vc_column][\/vc_row][vc_row][vc_column [&hellip;]","og_url":"https:\/\/gulegulegiy.com\/en\/size\/","og_site_name":"GuleGuleGiy Tshirt Hoodie Cap Jogger","article_publisher":"https:\/\/www.facebook.com\/GuleGuleGiy\/","article_modified_time":"2022-08-24T17:07:31+00:00","og_image":[{"width":1920,"height":1022,"url":"https:\/\/i0.wp.com\/gulegulegiy.com\/wp-content\/uploads\/2016\/08\/ggg-dikey-logo-yazili.png?fit=1920%2C1022&ssl=1","type":"image\/png"}],"twitter_card":"summary_large_image","twitter_site":"@gulegulegiy","twitter_misc":{"Est. reading time":"1 minute"},"schema":{"@context":"https:\/\/schema.org","@graph":[{"@type":"WebPage","@id":"https:\/\/gulegulegiy.com\/en\/size\/","url":"https:\/\/gulegulegiy.com\/en\/size\/","name":"Size Guides - GuleGuleGiy Tshirt Hoodie Cap Jogger","isPartOf":{"@id":"https:\/\/gulegulegiy.com\/#website"},"datePublished":"2019-11-12T06:51:33+00:00","dateModified":"2022-08-24T17:07:31+00:00","breadcrumb":{"@id":"https:\/\/gulegulegiy.com\/en\/size\/#breadcrumb"},"inLanguage":"en-US","potentialAction":[{"@type":"ReadAction","target":["https:\/\/gulegulegiy.com\/en\/size\/"]}]},{"@type":"BreadcrumbList","@id":"https:\/\/gulegulegiy.com\/en\/size\/#breadcrumb","itemListElement":[{"@type":"ListItem","position":1,"name":"Ana sayfa","item":"https:\/\/gulegulegiy.com\/en\/"},{"@type":"ListItem","position":2,"name":"Size Guides"}]},{"@type":"WebSite","@id":"https:\/\/gulegulegiy.com\/#website","url":"https:\/\/gulegulegiy.com\/","name":"GuleGuleGiy Tshirt Hoodie Cap Jogger","description":"Tshirt, sweatshirt, hoodie, baseball cap, tank top, leggings, joggers, shorts","publisher":{"@id":"https:\/\/gulegulegiy.com\/#organization"},"potentialAction":[{"@type":"SearchAction","target":{"@type":"EntryPoint","urlTemplate":"https:\/\/gulegulegiy.com\/?s={search_term_string}"},"query-input":{"@type":"PropertyValueSpecification","valueRequired":true,"valueName":"search_term_string"}}],"inLanguage":"en-US"},{"@type":"Organization","@id":"https:\/\/gulegulegiy.com\/#organization","name":"G\u00fcleG\u00fclegiy.com","url":"https:\/\/gulegulegiy.com\/","logo":{"@type":"ImageObject","inLanguage":"en-US","@id":"https:\/\/gulegulegiy.com\/#\/schema\/logo\/image\/","url":"https:\/\/i2.wp.com\/gulegulegiy.com\/wp-content\/uploads\/2016\/08\/ggg-yatay-logo-yazili.png?fit=2207%2C400&ssl=1","contentUrl":"https:\/\/i2.wp.com\/gulegulegiy.com\/wp-content\/uploads\/2016\/08\/ggg-yatay-logo-yazili.png?fit=2207%2C400&ssl=1","width":2207,"height":400,"caption":"G\u00fcleG\u00fclegiy.com"},"image":{"@id":"https:\/\/gulegulegiy.com\/#\/schema\/logo\/image\/"},"sameAs":["https:\/\/www.facebook.com\/GuleGuleGiy\/","https:\/\/x.com\/gulegulegiy","https:\/\/twitter.com\/gulegulegiy","https:\/\/tr.pinterest.com\/gulegulegiy\/","https:\/\/www.youtube.com\/c\/GuleGuleGiy"]}]}},"jetpack_shortlink":"https:\/\/wp.me\/P7LoHW-4ne","jetpack_sharing_enabled":true,"_links":{"self":[{"href":"https:\/\/gulegulegiy.com\/en\/wp-json\/wp\/v2\/pages\/16816","targetHints":{"allow":["GET"]}}],"collection":[{"href":"https:\/\/gulegulegiy.com\/en\/wp-json\/wp\/v2\/pages"}],"about":[{"href":"https:\/\/gulegulegiy.com\/en\/wp-json\/wp\/v2\/types\/page"}],"author":[{"embeddable":true,"href":"https:\/\/gulegulegiy.com\/en\/wp-json\/wp\/v2\/users\/1"}],"replies":[{"embeddable":true,"href":"https:\/\/gulegulegiy.com\/en\/wp-json\/wp\/v2\/comments?post=16816"}],"version-history":[{"count":0,"href":"https:\/\/gulegulegiy.com\/en\/wp-json\/wp\/v2\/pages\/16816\/revisions"}],"wp:attachment":[{"href":"https:\/\/gulegulegiy.com\/en\/wp-json\/wp\/v2\/media?parent=16816"}],"curies":[{"name":"wp","href":"https:\/\/api.w.org\/{rel}","templated":true}]}}